{"id":2002,"date":"2025-12-17T15:42:53","date_gmt":"2025-12-17T15:42:53","guid":{"rendered":"https:\/\/www.justus.plus\/?page_id=2002"},"modified":"2025-12-17T15:46:20","modified_gmt":"2025-12-17T15:46:20","slug":"losmachen","status":"publish","type":"page","link":"https:\/\/www.justus.plus\/de\/losmachen\/","title":{"rendered":"losmachen"},"content":{"rendered":"<div class=\"wp-block-columns is-layout-flex wp-container-core-columns-is-layout-ee72f570 wp-block-columns-is-layout-flex\" style=\"padding-top:30vh;padding-bottom:5vh\">\n<div class=\"wp-block-column is-layout-flow wp-block-column-is-layout-flow\" style=\"padding-top:24px;flex-basis:33.33%\">\n<p class=\"has-martian-mono-font-family\" style=\"padding-top:0px;padding-right:8%;padding-bottom:40px;font-size:14px\">losmachen.org<br>2025<br>WordPress<br><\/p>\n<\/div>\n\n\n\n<div class=\"wp-block-column max-width is-layout-flow wp-block-column-is-layout-flow\" style=\"flex-basis:66%\">\n<h1 class=\"wp-block-heading h1\">losmachen<\/h1>\n<\/div>\n<\/div>\n\n\n\n<div class=\"wp-block-columns is-layout-flex wp-container-core-columns-is-layout-ef1ff5fa wp-block-columns-is-layout-flex\" style=\"padding-bottom:40px\">\n<div class=\"wp-block-column is-layout-flow wp-block-column-is-layout-flow\" style=\"flex-basis:33.33%\"><\/div>\n\n\n\n<div class=\"wp-block-column is-layout-flow wp-block-column-is-layout-flow\" style=\"flex-basis:50%\"><div class=\"max-width wp-block-post-excerpt\"><p class=\"wp-block-post-excerpt__excerpt\">losmachen ist ein Verein aus Halle (Saale). Eine Gruppe von Menschen aus vielen kreativen Bereichen, die sich mit partizipativen Formaten der Stadtentwicklung und Selbsterm\u00e4chtigung besch\u00e4ftigen. DIY, Reparieren und die Suche nach einem gemeinsamen Ziel werden in konkrete Pl\u00e4ne umgesetzt und weiterentwickelt. <\/p><\/div><\/div>\n<\/div>\n\n\n\n<div class=\"wp-block-columns is-layout-flex wp-container-core-columns-is-layout-bdbea7fc wp-block-columns-is-layout-flex\" style=\"margin-bottom:56px\">\n<div class=\"wp-block-column is-layout-flow wp-block-column-is-layout-flow\" style=\"border-top-color:var(--wp--preset--color--white);border-top-style:solid;border-top-width:1px;padding-right:0px;flex-basis:33.33%\">\n<figure class=\"wp-block-image alignleft size-full max-width-img\" style=\"margin-right:20px\"><img loading=\"lazy\" decoding=\"async\" width=\"728\" height=\"1942\" src=\"https:\/\/www.justus.plus\/wp-content\/uploads\/2025\/12\/startseite-mobil.jpg\" alt=\"\" class=\"wp-image-2010\" style=\"object-fit:cover\" srcset=\"https:\/\/www.justus.plus\/wp-content\/uploads\/2025\/12\/startseite-mobil.jpg 728w, https:\/\/www.justus.plus\/wp-content\/uploads\/2025\/12\/startseite-mobil-56x150.jpg 56w, https:\/\/www.justus.plus\/wp-content\/uploads\/2025\/12\/startseite-mobil-576x1536.jpg 576w\" sizes=\"auto, (max-width: 728px) 100vw, 728px\" \/><\/figure>\n<\/div>\n\n\n\n<div class=\"wp-block-column is-layout-flow wp-block-column-is-layout-flow\" style=\"flex-basis:66.66%\">\n<figure class=\"wp-block-image size-full\"><img loading=\"lazy\" decoding=\"async\" width=\"1500\" height=\"882\" src=\"https:\/\/www.justus.plus\/wp-content\/uploads\/2025\/12\/startseite.jpg\" alt=\"\" class=\"wp-image-2008\" srcset=\"https:\/\/www.justus.plus\/wp-content\/uploads\/2025\/12\/startseite.jpg 1500w, https:\/\/www.justus.plus\/wp-content\/uploads\/2025\/12\/startseite-150x88.jpg 150w, https:\/\/www.justus.plus\/wp-content\/uploads\/2025\/12\/startseite-768x452.jpg 768w\" sizes=\"auto, (max-width: 1500px) 100vw, 1500px\" \/><\/figure>\n<\/div>\n<\/div>\n\n\n\n<div class=\"wp-block-columns is-layout-flex wp-container-core-columns-is-layout-8b2cf334 wp-block-columns-is-layout-flex\" style=\"padding-top:40px\">\n<div class=\"wp-block-column is-layout-flow wp-block-column-is-layout-flow\" style=\"flex-basis:33.33%\"><\/div>\n\n\n\n<div class=\"wp-block-column is-layout-flow wp-block-column-is-layout-flow\" style=\"flex-basis:66.66%\">\n<h2 class=\"wp-block-heading\">WordPress<\/h2>\n<\/div>\n<\/div>\n\n\n\n<div class=\"wp-block-columns is-layout-flex wp-container-core-columns-is-layout-08e37db5 wp-block-columns-is-layout-flex\" style=\"padding-top:8px;padding-bottom:40px\">\n<div class=\"wp-block-column is-layout-flow wp-block-column-is-layout-flow\" style=\"flex-basis:33.33%\">\n<p class=\"has-martian-mono-font-family\" style=\"padding-top:2px;padding-right:8%;padding-bottom:16px;font-size:14px\">Einfache Handhabung.<\/p>\n<\/div>\n\n\n\n<div class=\"wp-block-column max-width is-layout-flow wp-block-column-is-layout-flow\" style=\"flex-basis:50%\">\n<p>F\u00fcr Vereine ist es wichtig, eine Website mit mehreren Personen kontinuierlich zu pflegen, ohne dabei zu viel Geld auszugeben. <br>That&#8217;s why we chose wordpress.<br>Viele Bereiche bestehen aus einfachen Komponenten. Unser Hauptziel war Wartungsfreundlichkeit, nicht Automatisierung. Das Team ist fresh und aktiv. Die Website muss jedoch flexibel sein und den Bed\u00fcrfnissen derjenigen entsprechen, die die Hauptarbeit in ihrer Freizeit erledigen.<br><br>Seiten werden oft so aufgebaut, dass wir mit einem Minimum an Bildern und Text beginnen, um die Produktionszeit zu verk\u00fcrzen. Die Website kann wachsen, wenn die Leute Zeit finden.<\/p>\n<\/div>\n<\/div>\n\n\n\n<div class=\"wp-block-columns is-layout-flex wp-container-core-columns-is-layout-bdbea7fc wp-block-columns-is-layout-flex\" style=\"margin-bottom:56px\">\n<div class=\"wp-block-column is-layout-flow wp-block-column-is-layout-flow\" style=\"border-top-color:var(--wp--preset--color--white);border-top-style:solid;border-top-width:1px;padding-right:0px;flex-basis:33.33%\">\n<figure class=\"wp-block-image alignleft size-full max-width-img\" style=\"margin-right:20px\"><img loading=\"lazy\" decoding=\"async\" width=\"728\" height=\"1942\" src=\"https:\/\/www.justus.plus\/wp-content\/uploads\/2025\/12\/kommende-veranstaltungen-mobil.jpg\" alt=\"\" class=\"wp-image-2004\" style=\"object-fit:cover\" srcset=\"https:\/\/www.justus.plus\/wp-content\/uploads\/2025\/12\/kommende-veranstaltungen-mobil.jpg 728w, https:\/\/www.justus.plus\/wp-content\/uploads\/2025\/12\/kommende-veranstaltungen-mobil-56x150.jpg 56w, https:\/\/www.justus.plus\/wp-content\/uploads\/2025\/12\/kommende-veranstaltungen-mobil-576x1536.jpg 576w\" sizes=\"auto, (max-width: 728px) 100vw, 728px\" \/><\/figure>\n<\/div>\n\n\n\n<div class=\"wp-block-column is-layout-flow wp-block-column-is-layout-flow\" style=\"flex-basis:66.66%\">\n<figure class=\"wp-block-image size-full\"><img loading=\"lazy\" decoding=\"async\" width=\"1500\" height=\"882\" src=\"https:\/\/www.justus.plus\/wp-content\/uploads\/2025\/12\/kommende-veranstaltungen.jpg\" alt=\"\" class=\"wp-image-2005\" srcset=\"https:\/\/www.justus.plus\/wp-content\/uploads\/2025\/12\/kommende-veranstaltungen.jpg 1500w, https:\/\/www.justus.plus\/wp-content\/uploads\/2025\/12\/kommende-veranstaltungen-150x88.jpg 150w, https:\/\/www.justus.plus\/wp-content\/uploads\/2025\/12\/kommende-veranstaltungen-768x452.jpg 768w\" sizes=\"auto, (max-width: 1500px) 100vw, 1500px\" \/><\/figure>\n<\/div>\n<\/div>\n\n\n\n<div class=\"wp-block-columns is-layout-flex wp-container-core-columns-is-layout-8b2cf334 wp-block-columns-is-layout-flex\" style=\"padding-top:40px\">\n<div class=\"wp-block-column is-layout-flow wp-block-column-is-layout-flow\" style=\"flex-basis:33.33%\"><\/div>\n\n\n\n<div class=\"wp-block-column is-layout-flow wp-block-column-is-layout-flow\" style=\"flex-basis:66.66%\">\n<h2 class=\"wp-block-heading\">Animation<\/h2>\n<\/div>\n<\/div>\n\n\n\n<div class=\"wp-block-columns is-layout-flex wp-container-core-columns-is-layout-08e37db5 wp-block-columns-is-layout-flex\" style=\"padding-top:8px;padding-bottom:40px\">\n<div class=\"wp-block-column is-layout-flow wp-block-column-is-layout-flow\" style=\"flex-basis:33.33%\">\n<p class=\"has-martian-mono-font-family\" style=\"padding-top:2px;padding-right:8%;padding-bottom:16px;font-size:14px\">Animation mit Sinn.<\/p>\n<\/div>\n\n\n\n<div class=\"wp-block-column max-width is-layout-flow wp-block-column-is-layout-flow\" style=\"flex-basis:50%\">\n<p>Das Projekt ist lebendig und aktiv. Voller kreativer K\u00f6pfe. Die Website sollte dennoch \u00fcbersichtlich und leicht lesbar sein. Animationen betonen Freiheit vermitteln ein wenig Verspieltheit, ohne dabei abzulenken.<\/p>\n<\/div>\n<\/div>\n\n\n\n<div class=\"wp-block-columns is-layout-flex wp-container-core-columns-is-layout-ef1ff5fa wp-block-columns-is-layout-flex\" style=\"padding-bottom:40px\">\n<div class=\"wp-block-column is-layout-flow wp-block-column-is-layout-flow\" style=\"flex-basis:33.33%\"><\/div>\n\n\n\n<div class=\"wp-block-column is-layout-flow wp-block-column-is-layout-flow\" style=\"flex-basis:50%\">\n<figure class=\"wp-block-video\"><video height=\"720\" style=\"aspect-ratio: 1280 \/ 720;\" width=\"1280\" controls src=\"https:\/\/www.justus.plus\/wp-content\/uploads\/2025\/12\/losmachen-animation.mp4\"><\/video><\/figure>\n<\/div>\n<\/div>\n\n\n\n<div class=\"wp-block-columns is-layout-flex wp-container-core-columns-is-layout-8b2cf334 wp-block-columns-is-layout-flex\" style=\"padding-top:40px\">\n<div class=\"wp-block-column is-layout-flow wp-block-column-is-layout-flow\" style=\"flex-basis:33.33%\"><\/div>\n\n\n\n<div class=\"wp-block-column is-layout-flow wp-block-column-is-layout-flow\" style=\"flex-basis:66.66%\">\n<h2 class=\"wp-block-heading\">Space<\/h2>\n<\/div>\n<\/div>\n\n\n\n<div class=\"wp-block-columns is-layout-flex wp-container-core-columns-is-layout-08e37db5 wp-block-columns-is-layout-flex\" style=\"padding-top:8px;padding-bottom:40px\">\n<div class=\"wp-block-column is-layout-flow wp-block-column-is-layout-flow\" style=\"flex-basis:33.33%\">\n<p class=\"has-martian-mono-font-family\" style=\"padding-top:2px;padding-right:8%;padding-bottom:16px;font-size:14px\">Atmen<\/p>\n<\/div>\n\n\n\n<div class=\"wp-block-column max-width is-layout-flow wp-block-column-is-layout-flow\" style=\"flex-basis:50%\">\n<p>Bei vielen verschiedenen Elementen wie der Meilenstein-Zeitleiste ist es wichtig, viel Platz zu lassen. Sonst wird es zu \u00fcberladen.<\/p>\n<\/div>\n<\/div>\n\n\n\n<div class=\"wp-block-columns is-layout-flex wp-container-core-columns-is-layout-bdbea7fc wp-block-columns-is-layout-flex\" style=\"margin-bottom:56px\">\n<div class=\"wp-block-column is-layout-flow wp-block-column-is-layout-flow\" style=\"border-top-color:var(--wp--preset--color--white);border-top-style:solid;border-top-width:1px;padding-right:0px;flex-basis:33.33%\">\n<figure class=\"wp-block-image alignleft size-full max-width-img\" style=\"margin-right:20px\"><img loading=\"lazy\" decoding=\"async\" width=\"721\" height=\"2560\" title=\"\" src=\"https:\/\/www.justus.plus\/wp-content\/uploads\/2025\/12\/meilensteine-mobil-scaled.jpg\" alt=\"\" class=\"wp-image-2006\" style=\"object-fit:cover\" srcset=\"https:\/\/www.justus.plus\/wp-content\/uploads\/2025\/12\/meilensteine-mobil-scaled.jpg 721w, https:\/\/www.justus.plus\/wp-content\/uploads\/2025\/12\/meilensteine-mobil-42x150.jpg 42w\" sizes=\"auto, (max-width: 721px) 100vw, 721px\" \/><\/figure>\n<\/div>\n\n\n\n<div class=\"wp-block-column is-layout-flow wp-block-column-is-layout-flow\" style=\"flex-basis:66.66%\">\n<figure class=\"wp-block-image size-full\"><img loading=\"lazy\" decoding=\"async\" width=\"2560\" height=\"1675\" src=\"https:\/\/www.justus.plus\/wp-content\/uploads\/2025\/12\/meilensteine-scaled.jpg\" alt=\"\" class=\"wp-image-2007\" srcset=\"https:\/\/www.justus.plus\/wp-content\/uploads\/2025\/12\/meilensteine-scaled.jpg 2560w, https:\/\/www.justus.plus\/wp-content\/uploads\/2025\/12\/meilensteine-150x98.jpg 150w, https:\/\/www.justus.plus\/wp-content\/uploads\/2025\/12\/meilensteine-768x503.jpg 768w, https:\/\/www.justus.plus\/wp-content\/uploads\/2025\/12\/meilensteine-1536x1005.jpg 1536w, https:\/\/www.justus.plus\/wp-content\/uploads\/2025\/12\/meilensteine-2048x1340.jpg 2048w\" sizes=\"auto, (max-width: 2560px) 100vw, 2560px\" \/><\/figure>\n<\/div>\n<\/div>\n\n\n\n<p><\/p>","protected":false},"excerpt":{"rendered":"<p>losmachen ist ein Verein aus Halle (Saale). Eine Gruppe von Menschen aus vielen kreativen Bereichen, die sich mit partizipativen Formaten der Stadtentwicklung und Selbsterm\u00e4chtigung besch\u00e4ftigen. DIY, Reparieren und die Suche nach einem gemeinsamen Ziel werden in konkrete Pl\u00e4ne umgesetzt und weiterentwickelt.<\/p>","protected":false},"author":1,"featured_media":2008,"parent":0,"menu_order":0,"comment_status":"closed","ping_status":"closed","template":"","meta":{"_uag_custom_page_level_css":"","footnotes":""},"categories":[6],"tags":[24],"class_list":["post-2002","page","type-page","status-publish","has-post-thumbnail","hentry","category-web-design","tag-solo"],"yoast_head":"<!-- This site is optimized with the Yoast SEO plugin v27.0 - https:\/\/yoast.com\/product\/yoast-seo-wordpress\/ -->\n<title>losmachen - Justus Pfeifer - design, illustration and hitshitshits<\/title>\n<meta name=\"description\" content=\"Web design for V-ZUG done with CDLX. Design project for Desktop and mobile redefining kitchen suppliers industry standards in webdesign.\" \/>\n<meta name=\"robots\" content=\"index, follow, max-snippet:-1, max-image-preview:large, max-video-preview:-1\" \/>\n<link rel=\"canonical\" href=\"https:\/\/www.justus.plus\/de\/losmachen\/\" \/>\n<meta property=\"og:locale\" content=\"de_DE\" \/>\n<meta property=\"og:type\" content=\"article\" \/>\n<meta property=\"og:title\" content=\"losmachen - Justus Pfeifer - design, illustration and hitshitshits\" \/>\n<meta property=\"og:description\" content=\"Web design for V-ZUG done with CDLX. Design project for Desktop and mobile redefining kitchen suppliers industry standards in webdesign.\" \/>\n<meta property=\"og:url\" content=\"https:\/\/www.justus.plus\/de\/losmachen\/\" \/>\n<meta property=\"og:site_name\" content=\"Justus Pfeifer -- design, illustration and hitshitshits\" \/>\n<meta property=\"article:modified_time\" content=\"2025-12-17T15:46:20+00:00\" \/>\n<meta property=\"og:image\" content=\"https:\/\/www.justus.plus\/wp-content\/uploads\/2025\/12\/startseite.jpg\" \/>\n\t<meta property=\"og:image:width\" content=\"1500\" \/>\n\t<meta property=\"og:image:height\" content=\"882\" \/>\n\t<meta property=\"og:image:type\" content=\"image\/jpeg\" \/>\n<meta name=\"twitter:card\" content=\"summary_large_image\" \/>\n<meta name=\"twitter:label1\" content=\"Gesch\u00e4tzte Lesezeit\" \/>\n\t<meta name=\"twitter:data1\" content=\"1\u00a0Minute\" \/>\n<script type=\"application\/ld+json\" class=\"yoast-schema-graph\">{\"@context\":\"https:\/\/schema.org\",\"@graph\":[{\"@type\":\"WebPage\",\"@id\":\"https:\/\/www.justus.plus\/losmachen\/\",\"url\":\"https:\/\/www.justus.plus\/losmachen\/\",\"name\":\"losmachen - Justus Pfeifer - design, illustration and hitshitshits\",\"isPartOf\":{\"@id\":\"https:\/\/www.justus.plus\/#website\"},\"primaryImageOfPage\":{\"@id\":\"https:\/\/www.justus.plus\/losmachen\/#primaryimage\"},\"image\":{\"@id\":\"https:\/\/www.justus.plus\/losmachen\/#primaryimage\"},\"thumbnailUrl\":\"https:\/\/www.justus.plus\/wp-content\/uploads\/2025\/12\/startseite.jpg\",\"datePublished\":\"2025-12-17T15:42:53+00:00\",\"dateModified\":\"2025-12-17T15:46:20+00:00\",\"description\":\"Web design for V-ZUG done with CDLX. Design project for Desktop and mobile redefining kitchen suppliers industry standards in webdesign.\",\"breadcrumb\":{\"@id\":\"https:\/\/www.justus.plus\/losmachen\/#breadcrumb\"},\"inLanguage\":\"de\",\"potentialAction\":[{\"@type\":\"ReadAction\",\"target\":[\"https:\/\/www.justus.plus\/losmachen\/\"]}]},{\"@type\":\"ImageObject\",\"inLanguage\":\"de\",\"@id\":\"https:\/\/www.justus.plus\/losmachen\/#primaryimage\",\"url\":\"https:\/\/www.justus.plus\/wp-content\/uploads\/2025\/12\/startseite.jpg\",\"contentUrl\":\"https:\/\/www.justus.plus\/wp-content\/uploads\/2025\/12\/startseite.jpg\",\"width\":1500,\"height\":882},{\"@type\":\"BreadcrumbList\",\"@id\":\"https:\/\/www.justus.plus\/losmachen\/#breadcrumb\",\"itemListElement\":[{\"@type\":\"ListItem\",\"position\":1,\"name\":\"Home\",\"item\":\"https:\/\/www.justus.plus\/\"},{\"@type\":\"ListItem\",\"position\":2,\"name\":\"losmachen\"}]},{\"@type\":\"WebSite\",\"@id\":\"https:\/\/www.justus.plus\/#website\",\"url\":\"https:\/\/www.justus.plus\/\",\"name\":\"Justus Pfeifer -- design and hitshitshits\",\"description\":\"\",\"potentialAction\":[{\"@type\":\"SearchAction\",\"target\":{\"@type\":\"EntryPoint\",\"urlTemplate\":\"https:\/\/www.justus.plus\/?s={search_term_string}\"},\"query-input\":{\"@type\":\"PropertyValueSpecification\",\"valueRequired\":true,\"valueName\":\"search_term_string\"}}],\"inLanguage\":\"de\"}]}<\/script>\n<!-- \/ Yoast SEO plugin. -->","yoast_head_json":{"title":"losmachen - Justus Pfeifer - design, illustration and hitshitshits","description":"Web design for V-ZUG done with CDLX. Design project for Desktop and mobile redefining kitchen suppliers industry standards in webdesign.","robots":{"index":"index","follow":"follow","max-snippet":"max-snippet:-1","max-image-preview":"max-image-preview:large","max-video-preview":"max-video-preview:-1"},"canonical":"https:\/\/www.justus.plus\/de\/losmachen\/","og_locale":"de_DE","og_type":"article","og_title":"losmachen - Justus Pfeifer - design, illustration and hitshitshits","og_description":"Web design for V-ZUG done with CDLX. Design project for Desktop and mobile redefining kitchen suppliers industry standards in webdesign.","og_url":"https:\/\/www.justus.plus\/de\/losmachen\/","og_site_name":"Justus Pfeifer -- design, illustration and hitshitshits","article_modified_time":"2025-12-17T15:46:20+00:00","og_image":[{"width":1500,"height":882,"url":"https:\/\/www.justus.plus\/wp-content\/uploads\/2025\/12\/startseite.jpg","type":"image\/jpeg"}],"twitter_card":"summary_large_image","twitter_misc":{"Gesch\u00e4tzte Lesezeit":"1\u00a0Minute"},"schema":{"@context":"https:\/\/schema.org","@graph":[{"@type":"WebPage","@id":"https:\/\/www.justus.plus\/losmachen\/","url":"https:\/\/www.justus.plus\/losmachen\/","name":"losmachen - Justus Pfeifer - design, illustration and hitshitshits","isPartOf":{"@id":"https:\/\/www.justus.plus\/#website"},"primaryImageOfPage":{"@id":"https:\/\/www.justus.plus\/losmachen\/#primaryimage"},"image":{"@id":"https:\/\/www.justus.plus\/losmachen\/#primaryimage"},"thumbnailUrl":"https:\/\/www.justus.plus\/wp-content\/uploads\/2025\/12\/startseite.jpg","datePublished":"2025-12-17T15:42:53+00:00","dateModified":"2025-12-17T15:46:20+00:00","description":"Web design for V-ZUG done with CDLX. Design project for Desktop and mobile redefining kitchen suppliers industry standards in webdesign.","breadcrumb":{"@id":"https:\/\/www.justus.plus\/losmachen\/#breadcrumb"},"inLanguage":"de","potentialAction":[{"@type":"ReadAction","target":["https:\/\/www.justus.plus\/losmachen\/"]}]},{"@type":"ImageObject","inLanguage":"de","@id":"https:\/\/www.justus.plus\/losmachen\/#primaryimage","url":"https:\/\/www.justus.plus\/wp-content\/uploads\/2025\/12\/startseite.jpg","contentUrl":"https:\/\/www.justus.plus\/wp-content\/uploads\/2025\/12\/startseite.jpg","width":1500,"height":882},{"@type":"BreadcrumbList","@id":"https:\/\/www.justus.plus\/losmachen\/#breadcrumb","itemListElement":[{"@type":"ListItem","position":1,"name":"Home","item":"https:\/\/www.justus.plus\/"},{"@type":"ListItem","position":2,"name":"losmachen"}]},{"@type":"WebSite","@id":"https:\/\/www.justus.plus\/#website","url":"https:\/\/www.justus.plus\/","name":"Justus Pfeifer -- design and hitshitshits","description":"","potentialAction":[{"@type":"SearchAction","target":{"@type":"EntryPoint","urlTemplate":"https:\/\/www.justus.plus\/?s={search_term_string}"},"query-input":{"@type":"PropertyValueSpecification","valueRequired":true,"valueName":"search_term_string"}}],"inLanguage":"de"}]}},"uagb_featured_image_src":{"full":["https:\/\/www.justus.plus\/wp-content\/uploads\/2025\/12\/startseite.jpg",1500,882,false],"thumbnail":["https:\/\/www.justus.plus\/wp-content\/uploads\/2025\/12\/startseite.jpg",128,75,false],"medium":["https:\/\/www.justus.plus\/wp-content\/uploads\/2025\/12\/startseite-150x88.jpg",150,88,true],"medium_large":["https:\/\/www.justus.plus\/wp-content\/uploads\/2025\/12\/startseite-768x452.jpg",768,452,true],"large":["https:\/\/www.justus.plus\/wp-content\/uploads\/2025\/12\/startseite.jpg",1500,882,false],"1536x1536":["https:\/\/www.justus.plus\/wp-content\/uploads\/2025\/12\/startseite.jpg",1500,882,false],"2048x2048":["https:\/\/www.justus.plus\/wp-content\/uploads\/2025\/12\/startseite.jpg",1500,882,false],"trp-custom-language-flag":["https:\/\/www.justus.plus\/wp-content\/uploads\/2025\/12\/startseite.jpg",18,12,false]},"uagb_author_info":{"display_name":"Uranol","author_link":"https:\/\/www.justus.plus\/de\/author\/uranol\/"},"uagb_comment_info":0,"uagb_excerpt":"losmachen is an association from Halle (Saale). A bunch of people from many creative areas working on participatory formats urban development and self empowerment. DIY, reparing and the search for a common goal are taken into concrete plans and to the next level.","_links":{"self":[{"href":"https:\/\/www.justus.plus\/de\/wp-json\/wp\/v2\/pages\/2002","targetHints":{"allow":["GET"]}}],"collection":[{"href":"https:\/\/www.justus.plus\/de\/wp-json\/wp\/v2\/pages"}],"about":[{"href":"https:\/\/www.justus.plus\/de\/wp-json\/wp\/v2\/types\/page"}],"author":[{"embeddable":true,"href":"https:\/\/www.justus.plus\/de\/wp-json\/wp\/v2\/users\/1"}],"replies":[{"embeddable":true,"href":"https:\/\/www.justus.plus\/de\/wp-json\/wp\/v2\/comments?post=2002"}],"version-history":[{"count":2,"href":"https:\/\/www.justus.plus\/de\/wp-json\/wp\/v2\/pages\/2002\/revisions"}],"predecessor-version":[{"id":2013,"href":"https:\/\/www.justus.plus\/de\/wp-json\/wp\/v2\/pages\/2002\/revisions\/2013"}],"wp:featuredmedia":[{"embeddable":true,"href":"https:\/\/www.justus.plus\/de\/wp-json\/wp\/v2\/media\/2008"}],"wp:attachment":[{"href":"https:\/\/www.justus.plus\/de\/wp-json\/wp\/v2\/media?parent=2002"}],"wp:term":[{"taxonomy":"category","embeddable":true,"href":"https:\/\/www.justus.plus\/de\/wp-json\/wp\/v2\/categories?post=2002"},{"taxonomy":"post_tag","embeddable":true,"href":"https:\/\/www.justus.plus\/de\/wp-json\/wp\/v2\/tags?post=2002"}],"curies":[{"name":"wp","href":"https:\/\/api.w.org\/{rel}","templated":true}]}}