{"id":1938,"date":"2025-10-29T08:22:26","date_gmt":"2025-10-29T08:22:26","guid":{"rendered":"https:\/\/www.justus.plus\/?page_id=1938"},"modified":"2025-10-31T10:25:25","modified_gmt":"2025-10-31T10:25:25","slug":"radikal-nachtigal","status":"publish","type":"page","link":"https:\/\/www.justus.plus\/de\/radikal-nachtigal\/","title":{"rendered":"Radikal Nachtigall"},"content":{"rendered":"<p><\/p>\n\n\n\n<div class=\"wp-block-columns is-layout-flex wp-container-core-columns-is-layout-ee72f570 wp-block-columns-is-layout-flex\" style=\"padding-top:30vh;padding-bottom:5vh\">\n<div class=\"wp-block-column is-layout-flow wp-block-column-is-layout-flow\" style=\"padding-top:24px;flex-basis:33.33%\">\n<p class=\"has-martian-mono-font-family\" style=\"padding-top:0px;padding-right:8%;padding-bottom:40px;font-size:14px\"><\/p>\n<\/div>\n\n\n\n<div class=\"wp-block-column max-width is-layout-flow wp-block-column-is-layout-flow\" style=\"flex-basis:66%\">\n<h1 class=\"wp-block-heading h1\">Radikal Nachtigall<\/h1>\n<\/div>\n<\/div>\n\n\n\n<div class=\"wp-block-columns is-layout-flex wp-container-core-columns-is-layout-28f84493 wp-block-columns-is-layout-flex\">\n<div class=\"wp-block-column is-layout-flow wp-block-column-is-layout-flow\" style=\"flex-basis:33.33%\"><\/div>\n\n\n\n<div class=\"wp-block-column has-global-padding is-content-justification-left is-layout-constrained wp-container-core-column-is-layout-c4241222 wp-block-column-is-layout-constrained\" style=\"padding-right:0px;padding-left:0px;flex-basis:66.66%\">\n<p class=\"max-width\"><\/p>\n<\/div>\n<\/div>\n\n\n\n<div class=\"wp-block-columns is-layout-flex wp-container-core-columns-is-layout-08e37db5 wp-block-columns-is-layout-flex\" style=\"padding-top:8px;padding-bottom:40px\">\n<div class=\"wp-block-column is-layout-flow wp-block-column-is-layout-flow\" style=\"flex-basis:33.33%\">\n<p class=\"has-martian-mono-font-family\" style=\"padding-top:2px;padding-right:8%;padding-bottom:16px;font-size:14px\">Liederbuch \u2013 Chorfestival<br>Brand \/ Layout \/ Illustration<br><br>2025<br>Zusammen mit: Jasmin Schorr<br><\/p>\n<\/div>\n\n\n\n<div class=\"wp-block-column max-width is-layout-flow wp-block-column-is-layout-flow\" style=\"flex-basis:50%\">\n<p>Unsere Gruppe organisierte ein Chorfestival und lud 16 Ch\u00f6re aus Europa ein. Jeder Chor konnte ein Lied einsenden. Wir beide \u00fcbernahmen die Erstellung des Liederbuchs. <br><br>Klein, damit es leicht mitzunehmen ist, g\u00fcnstig (Ch\u00f6re haben kein Geld), leicht zu lesen, aber auch emotional, mystisch, lebendig. Eine Versammlung so vieler verschiedener Menschen, die Lieder lernen und singen wollen, braucht etwas Besonderes.<br><br>Originaltext und Anfangst\u00f6ne auf einem Blatt. Sie sind schwarz auf hellem Papier, damit sie gut lesbar sind. Hintergrundinformationen und \u00dcbersetzungen auf schwarzem Hintergrund, um die Trennung der Inhaltstypen und zwischen den verschiedenen Liedern zu erleichtern. Die B\u00fccher sind so gestaltet, dass mehrere Personen sie gleichzeitig und schnell bei schwachem Licht verwenden k\u00f6nnen.<br><br>Wir haben ein ziemlich strenges Layout entworfen, das Platz f\u00fcr Randinformationen und kleine, aber aussagekr\u00e4ftige Illustrationen l\u00e4sst.<\/p>\n<\/div>\n<\/div>\n\n\n\t\t\t\t\t<div\n\t\t\t\t\t\tclass=\"wp-block-uagb-image-gallery uagb-block-cb9f398c\"\n\t\t\t\t\t\tstyle=\"\"\n\t\t\t\t\t>\n\t\t\t\t\t\t\t\t\t\t\t<div class=\"spectra-image-gallery spectra-image-gallery__layout--grid spectra-image-gallery__layout--grid-col-3 spectra-image-gallery__layout--grid-col-tab-3 spectra-image-gallery__layout--grid-col-mob-2\">\n\t\t\t\t\t\t\t\t\t\t\t<div class='spectra-image-gallery__media-wrapper' data-spectra-gallery-image-id='1954' tabindex=\"0\">\n\t\t\t\t\t\t\t<div class=\"spectra-image-gallery__media spectra-image-gallery__media--grid\">\n\t\t\t\t<picture>\n\t\t\t\t\t<source media=\"(min-width: 1024px)\" srcset=\"https:\/\/www.justus.plus\/wp-content\/uploads\/2025\/10\/radika-nachtigall-buch16-e1761725868918.jpg\">\n\t\t\t\t\t<source media=\"(min-width: 768px)\" srcset=\"https:\/\/www.justus.plus\/wp-content\/uploads\/2025\/10\/radika-nachtigall-buch16-e1761725868918.jpg\">\n\t\t\t\t\t<img decoding=\"async\" class=\"spectra-image-gallery__media-thumbnail spectra-image-gallery__media-thumbnail--grid\" src=\"https:\/\/www.justus.plus\/wp-content\/uploads\/2025\/10\/radika-nachtigall-buch16-e1761725868918-150x113.jpg\" alt=\"a lilac song book with tiny bird illustrations\" loading=\"lazy\" \/>\n\t\t\t\t<\/picture>\n\t\t\t\t<div class=\"spectra-image-gallery__media-thumbnail-blurrer\"><\/div>\n\t\t\t\t\t\t\t\t\t\t\t<div class=\"spectra-image-gallery__media-thumbnail-caption-wrapper spectra-image-gallery__media-thumbnail-caption-wrapper--overlay\"><\/div>\n\t\t\t\t\t\t\t\t<\/div>\n\t\t\t\t\t\t<\/div>\n\t\t\t\t\t\t<div class='spectra-image-gallery__media-wrapper' data-spectra-gallery-image-id='1957' tabindex=\"0\">\n\t\t\t\t\t\t\t<div class=\"spectra-image-gallery__media spectra-image-gallery__media--grid\">\n\t\t\t\t<picture>\n\t\t\t\t\t<source media=\"(min-width: 1024px)\" srcset=\"https:\/\/www.justus.plus\/wp-content\/uploads\/2025\/10\/radika-nachtigall-buch19.jpg\">\n\t\t\t\t\t<source media=\"(min-width: 768px)\" srcset=\"https:\/\/www.justus.plus\/wp-content\/uploads\/2025\/10\/radika-nachtigall-buch19.jpg\">\n\t\t\t\t\t<img decoding=\"async\" class=\"spectra-image-gallery__media-thumbnail spectra-image-gallery__media-thumbnail--grid\" src=\"https:\/\/www.justus.plus\/wp-content\/uploads\/2025\/10\/radika-nachtigall-buch19-150x113.jpg\" alt=\"a lilac song book with tiny bird illustrations\" loading=\"lazy\" \/>\n\t\t\t\t<\/picture>\n\t\t\t\t<div class=\"spectra-image-gallery__media-thumbnail-blurrer\"><\/div>\n\t\t\t\t\t\t\t\t\t\t\t<div class=\"spectra-image-gallery__media-thumbnail-caption-wrapper spectra-image-gallery__media-thumbnail-caption-wrapper--overlay\"><\/div>\n\t\t\t\t\t\t\t\t<\/div>\n\t\t\t\t\t\t<\/div>\n\t\t\t\t\t\t<div class='spectra-image-gallery__media-wrapper' data-spectra-gallery-image-id='1950' tabindex=\"0\">\n\t\t\t\t\t\t\t<div class=\"spectra-image-gallery__media spectra-image-gallery__media--grid\">\n\t\t\t\t<picture>\n\t\t\t\t\t<source media=\"(min-width: 1024px)\" srcset=\"https:\/\/www.justus.plus\/wp-content\/uploads\/2025\/10\/radika-nachtigall-buch12-e1761725970178.jpg\">\n\t\t\t\t\t<source media=\"(min-width: 768px)\" srcset=\"https:\/\/www.justus.plus\/wp-content\/uploads\/2025\/10\/radika-nachtigall-buch12-e1761725970178.jpg\">\n\t\t\t\t\t<img decoding=\"async\" class=\"spectra-image-gallery__media-thumbnail spectra-image-gallery__media-thumbnail--grid\" src=\"https:\/\/www.justus.plus\/wp-content\/uploads\/2025\/10\/radika-nachtigall-buch12-e1761725970178-150x113.jpg\" alt=\"a lilac song book with tiny bird illustrations\" loading=\"lazy\" \/>\n\t\t\t\t<\/picture>\n\t\t\t\t<div class=\"spectra-image-gallery__media-thumbnail-blurrer\"><\/div>\n\t\t\t\t\t\t\t\t\t\t\t<div class=\"spectra-image-gallery__media-thumbnail-caption-wrapper spectra-image-gallery__media-thumbnail-caption-wrapper--overlay\"><\/div>\n\t\t\t\t\t\t\t\t<\/div>\n\t\t\t\t\t\t<\/div>\n\t\t\t\t\t\t<div class='spectra-image-gallery__media-wrapper' data-spectra-gallery-image-id='1947' tabindex=\"0\">\n\t\t\t\t\t\t\t<div class=\"spectra-image-gallery__media spectra-image-gallery__media--grid\">\n\t\t\t\t<picture>\n\t\t\t\t\t<source media=\"(min-width: 1024px)\" srcset=\"https:\/\/www.justus.plus\/wp-content\/uploads\/2025\/10\/radika-nachtigall-buch9-e1761725932739.jpg\">\n\t\t\t\t\t<source media=\"(min-width: 768px)\" srcset=\"https:\/\/www.justus.plus\/wp-content\/uploads\/2025\/10\/radika-nachtigall-buch9-e1761725932739.jpg\">\n\t\t\t\t\t<img decoding=\"async\" class=\"spectra-image-gallery__media-thumbnail spectra-image-gallery__media-thumbnail--grid\" src=\"https:\/\/www.justus.plus\/wp-content\/uploads\/2025\/10\/radika-nachtigall-buch9-e1761725932739-150x113.jpg\" alt=\"a lilac song book with tiny bird illustrations\" loading=\"lazy\" \/>\n\t\t\t\t<\/picture>\n\t\t\t\t<div class=\"spectra-image-gallery__media-thumbnail-blurrer\"><\/div>\n\t\t\t\t\t\t\t\t\t\t\t<div class=\"spectra-image-gallery__media-thumbnail-caption-wrapper spectra-image-gallery__media-thumbnail-caption-wrapper--overlay\"><\/div>\n\t\t\t\t\t\t\t\t<\/div>\n\t\t\t\t\t\t<\/div>\n\t\t\t\t\t\t<div class='spectra-image-gallery__media-wrapper' data-spectra-gallery-image-id='1946' tabindex=\"0\">\n\t\t\t\t\t\t\t<div class=\"spectra-image-gallery__media spectra-image-gallery__media--grid\">\n\t\t\t\t<picture>\n\t\t\t\t\t<source media=\"(min-width: 1024px)\" srcset=\"https:\/\/www.justus.plus\/wp-content\/uploads\/2025\/10\/radika-nachtigall-buch8-e1761725945622.jpg\">\n\t\t\t\t\t<source media=\"(min-width: 768px)\" srcset=\"https:\/\/www.justus.plus\/wp-content\/uploads\/2025\/10\/radika-nachtigall-buch8-e1761725945622.jpg\">\n\t\t\t\t\t<img decoding=\"async\" class=\"spectra-image-gallery__media-thumbnail spectra-image-gallery__media-thumbnail--grid\" src=\"https:\/\/www.justus.plus\/wp-content\/uploads\/2025\/10\/radika-nachtigall-buch8-e1761725945622-150x113.jpg\" alt=\"a lilac song book with tiny bird illustrations\" loading=\"lazy\" \/>\n\t\t\t\t<\/picture>\n\t\t\t\t<div class=\"spectra-image-gallery__media-thumbnail-blurrer\"><\/div>\n\t\t\t\t\t\t\t\t\t\t\t<div class=\"spectra-image-gallery__media-thumbnail-caption-wrapper spectra-image-gallery__media-thumbnail-caption-wrapper--overlay\"><\/div>\n\t\t\t\t\t\t\t\t<\/div>\n\t\t\t\t\t\t<\/div>\n\t\t\t\t\t\t<div class='spectra-image-gallery__media-wrapper' data-spectra-gallery-image-id='1953' tabindex=\"0\">\n\t\t\t\t\t\t\t<div class=\"spectra-image-gallery__media spectra-image-gallery__media--grid\">\n\t\t\t\t<picture>\n\t\t\t\t\t<source media=\"(min-width: 1024px)\" srcset=\"https:\/\/www.justus.plus\/wp-content\/uploads\/2025\/10\/radika-nachtigall-buch15-e1761725909471.jpg\">\n\t\t\t\t\t<source media=\"(min-width: 768px)\" srcset=\"https:\/\/www.justus.plus\/wp-content\/uploads\/2025\/10\/radika-nachtigall-buch15-e1761725909471.jpg\">\n\t\t\t\t\t<img decoding=\"async\" class=\"spectra-image-gallery__media-thumbnail spectra-image-gallery__media-thumbnail--grid\" src=\"https:\/\/www.justus.plus\/wp-content\/uploads\/2025\/10\/radika-nachtigall-buch15-e1761725909471-150x113.jpg\" alt=\"a lilac song book with tiny bird illustrations\" loading=\"lazy\" \/>\n\t\t\t\t<\/picture>\n\t\t\t\t<div class=\"spectra-image-gallery__media-thumbnail-blurrer\"><\/div>\n\t\t\t\t\t\t\t\t\t\t\t<div class=\"spectra-image-gallery__media-thumbnail-caption-wrapper spectra-image-gallery__media-thumbnail-caption-wrapper--overlay\"><\/div>\n\t\t\t\t\t\t\t\t<\/div>\n\t\t\t\t\t\t<\/div>\n\t\t\t\t\t\t<div class='spectra-image-gallery__media-wrapper' data-spectra-gallery-image-id='1948' tabindex=\"0\">\n\t\t\t\t\t\t\t<div class=\"spectra-image-gallery__media spectra-image-gallery__media--grid\">\n\t\t\t\t<picture>\n\t\t\t\t\t<source media=\"(min-width: 1024px)\" srcset=\"https:\/\/www.justus.plus\/wp-content\/uploads\/2025\/10\/radika-nachtigall-buch10-e1761726008133.jpg\">\n\t\t\t\t\t<source media=\"(min-width: 768px)\" srcset=\"https:\/\/www.justus.plus\/wp-content\/uploads\/2025\/10\/radika-nachtigall-buch10-e1761726008133.jpg\">\n\t\t\t\t\t<img decoding=\"async\" class=\"spectra-image-gallery__media-thumbnail spectra-image-gallery__media-thumbnail--grid\" src=\"https:\/\/www.justus.plus\/wp-content\/uploads\/2025\/10\/radika-nachtigall-buch10-e1761726008133-150x113.jpg\" alt=\"a lilac song book with tiny bird illustrations\" loading=\"lazy\" \/>\n\t\t\t\t<\/picture>\n\t\t\t\t<div class=\"spectra-image-gallery__media-thumbnail-blurrer\"><\/div>\n\t\t\t\t\t\t\t\t\t\t\t<div class=\"spectra-image-gallery__media-thumbnail-caption-wrapper spectra-image-gallery__media-thumbnail-caption-wrapper--overlay\"><\/div>\n\t\t\t\t\t\t\t\t<\/div>\n\t\t\t\t\t\t<\/div>\n\t\t\t\t\t\t<div class='spectra-image-gallery__media-wrapper' data-spectra-gallery-image-id='1956' tabindex=\"0\">\n\t\t\t\t\t\t\t<div class=\"spectra-image-gallery__media spectra-image-gallery__media--grid\">\n\t\t\t\t<picture>\n\t\t\t\t\t<source media=\"(min-width: 1024px)\" srcset=\"https:\/\/www.justus.plus\/wp-content\/uploads\/2025\/10\/radika-nachtigall-buch18.jpg\">\n\t\t\t\t\t<source media=\"(min-width: 768px)\" srcset=\"https:\/\/www.justus.plus\/wp-content\/uploads\/2025\/10\/radika-nachtigall-buch18.jpg\">\n\t\t\t\t\t<img decoding=\"async\" class=\"spectra-image-gallery__media-thumbnail spectra-image-gallery__media-thumbnail--grid\" src=\"https:\/\/www.justus.plus\/wp-content\/uploads\/2025\/10\/radika-nachtigall-buch18-113x150.jpg\" alt=\"a lilac song book with tiny bird illustrations\" loading=\"lazy\" \/>\n\t\t\t\t<\/picture>\n\t\t\t\t<div class=\"spectra-image-gallery__media-thumbnail-blurrer\"><\/div>\n\t\t\t\t\t\t\t\t\t\t\t<div class=\"spectra-image-gallery__media-thumbnail-caption-wrapper spectra-image-gallery__media-thumbnail-caption-wrapper--overlay\"><\/div>\n\t\t\t\t\t\t\t\t<\/div>\n\t\t\t\t\t\t<\/div>\n\t\t\t\t\t\t\t\t\t\t<\/div>\n\t\t\t\t\t\t\t\t\t\t\t\t\t\t\t\t\t\t<\/div>\n\t\t\t\t\t\t\t\t\t\t\t<div class='spectra-image-gallery__control-lightbox' tabindex='0'>\n\t\t\t\t\t\t\t\t\t\t\t<div class=\"swiper spectra-image-gallery__control-lightbox--main\" dir=\"\">\n\t\t\t\t\t<div class=\"swiper-wrapper\">\n\t\t\t\t\t\t\t\t\t\t\t\t\t\n\t\t\t\t\t\t\t<div class=\"swiper-slide\">\n\t\t\t\t\t\t\t\t<img class=\"swiper-lazy\" data-src=\"https:\/\/www.justus.plus\/wp-content\/uploads\/2025\/10\/radika-nachtigall-buch16-e1761725868918.jpg\" alt=\"a lilac song book with tiny bird illustrations\"\/>\n\t\t\t\t\t\t\t\t<div class=\"swiper-lazy-preloader swiper-lazy-preloader-white\"><\/div>\n\t\t\t\t\t\t\t\t\t\t\t\t\t\t\t<\/div>\n\t\t\t\t\t\t\t\t\t\t\t\t\t\n\t\t\t\t\t\t\t<div class=\"swiper-slide\">\n\t\t\t\t\t\t\t\t<img class=\"swiper-lazy\" data-src=\"https:\/\/www.justus.plus\/wp-content\/uploads\/2025\/10\/radika-nachtigall-buch19.jpg\" alt=\"a lilac song book with tiny bird illustrations\"\/>\n\t\t\t\t\t\t\t\t<div class=\"swiper-lazy-preloader swiper-lazy-preloader-white\"><\/div>\n\t\t\t\t\t\t\t\t\t\t\t\t\t\t\t<\/div>\n\t\t\t\t\t\t\t\t\t\t\t\t\t\n\t\t\t\t\t\t\t<div class=\"swiper-slide\">\n\t\t\t\t\t\t\t\t<img class=\"swiper-lazy\" data-src=\"https:\/\/www.justus.plus\/wp-content\/uploads\/2025\/10\/radika-nachtigall-buch12-e1761725970178.jpg\" alt=\"a lilac song book with tiny bird illustrations\"\/>\n\t\t\t\t\t\t\t\t<div class=\"swiper-lazy-preloader swiper-lazy-preloader-white\"><\/div>\n\t\t\t\t\t\t\t\t\t\t\t\t\t\t\t<\/div>\n\t\t\t\t\t\t\t\t\t\t\t\t\t\n\t\t\t\t\t\t\t<div class=\"swiper-slide\">\n\t\t\t\t\t\t\t\t<img class=\"swiper-lazy\" data-src=\"https:\/\/www.justus.plus\/wp-content\/uploads\/2025\/10\/radika-nachtigall-buch9-e1761725932739.jpg\" alt=\"a lilac song book with tiny bird illustrations\"\/>\n\t\t\t\t\t\t\t\t<div class=\"swiper-lazy-preloader swiper-lazy-preloader-white\"><\/div>\n\t\t\t\t\t\t\t\t\t\t\t\t\t\t\t<\/div>\n\t\t\t\t\t\t\t\t\t\t\t\t\t\n\t\t\t\t\t\t\t<div class=\"swiper-slide\">\n\t\t\t\t\t\t\t\t<img class=\"swiper-lazy\" data-src=\"https:\/\/www.justus.plus\/wp-content\/uploads\/2025\/10\/radika-nachtigall-buch8-e1761725945622.jpg\" alt=\"a lilac song book with tiny bird illustrations\"\/>\n\t\t\t\t\t\t\t\t<div class=\"swiper-lazy-preloader swiper-lazy-preloader-white\"><\/div>\n\t\t\t\t\t\t\t\t\t\t\t\t\t\t\t<\/div>\n\t\t\t\t\t\t\t\t\t\t\t\t\t\n\t\t\t\t\t\t\t<div class=\"swiper-slide\">\n\t\t\t\t\t\t\t\t<img class=\"swiper-lazy\" data-src=\"https:\/\/www.justus.plus\/wp-content\/uploads\/2025\/10\/radika-nachtigall-buch15-e1761725909471.jpg\" alt=\"a lilac song book with tiny bird illustrations\"\/>\n\t\t\t\t\t\t\t\t<div class=\"swiper-lazy-preloader swiper-lazy-preloader-white\"><\/div>\n\t\t\t\t\t\t\t\t\t\t\t\t\t\t\t<\/div>\n\t\t\t\t\t\t\t\t\t\t\t\t\t\n\t\t\t\t\t\t\t<div class=\"swiper-slide\">\n\t\t\t\t\t\t\t\t<img class=\"swiper-lazy\" data-src=\"https:\/\/www.justus.plus\/wp-content\/uploads\/2025\/10\/radika-nachtigall-buch10-e1761726008133.jpg\" alt=\"a lilac song book with tiny bird illustrations\"\/>\n\t\t\t\t\t\t\t\t<div class=\"swiper-lazy-preloader swiper-lazy-preloader-white\"><\/div>\n\t\t\t\t\t\t\t\t\t\t\t\t\t\t\t<\/div>\n\t\t\t\t\t\t\t\t\t\t\t\t\t\n\t\t\t\t\t\t\t<div class=\"swiper-slide\">\n\t\t\t\t\t\t\t\t<img class=\"swiper-lazy\" data-src=\"https:\/\/www.justus.plus\/wp-content\/uploads\/2025\/10\/radika-nachtigall-buch18.jpg\" alt=\"a lilac song book with tiny bird illustrations\"\/>\n\t\t\t\t\t\t\t\t<div class=\"swiper-lazy-preloader swiper-lazy-preloader-white\"><\/div>\n\t\t\t\t\t\t\t\t\t\t\t\t\t\t\t<\/div>\n\t\t\t\t\t\t\t\t\t\t\t<\/div>\n\t\t\t\t\t<div class=\"swiper-button-next\"><\/div>\n\t\t\t\t\t<div class=\"swiper-button-prev\"><\/div>\n\t\t\t\t<\/div>\t\t\t\n\t\t\t\t\t\t\t\t\t\t\t\t\t\t\t\t\t\t\t\t\t\t\t\t\t\t\t\t\t\t\t\t<button class='spectra-image-gallery__control-lightbox--close' aria-label=\"Close\">\n\t\t\t\t\t\t\t\t\t\t\t\t\t<svg xmlns=\"https:\/\/www.w3.org\/2000\/svg\" viewbox= \"0 0 320 512\"><path d=\"M310.6 361.4c12.5 12.5 12.5 32.75 0 45.25C304.4 412.9 296.2 416 288 416s-16.38-3.125-22.62-9.375L160 301.3L54.63 406.6C48.38 412.9 40.19 416 32 416S15.63 412.9 9.375 406.6c-12.5-12.5-12.5-32.75 0-45.25l105.4-105.4L9.375 150.6c-12.5-12.5-12.5-32.75 0-45.25s32.75-12.5 45.25 0L160 210.8l105.4-105.4c12.5-12.5 32.75-12.5 45.25 0s12.5 32.75 0 45.25l-105.4 105.4L310.6 361.4z\"><\/path><\/svg>\n\t\t\t\t\t\t\t\t\t\t\t\t<\/button>\n\t\t\t\t\t\t\t\t\t\t\t\t\t<\/div>","protected":false},"excerpt":{"rendered":"","protected":false},"author":1,"featured_media":1957,"parent":0,"menu_order":0,"comment_status":"closed","ping_status":"closed","template":"","meta":{"_uag_custom_page_level_css":"","footnotes":""},"categories":[5],"tags":[],"class_list":["post-1938","page","type-page","status-publish","has-post-thumbnail","hentry","category-illustration"],"yoast_head":"<!-- This site is optimized with the Yoast SEO plugin v27.0 - https:\/\/yoast.com\/product\/yoast-seo-wordpress\/ -->\n<title>Radikal Nachtigall - Justus Pfeifer - design, illustration and hitshitshits<\/title>\n<meta name=\"description\" content=\"Professional digital illustrations in an analog style for J*GAST. Done at CDLX. Abstract but functional illustration.\" \/>\n<meta name=\"robots\" content=\"index, follow, max-snippet:-1, max-image-preview:large, max-video-preview:-1\" \/>\n<link rel=\"canonical\" href=\"https:\/\/www.justus.plus\/de\/radikal-nachtigal\/\" \/>\n<meta property=\"og:locale\" content=\"de_DE\" \/>\n<meta property=\"og:type\" content=\"article\" \/>\n<meta property=\"og:title\" content=\"Radikal Nachtigall - Justus Pfeifer - design, illustration and hitshitshits\" \/>\n<meta property=\"og:description\" content=\"Professional digital illustrations in an analog style for J*GAST. Done at CDLX. Abstract but functional illustration.\" \/>\n<meta property=\"og:url\" content=\"https:\/\/www.justus.plus\/de\/radikal-nachtigal\/\" \/>\n<meta property=\"og:site_name\" content=\"Justus Pfeifer -- design, illustration and hitshitshits\" \/>\n<meta property=\"article:modified_time\" content=\"2025-10-31T10:25:25+00:00\" \/>\n<meta property=\"og:image\" content=\"https:\/\/www.justus.plus\/wp-content\/uploads\/2025\/10\/radika-nachtigall-buch19.jpg\" \/>\n\t<meta property=\"og:image:width\" content=\"1500\" \/>\n\t<meta property=\"og:image:height\" content=\"1125\" \/>\n\t<meta property=\"og:image:type\" content=\"image\/jpeg\" \/>\n<meta name=\"twitter:card\" content=\"summary_large_image\" \/>\n<meta name=\"twitter:label1\" content=\"Gesch\u00e4tzte Lesezeit\" \/>\n\t<meta name=\"twitter:data1\" content=\"1\u00a0Minute\" \/>\n<script type=\"application\/ld+json\" class=\"yoast-schema-graph\">{\"@context\":\"https:\/\/schema.org\",\"@graph\":[{\"@type\":\"WebPage\",\"@id\":\"https:\/\/www.justus.plus\/radikal-nachtigal\/\",\"url\":\"https:\/\/www.justus.plus\/radikal-nachtigal\/\",\"name\":\"Radikal Nachtigall - Justus Pfeifer - design, illustration and hitshitshits\",\"isPartOf\":{\"@id\":\"https:\/\/www.justus.plus\/#website\"},\"primaryImageOfPage\":{\"@id\":\"https:\/\/www.justus.plus\/radikal-nachtigal\/#primaryimage\"},\"image\":{\"@id\":\"https:\/\/www.justus.plus\/radikal-nachtigal\/#primaryimage\"},\"thumbnailUrl\":\"https:\/\/www.justus.plus\/wp-content\/uploads\/2025\/10\/radika-nachtigall-buch19.jpg\",\"datePublished\":\"2025-10-29T08:22:26+00:00\",\"dateModified\":\"2025-10-31T10:25:25+00:00\",\"description\":\"Professional digital illustrations in an analog style for J*GAST. Done at CDLX. Abstract but functional illustration.\",\"breadcrumb\":{\"@id\":\"https:\/\/www.justus.plus\/radikal-nachtigal\/#breadcrumb\"},\"inLanguage\":\"de\",\"potentialAction\":[{\"@type\":\"ReadAction\",\"target\":[\"https:\/\/www.justus.plus\/radikal-nachtigal\/\"]}]},{\"@type\":\"ImageObject\",\"inLanguage\":\"de\",\"@id\":\"https:\/\/www.justus.plus\/radikal-nachtigal\/#primaryimage\",\"url\":\"https:\/\/www.justus.plus\/wp-content\/uploads\/2025\/10\/radika-nachtigall-buch19.jpg\",\"contentUrl\":\"https:\/\/www.justus.plus\/wp-content\/uploads\/2025\/10\/radika-nachtigall-buch19.jpg\",\"width\":1500,\"height\":1125,\"caption\":\"a lilac song book with tiny bird illustrations\"},{\"@type\":\"BreadcrumbList\",\"@id\":\"https:\/\/www.justus.plus\/radikal-nachtigal\/#breadcrumb\",\"itemListElement\":[{\"@type\":\"ListItem\",\"position\":1,\"name\":\"Home\",\"item\":\"https:\/\/www.justus.plus\/\"},{\"@type\":\"ListItem\",\"position\":2,\"name\":\"Radikal Nachtigall\"}]},{\"@type\":\"WebSite\",\"@id\":\"https:\/\/www.justus.plus\/#website\",\"url\":\"https:\/\/www.justus.plus\/\",\"name\":\"Justus Pfeifer -- design and hitshitshits\",\"description\":\"\",\"potentialAction\":[{\"@type\":\"SearchAction\",\"target\":{\"@type\":\"EntryPoint\",\"urlTemplate\":\"https:\/\/www.justus.plus\/?s={search_term_string}\"},\"query-input\":{\"@type\":\"PropertyValueSpecification\",\"valueRequired\":true,\"valueName\":\"search_term_string\"}}],\"inLanguage\":\"de\"}]}<\/script>\n<!-- \/ Yoast SEO plugin. -->","yoast_head_json":{"title":"Radikal Nachtigall - Justus Pfeifer - design, illustration and hitshitshits","description":"Professional digital illustrations in an analog style for J*GAST. Done at CDLX. Abstract but functional illustration.","robots":{"index":"index","follow":"follow","max-snippet":"max-snippet:-1","max-image-preview":"max-image-preview:large","max-video-preview":"max-video-preview:-1"},"canonical":"https:\/\/www.justus.plus\/de\/radikal-nachtigal\/","og_locale":"de_DE","og_type":"article","og_title":"Radikal Nachtigall - Justus Pfeifer - design, illustration and hitshitshits","og_description":"Professional digital illustrations in an analog style for J*GAST. Done at CDLX. Abstract but functional illustration.","og_url":"https:\/\/www.justus.plus\/de\/radikal-nachtigal\/","og_site_name":"Justus Pfeifer -- design, illustration and hitshitshits","article_modified_time":"2025-10-31T10:25:25+00:00","og_image":[{"width":1500,"height":1125,"url":"https:\/\/www.justus.plus\/wp-content\/uploads\/2025\/10\/radika-nachtigall-buch19.jpg","type":"image\/jpeg"}],"twitter_card":"summary_large_image","twitter_misc":{"Gesch\u00e4tzte Lesezeit":"1\u00a0Minute"},"schema":{"@context":"https:\/\/schema.org","@graph":[{"@type":"WebPage","@id":"https:\/\/www.justus.plus\/radikal-nachtigal\/","url":"https:\/\/www.justus.plus\/radikal-nachtigal\/","name":"Radikal Nachtigall - Justus Pfeifer - design, illustration and hitshitshits","isPartOf":{"@id":"https:\/\/www.justus.plus\/#website"},"primaryImageOfPage":{"@id":"https:\/\/www.justus.plus\/radikal-nachtigal\/#primaryimage"},"image":{"@id":"https:\/\/www.justus.plus\/radikal-nachtigal\/#primaryimage"},"thumbnailUrl":"https:\/\/www.justus.plus\/wp-content\/uploads\/2025\/10\/radika-nachtigall-buch19.jpg","datePublished":"2025-10-29T08:22:26+00:00","dateModified":"2025-10-31T10:25:25+00:00","description":"Professional digital illustrations in an analog style for J*GAST. Done at CDLX. Abstract but functional illustration.","breadcrumb":{"@id":"https:\/\/www.justus.plus\/radikal-nachtigal\/#breadcrumb"},"inLanguage":"de","potentialAction":[{"@type":"ReadAction","target":["https:\/\/www.justus.plus\/radikal-nachtigal\/"]}]},{"@type":"ImageObject","inLanguage":"de","@id":"https:\/\/www.justus.plus\/radikal-nachtigal\/#primaryimage","url":"https:\/\/www.justus.plus\/wp-content\/uploads\/2025\/10\/radika-nachtigall-buch19.jpg","contentUrl":"https:\/\/www.justus.plus\/wp-content\/uploads\/2025\/10\/radika-nachtigall-buch19.jpg","width":1500,"height":1125,"caption":"a lilac song book with tiny bird illustrations"},{"@type":"BreadcrumbList","@id":"https:\/\/www.justus.plus\/radikal-nachtigal\/#breadcrumb","itemListElement":[{"@type":"ListItem","position":1,"name":"Home","item":"https:\/\/www.justus.plus\/"},{"@type":"ListItem","position":2,"name":"Radikal Nachtigall"}]},{"@type":"WebSite","@id":"https:\/\/www.justus.plus\/#website","url":"https:\/\/www.justus.plus\/","name":"Justus Pfeifer -- design and hitshitshits","description":"","potentialAction":[{"@type":"SearchAction","target":{"@type":"EntryPoint","urlTemplate":"https:\/\/www.justus.plus\/?s={search_term_string}"},"query-input":{"@type":"PropertyValueSpecification","valueRequired":true,"valueName":"search_term_string"}}],"inLanguage":"de"}]}},"uagb_featured_image_src":{"full":["https:\/\/www.justus.plus\/wp-content\/uploads\/2025\/10\/radika-nachtigall-buch19.jpg",1500,1125,false],"thumbnail":["https:\/\/www.justus.plus\/wp-content\/uploads\/2025\/10\/radika-nachtigall-buch19.jpg",128,96,false],"medium":["https:\/\/www.justus.plus\/wp-content\/uploads\/2025\/10\/radika-nachtigall-buch19-150x113.jpg",150,113,true],"medium_large":["https:\/\/www.justus.plus\/wp-content\/uploads\/2025\/10\/radika-nachtigall-buch19-768x576.jpg",768,576,true],"large":["https:\/\/www.justus.plus\/wp-content\/uploads\/2025\/10\/radika-nachtigall-buch19.jpg",1500,1125,false],"1536x1536":["https:\/\/www.justus.plus\/wp-content\/uploads\/2025\/10\/radika-nachtigall-buch19.jpg",1500,1125,false],"2048x2048":["https:\/\/www.justus.plus\/wp-content\/uploads\/2025\/10\/radika-nachtigall-buch19.jpg",1500,1125,false],"trp-custom-language-flag":["https:\/\/www.justus.plus\/wp-content\/uploads\/2025\/10\/radika-nachtigall-buch19.jpg",16,12,false]},"uagb_author_info":{"display_name":"Uranol","author_link":"https:\/\/www.justus.plus\/de\/author\/uranol\/"},"uagb_comment_info":0,"uagb_excerpt":null,"_links":{"self":[{"href":"https:\/\/www.justus.plus\/de\/wp-json\/wp\/v2\/pages\/1938","targetHints":{"allow":["GET"]}}],"collection":[{"href":"https:\/\/www.justus.plus\/de\/wp-json\/wp\/v2\/pages"}],"about":[{"href":"https:\/\/www.justus.plus\/de\/wp-json\/wp\/v2\/types\/page"}],"author":[{"embeddable":true,"href":"https:\/\/www.justus.plus\/de\/wp-json\/wp\/v2\/users\/1"}],"replies":[{"embeddable":true,"href":"https:\/\/www.justus.plus\/de\/wp-json\/wp\/v2\/comments?post=1938"}],"version-history":[{"count":4,"href":"https:\/\/www.justus.plus\/de\/wp-json\/wp\/v2\/pages\/1938\/revisions"}],"predecessor-version":[{"id":1965,"href":"https:\/\/www.justus.plus\/de\/wp-json\/wp\/v2\/pages\/1938\/revisions\/1965"}],"wp:featuredmedia":[{"embeddable":true,"href":"https:\/\/www.justus.plus\/de\/wp-json\/wp\/v2\/media\/1957"}],"wp:attachment":[{"href":"https:\/\/www.justus.plus\/de\/wp-json\/wp\/v2\/media?parent=1938"}],"wp:term":[{"taxonomy":"category","embeddable":true,"href":"https:\/\/www.justus.plus\/de\/wp-json\/wp\/v2\/categories?post=1938"},{"taxonomy":"post_tag","embeddable":true,"href":"https:\/\/www.justus.plus\/de\/wp-json\/wp\/v2\/tags?post=1938"}],"curies":[{"name":"wp","href":"https:\/\/api.w.org\/{rel}","templated":true}]}}