{"id":1642,"date":"2025-04-10T12:31:44","date_gmt":"2025-04-10T12:31:44","guid":{"rendered":"https:\/\/www.justus.plus\/?page_id=1642"},"modified":"2025-09-14T11:28:51","modified_gmt":"2025-09-14T11:28:51","slug":"about","status":"publish","type":"page","link":"https:\/\/www.justus.plus\/de\/about\/","title":{"rendered":"\u00dcber mich"},"content":{"rendered":"<div class=\"wp-block-columns is-layout-flex wp-container-core-columns-is-layout-60b74431 wp-block-columns-is-layout-flex\" style=\"padding-top:96px;padding-bottom:120px\">\n<div class=\"wp-block-column is-layout-flow wp-block-column-is-layout-flow\" style=\"flex-basis:33.33%\">\n<div class=\"wp-block-group has-global-padding is-layout-constrained wp-container-core-group-is-layout-922bd9c6 wp-block-group-is-layout-constrained\" style=\"padding-top:7px;padding-right:0;padding-bottom:7px;padding-left:0\">\n<p class=\"has-martian-mono-font-family\" style=\"font-size:14px\">Design \/ Illustration \/ Wyld stuff \/ DIY<\/p>\n<\/div>\n<\/div>\n\n\n\n<div class=\"wp-block-column is-layout-flow wp-block-column-is-layout-flow\" style=\"flex-basis:66.66%\">\n<h1 class=\"wp-block-heading\">\u00dcber mich<\/h1>\n<\/div>\n<\/div>\n\n\n\n<div class=\"wp-block-columns is-layout-flex wp-container-core-columns-is-layout-08e37db5 wp-block-columns-is-layout-flex\" style=\"padding-top:8px;padding-bottom:40px\">\n<div class=\"wp-block-column is-layout-flow wp-block-column-is-layout-flow\" style=\"flex-basis:33.33%\">\n<p class=\"has-martian-mono-font-family\" style=\"padding-top:2px;padding-right:8%;padding-bottom:16px;font-size:14px\">I do believe.<\/p>\n<\/div>\n\n\n\n<div class=\"wp-block-column max-width is-layout-flow wp-block-column-is-layout-flow\" style=\"flex-basis:50%\">\n<p>Unsere Welt ver\u00e4ndert sich schnell und zum Schlechten. Wir m\u00fcssen daran arbeiten, sie zu einem besseren Ort f\u00fcr uns und die weniger Privilegierten zu machen. Design ist ein Weg, Dinge einfach, nutzbar und sch\u00f6n zu gestalten. Es gibt keine Welt ohne Kreativit\u00e4t, und manchmal denke ich, dass Kreativit\u00e4t und Kunst unsere letzte Hoffnung sind.<\/p>\n<\/div>\n<\/div>\n\n\n\n<div class=\"wp-block-columns is-layout-flex wp-container-core-columns-is-layout-08e37db5 wp-block-columns-is-layout-flex\" style=\"padding-top:8px;padding-bottom:40px\">\n<div class=\"wp-block-column is-layout-flow wp-block-column-is-layout-flow\" style=\"flex-basis:33.33%\">\n<p class=\"has-martian-mono-font-family\" style=\"padding-top:2px;padding-right:8%;padding-bottom:16px;font-size:14px\">Doing is what I do.<\/p>\n<\/div>\n\n\n\n<div class=\"wp-block-column max-width is-layout-flow wp-block-column-is-layout-flow\" style=\"flex-basis:50%\">\n<p>Ich bin seit etwa einem dutzend Jahren im Designbereich t\u00e4tig. Ausgehend vom Zeichnen \u00fcber das konzeptionelle Design bin ich zum digitalen Design gekommen. Drei Jahre bei <a href=\"https:\/\/cdlx.de\/\">CDLX<\/a> waren toll. Ich habe f\u00fcr gro\u00dfe Firmen wie <a href=\"https:\/\/cdlx.de\/\">V-ZUG<\/a> oder <a href=\"https:\/\/rkw.plus\/de\/#\">RKW+<\/a>, Universit\u00e4ten, Vereine und Einzelpersonen in Kunst und Business<br>Ich habe Websites erstellt, Marken geplant und Illustrationen entworfen. Ich habe Workshops gegeben und an der Universit\u00e4t unterrichtet.<br><br>Ich liebe es Tallbikes zu bauen, im Chor zu singen und unter Leuten zu sein.<\/p>\n<\/div>\n<\/div>\n\n\n\n<div class=\"wp-block-columns is-layout-flex wp-container-core-columns-is-layout-08e37db5 wp-block-columns-is-layout-flex\" style=\"padding-top:8px;padding-bottom:40px\">\n<div class=\"wp-block-column is-layout-flow wp-block-column-is-layout-flow\" style=\"flex-basis:33.33%\">\n<p class=\"has-martian-mono-font-family\" style=\"padding-top:2px;padding-right:8%;padding-bottom:16px;font-size:14px\">Wanna do?<\/p>\n<\/div>\n\n\n\n<div class=\"wp-block-column max-width is-layout-flow wp-block-column-is-layout-flow\" style=\"flex-basis:50%\">\n<p>Just hit me up: <a href=\"mailto:work@justus.plus\">work@justus.plus<\/a><\/p>\n<\/div>\n<\/div>\n\n\n\n<div class=\"wp-block-columns is-layout-flex wp-container-core-columns-is-layout-8b2cf334 wp-block-columns-is-layout-flex\" style=\"padding-top:40px\">\n<div class=\"wp-block-column is-layout-flow wp-block-column-is-layout-flow\" style=\"flex-basis:33.33%\"><\/div>\n\n\n\n<div class=\"wp-block-column is-layout-flow wp-block-column-is-layout-flow\" style=\"flex-basis:66.66%\">\n<div class=\"wp-block-group has-global-padding is-layout-constrained wp-container-core-group-is-layout-7db9d80f wp-block-group-is-layout-constrained\" style=\"border-style:none;border-width:0px;padding-right:0;padding-left:0\">\n<figure class=\"wp-block-image size-full has-custom-border\"><img loading=\"lazy\" decoding=\"async\" width=\"1500\" height=\"2339\" src=\"https:\/\/www.justus.plus\/wp-content\/uploads\/2025\/09\/ich-1-klein.jpg\" alt=\"Portrait eines jungen Mannes mit Schnurrbart und T-Shirt.\" class=\"wp-image-1703\" style=\"border-style:none;border-width:0px\" srcset=\"https:\/\/www.justus.plus\/wp-content\/uploads\/2025\/09\/ich-1-klein.jpg 1500w, https:\/\/www.justus.plus\/wp-content\/uploads\/2025\/09\/ich-1-klein-96x150.jpg 96w, https:\/\/www.justus.plus\/wp-content\/uploads\/2025\/09\/ich-1-klein-768x1198.jpg 768w, https:\/\/www.justus.plus\/wp-content\/uploads\/2025\/09\/ich-1-klein-985x1536.jpg 985w, https:\/\/www.justus.plus\/wp-content\/uploads\/2025\/09\/ich-1-klein-1313x2048.jpg 1313w\" sizes=\"auto, (max-width: 1500px) 100vw, 1500px\" \/><\/figure>\n<\/div>\n<\/div>\n<\/div>\n\n\n\n<div style=\"height:100px\" aria-hidden=\"true\" class=\"wp-block-spacer\"><\/div>","protected":false},"excerpt":{"rendered":"<p>Design \/ Illustration \/ Wyld stuff \/ DIY About me<\/p>","protected":false},"author":1,"featured_media":0,"parent":0,"menu_order":0,"comment_status":"closed","ping_status":"closed","template":"","meta":{"_uag_custom_page_level_css":"","footnotes":""},"categories":[],"tags":[],"class_list":["post-1642","page","type-page","status-publish","hentry"],"yoast_head":"<!-- This site is optimized with the Yoast SEO plugin v27.0 - https:\/\/yoast.com\/product\/yoast-seo-wordpress\/ -->\n<title>About - Justus Pfeifer - design, illustration and hitshitshits<\/title>\n<meta name=\"robots\" content=\"index, follow, max-snippet:-1, max-image-preview:large, max-video-preview:-1\" \/>\n<link rel=\"canonical\" href=\"https:\/\/www.justus.plus\/de\/about\/\" \/>\n<meta property=\"og:locale\" content=\"de_DE\" \/>\n<meta property=\"og:type\" content=\"article\" \/>\n<meta property=\"og:title\" content=\"About - Justus Pfeifer - design, illustration and hitshitshits\" \/>\n<meta property=\"og:description\" content=\"Design \/ Illustration \/ Wyld stuff \/ DIY About me\" \/>\n<meta property=\"og:url\" content=\"https:\/\/www.justus.plus\/de\/about\/\" \/>\n<meta property=\"og:site_name\" content=\"Justus Pfeifer -- design, illustration and hitshitshits\" \/>\n<meta property=\"article:modified_time\" content=\"2025-09-14T11:28:51+00:00\" \/>\n<meta property=\"og:image\" content=\"https:\/\/www.justus.plus\/wp-content\/uploads\/2025\/09\/ich-1-klein.jpg\" \/>\n\t<meta property=\"og:image:width\" content=\"1500\" \/>\n\t<meta property=\"og:image:height\" content=\"2339\" \/>\n\t<meta property=\"og:image:type\" content=\"image\/jpeg\" \/>\n<meta name=\"twitter:card\" content=\"summary_large_image\" \/>\n<meta name=\"twitter:label1\" content=\"Gesch\u00e4tzte Lesezeit\" \/>\n\t<meta name=\"twitter:data1\" content=\"1\u00a0Minute\" \/>\n<script type=\"application\/ld+json\" class=\"yoast-schema-graph\">{\"@context\":\"https:\/\/schema.org\",\"@graph\":[{\"@type\":\"WebPage\",\"@id\":\"https:\/\/www.justus.plus\/about\/\",\"url\":\"https:\/\/www.justus.plus\/about\/\",\"name\":\"About - Justus Pfeifer - design, illustration and hitshitshits\",\"isPartOf\":{\"@id\":\"https:\/\/www.justus.plus\/#website\"},\"primaryImageOfPage\":{\"@id\":\"https:\/\/www.justus.plus\/about\/#primaryimage\"},\"image\":{\"@id\":\"https:\/\/www.justus.plus\/about\/#primaryimage\"},\"thumbnailUrl\":\"https:\/\/www.justus.plus\/wp-content\/uploads\/2025\/09\/ich-1-klein.jpg\",\"datePublished\":\"2025-04-10T12:31:44+00:00\",\"dateModified\":\"2025-09-14T11:28:51+00:00\",\"breadcrumb\":{\"@id\":\"https:\/\/www.justus.plus\/about\/#breadcrumb\"},\"inLanguage\":\"de\",\"potentialAction\":[{\"@type\":\"ReadAction\",\"target\":[\"https:\/\/www.justus.plus\/about\/\"]}]},{\"@type\":\"ImageObject\",\"inLanguage\":\"de\",\"@id\":\"https:\/\/www.justus.plus\/about\/#primaryimage\",\"url\":\"https:\/\/www.justus.plus\/wp-content\/uploads\/2025\/09\/ich-1-klein.jpg\",\"contentUrl\":\"https:\/\/www.justus.plus\/wp-content\/uploads\/2025\/09\/ich-1-klein.jpg\"},{\"@type\":\"BreadcrumbList\",\"@id\":\"https:\/\/www.justus.plus\/about\/#breadcrumb\",\"itemListElement\":[{\"@type\":\"ListItem\",\"position\":1,\"name\":\"Home\",\"item\":\"https:\/\/www.justus.plus\/\"},{\"@type\":\"ListItem\",\"position\":2,\"name\":\"About\"}]},{\"@type\":\"WebSite\",\"@id\":\"https:\/\/www.justus.plus\/#website\",\"url\":\"https:\/\/www.justus.plus\/\",\"name\":\"Justus Pfeifer -- design and hitshitshits\",\"description\":\"\",\"potentialAction\":[{\"@type\":\"SearchAction\",\"target\":{\"@type\":\"EntryPoint\",\"urlTemplate\":\"https:\/\/www.justus.plus\/?s={search_term_string}\"},\"query-input\":{\"@type\":\"PropertyValueSpecification\",\"valueRequired\":true,\"valueName\":\"search_term_string\"}}],\"inLanguage\":\"de\"}]}<\/script>\n<!-- \/ Yoast SEO plugin. -->","yoast_head_json":{"title":"About - Justus Pfeifer - design, illustration and hitshitshits","robots":{"index":"index","follow":"follow","max-snippet":"max-snippet:-1","max-image-preview":"max-image-preview:large","max-video-preview":"max-video-preview:-1"},"canonical":"https:\/\/www.justus.plus\/de\/about\/","og_locale":"de_DE","og_type":"article","og_title":"About - Justus Pfeifer - design, illustration and hitshitshits","og_description":"Design \/ Illustration \/ Wyld stuff \/ DIY About me","og_url":"https:\/\/www.justus.plus\/de\/about\/","og_site_name":"Justus Pfeifer -- design, illustration and hitshitshits","article_modified_time":"2025-09-14T11:28:51+00:00","og_image":[{"width":1500,"height":2339,"url":"https:\/\/www.justus.plus\/wp-content\/uploads\/2025\/09\/ich-1-klein.jpg","type":"image\/jpeg"}],"twitter_card":"summary_large_image","twitter_misc":{"Gesch\u00e4tzte Lesezeit":"1\u00a0Minute"},"schema":{"@context":"https:\/\/schema.org","@graph":[{"@type":"WebPage","@id":"https:\/\/www.justus.plus\/about\/","url":"https:\/\/www.justus.plus\/about\/","name":"About - Justus Pfeifer - design, illustration and hitshitshits","isPartOf":{"@id":"https:\/\/www.justus.plus\/#website"},"primaryImageOfPage":{"@id":"https:\/\/www.justus.plus\/about\/#primaryimage"},"image":{"@id":"https:\/\/www.justus.plus\/about\/#primaryimage"},"thumbnailUrl":"https:\/\/www.justus.plus\/wp-content\/uploads\/2025\/09\/ich-1-klein.jpg","datePublished":"2025-04-10T12:31:44+00:00","dateModified":"2025-09-14T11:28:51+00:00","breadcrumb":{"@id":"https:\/\/www.justus.plus\/about\/#breadcrumb"},"inLanguage":"de","potentialAction":[{"@type":"ReadAction","target":["https:\/\/www.justus.plus\/about\/"]}]},{"@type":"ImageObject","inLanguage":"de","@id":"https:\/\/www.justus.plus\/about\/#primaryimage","url":"https:\/\/www.justus.plus\/wp-content\/uploads\/2025\/09\/ich-1-klein.jpg","contentUrl":"https:\/\/www.justus.plus\/wp-content\/uploads\/2025\/09\/ich-1-klein.jpg"},{"@type":"BreadcrumbList","@id":"https:\/\/www.justus.plus\/about\/#breadcrumb","itemListElement":[{"@type":"ListItem","position":1,"name":"Home","item":"https:\/\/www.justus.plus\/"},{"@type":"ListItem","position":2,"name":"About"}]},{"@type":"WebSite","@id":"https:\/\/www.justus.plus\/#website","url":"https:\/\/www.justus.plus\/","name":"Justus Pfeifer -- design and hitshitshits","description":"","potentialAction":[{"@type":"SearchAction","target":{"@type":"EntryPoint","urlTemplate":"https:\/\/www.justus.plus\/?s={search_term_string}"},"query-input":{"@type":"PropertyValueSpecification","valueRequired":true,"valueName":"search_term_string"}}],"inLanguage":"de"}]}},"uagb_featured_image_src":{"full":false,"thumbnail":false,"medium":false,"medium_large":false,"large":false,"1536x1536":false,"2048x2048":false,"trp-custom-language-flag":false},"uagb_author_info":{"display_name":"Uranol","author_link":"https:\/\/www.justus.plus\/de\/author\/uranol\/"},"uagb_comment_info":0,"uagb_excerpt":"Design \/ Illustration \/ Wyld stuff \/ DIY About me","_links":{"self":[{"href":"https:\/\/www.justus.plus\/de\/wp-json\/wp\/v2\/pages\/1642","targetHints":{"allow":["GET"]}}],"collection":[{"href":"https:\/\/www.justus.plus\/de\/wp-json\/wp\/v2\/pages"}],"about":[{"href":"https:\/\/www.justus.plus\/de\/wp-json\/wp\/v2\/types\/page"}],"author":[{"embeddable":true,"href":"https:\/\/www.justus.plus\/de\/wp-json\/wp\/v2\/users\/1"}],"replies":[{"embeddable":true,"href":"https:\/\/www.justus.plus\/de\/wp-json\/wp\/v2\/comments?post=1642"}],"version-history":[{"count":22,"href":"https:\/\/www.justus.plus\/de\/wp-json\/wp\/v2\/pages\/1642\/revisions"}],"predecessor-version":[{"id":1883,"href":"https:\/\/www.justus.plus\/de\/wp-json\/wp\/v2\/pages\/1642\/revisions\/1883"}],"wp:attachment":[{"href":"https:\/\/www.justus.plus\/de\/wp-json\/wp\/v2\/media?parent=1642"}],"wp:term":[{"taxonomy":"category","embeddable":true,"href":"https:\/\/www.justus.plus\/de\/wp-json\/wp\/v2\/categories?post=1642"},{"taxonomy":"post_tag","embeddable":true,"href":"https:\/\/www.justus.plus\/de\/wp-json\/wp\/v2\/tags?post=1642"}],"curies":[{"name":"wp","href":"https:\/\/api.w.org\/{rel}","templated":true}]}}