{"id":1424,"date":"2025-01-22T09:21:23","date_gmt":"2025-01-22T09:21:23","guid":{"rendered":"https:\/\/www.justus.plus\/?page_id=1424"},"modified":"2026-01-29T13:35:33","modified_gmt":"2026-01-29T13:35:33","slug":"reliably-insecure-2","status":"publish","type":"page","link":"https:\/\/www.justus.plus\/de\/reliably-insecure-2\/","title":{"rendered":"reliably insecure"},"content":{"rendered":"<div class=\"wp-block-columns is-layout-flex wp-container-core-columns-is-layout-ee72f570 wp-block-columns-is-layout-flex\" style=\"padding-top:30vh;padding-bottom:5vh\">\n<div class=\"wp-block-column is-layout-flow wp-block-column-is-layout-flow\" style=\"padding-top:24px;flex-basis:33.33%\">\n<p class=\"has-martian-mono-font-family\" style=\"padding-top:0px;padding-right:8%;padding-bottom:40px;font-size:14px\">2019<br>Spiel \/ Geruch<br><a href=\"https:\/\/www.silbersalz-festival.com\/de\/p\/justus-pfeifer\" target=\"_blank\" rel=\"noreferrer noopener\">Silbersalz festival<\/a><\/p>\n<\/div>\n\n\n\n<div class=\"wp-block-column max-width is-layout-flow wp-block-column-is-layout-flow\" style=\"flex-basis:66%\">\n<h1 class=\"wp-block-heading h1\">reliably insecure<\/h1>\n<\/div>\n<\/div>\n\n\n\n<div class=\"wp-block-columns is-layout-flex wp-container-core-columns-is-layout-28f84493 wp-block-columns-is-layout-flex\">\n<div class=\"wp-block-column is-layout-flow wp-block-column-is-layout-flow\" style=\"flex-basis:33.33%\"><\/div>\n\n\n\n<div class=\"wp-block-column is-layout-flow wp-block-column-is-layout-flow\" style=\"flex-basis:50%\"><div class=\"max-widt wp-block-post-excerpt\"><p class=\"wp-block-post-excerpt__excerpt\">Der Geruchssinn ist unser Ur-Warnsystem. Wir sp\u00fcren Gefahr, ohne zu fragen. Heutzutage sollten wir uns \u00f6fter fragen, ob wir Angst haben sollten oder nicht. Lasst uns ein Spiel spielen und beginnen, auf unsere Sinne zu h\u00f6ren. <\/p><\/div><\/div>\n<\/div>\n\n\n\n<div class=\"wp-block-columns is-layout-flex wp-container-core-columns-is-layout-efd365b7 wp-block-columns-is-layout-flex\" style=\"padding-top:10vh;padding-bottom:10vh\">\n<div class=\"wp-block-column is-layout-flow wp-block-column-is-layout-flow\" style=\"flex-basis:33.33%\"><\/div>\n\n\n\n<div class=\"wp-block-column is-layout-flow wp-block-column-is-layout-flow\" style=\"flex-basis:66.66%\">\n<figure class=\"wp-block-image size-full\"><img loading=\"lazy\" decoding=\"async\" width=\"2496\" height=\"1667\" src=\"https:\/\/www.justus.plus\/wp-content\/uploads\/2020\/06\/shy.jpg\" alt=\"playing cards and a scent bottle\" class=\"wp-image-409\" srcset=\"https:\/\/www.justus.plus\/wp-content\/uploads\/2020\/06\/shy.jpg 2496w, https:\/\/www.justus.plus\/wp-content\/uploads\/2020\/06\/shy-150x100.jpg 150w, https:\/\/www.justus.plus\/wp-content\/uploads\/2020\/06\/shy-768x513.jpg 768w, https:\/\/www.justus.plus\/wp-content\/uploads\/2020\/06\/shy-1536x1026.jpg 1536w, https:\/\/www.justus.plus\/wp-content\/uploads\/2020\/06\/shy-2048x1368.jpg 2048w, https:\/\/www.justus.plus\/wp-content\/uploads\/2020\/06\/shy-1920x1282.jpg 1920w, https:\/\/www.justus.plus\/wp-content\/uploads\/2020\/06\/shy-1280x855.jpg 1280w, https:\/\/www.justus.plus\/wp-content\/uploads\/2020\/06\/shy-1024x684.jpg 1024w, https:\/\/www.justus.plus\/wp-content\/uploads\/2020\/06\/shy-512x342.jpg 512w, https:\/\/www.justus.plus\/wp-content\/uploads\/2020\/06\/shy-265x177.jpg 265w\" sizes=\"auto, (max-width: 2496px) 100vw, 2496px\" \/><\/figure>\n<\/div>\n<\/div>\n\n\n\n<div class=\"wp-block-group has-global-padding is-layout-constrained wp-block-group-is-layout-constrained\">\n<div class=\"wp-block-columns is-layout-flex wp-container-core-columns-is-layout-8b2cf334 wp-block-columns-is-layout-flex\" style=\"padding-top:40px\">\n<div class=\"wp-block-column is-layout-flow wp-block-column-is-layout-flow\" style=\"flex-basis:33.33%\"><\/div>\n\n\n\n<div class=\"wp-block-column is-layout-flow wp-block-column-is-layout-flow\" style=\"flex-basis:66.66%\">\n<h2 class=\"wp-block-heading\">Spielmechaniken<\/h2>\n<\/div>\n<\/div>\n\n\n\n<div class=\"wp-block-columns is-layout-flex wp-container-core-columns-is-layout-08e37db5 wp-block-columns-is-layout-flex\" style=\"padding-top:8px;padding-bottom:40px\">\n<div class=\"wp-block-column is-layout-flow wp-block-column-is-layout-flow\" style=\"flex-basis:33.33%\">\n<p class=\"has-martian-mono-font-family\" style=\"padding-top:2px;padding-right:8%;padding-bottom:16px;font-size:14px\">Es funktioniert. Wirklich.<\/p>\n<\/div>\n\n\n\n<div class=\"wp-block-column max-width is-layout-flow wp-block-column-is-layout-flow\" style=\"flex-basis:50%\">\n<p>Neun verschiedene Risikostufen. Man muss eine Karte ziehen und einen Geruch kreieren, der dieser Stufe entspricht. Flaschen mit Basisessenzen sind vorhanden.<br>Somebody else has to guess now which level of risk is resembled by the smell.<br><br>Selbst Menschen ohne Kenntnisse \u00fcber D\u00fcfte schaffen es, Ger\u00fcche zu kreieren. Je besser sich die Menschen kennen, desto einfacher wird es.<br><br>After about an hour of playing most noses are done and need to rest with an open window. But it was worth it.<\/p>\n<\/div>\n<\/div>\n<\/div>\n\n\n\n<figure class=\"wp-block-gallery has-nested-images columns-default is-cropped wp-block-gallery-1 is-layout-flex wp-block-gallery-is-layout-flex\">\n<figure class=\"wp-block-image size-large\"><img loading=\"lazy\" decoding=\"async\" width=\"2500\" height=\"1637\" data-id=\"385\" src=\"https:\/\/www.justus.plus\/wp-content\/uploads\/2020\/06\/handtropfen.jpg\" alt=\"\" class=\"wp-image-385\" srcset=\"https:\/\/www.justus.plus\/wp-content\/uploads\/2020\/06\/handtropfen.jpg 2500w, https:\/\/www.justus.plus\/wp-content\/uploads\/2020\/06\/handtropfen-150x98.jpg 150w, https:\/\/www.justus.plus\/wp-content\/uploads\/2020\/06\/handtropfen-768x503.jpg 768w, https:\/\/www.justus.plus\/wp-content\/uploads\/2020\/06\/handtropfen-1536x1006.jpg 1536w, https:\/\/www.justus.plus\/wp-content\/uploads\/2020\/06\/handtropfen-2048x1341.jpg 2048w, https:\/\/www.justus.plus\/wp-content\/uploads\/2020\/06\/handtropfen-1920x1257.jpg 1920w, https:\/\/www.justus.plus\/wp-content\/uploads\/2020\/06\/handtropfen-1280x838.jpg 1280w, https:\/\/www.justus.plus\/wp-content\/uploads\/2020\/06\/handtropfen-1024x671.jpg 1024w, https:\/\/www.justus.plus\/wp-content\/uploads\/2020\/06\/handtropfen-512x335.jpg 512w, https:\/\/www.justus.plus\/wp-content\/uploads\/2020\/06\/handtropfen-265x174.jpg 265w\" sizes=\"auto, (max-width: 2500px) 100vw, 2500px\" \/><\/figure>\n\n\n\n<figure class=\"wp-block-image size-large\"><img loading=\"lazy\" decoding=\"async\" width=\"1113\" height=\"1667\" data-id=\"383\" src=\"https:\/\/www.justus.plus\/wp-content\/uploads\/2020\/06\/haendetropffrei.jpg\" alt=\"\" class=\"wp-image-383\" srcset=\"https:\/\/www.justus.plus\/wp-content\/uploads\/2020\/06\/haendetropffrei.jpg 1113w, https:\/\/www.justus.plus\/wp-content\/uploads\/2020\/06\/haendetropffrei-100x150.jpg 100w, https:\/\/www.justus.plus\/wp-content\/uploads\/2020\/06\/haendetropffrei-768x1150.jpg 768w, https:\/\/www.justus.plus\/wp-content\/uploads\/2020\/06\/haendetropffrei-1026x1536.jpg 1026w, https:\/\/www.justus.plus\/wp-content\/uploads\/2020\/06\/haendetropffrei-1024x1534.jpg 1024w, https:\/\/www.justus.plus\/wp-content\/uploads\/2020\/06\/haendetropffrei-512x767.jpg 512w, https:\/\/www.justus.plus\/wp-content\/uploads\/2020\/06\/haendetropffrei-265x397.jpg 265w\" sizes=\"auto, (max-width: 1113px) 100vw, 1113px\" \/><\/figure>\n\n\n\n<figure class=\"wp-block-image size-large\"><img loading=\"lazy\" decoding=\"async\" width=\"2496\" height=\"1667\" data-id=\"377\" src=\"https:\/\/www.justus.plus\/wp-content\/uploads\/2020\/06\/flaschen-1.jpg\" alt=\"\" class=\"wp-image-377\" srcset=\"https:\/\/www.justus.plus\/wp-content\/uploads\/2020\/06\/flaschen-1.jpg 2496w, https:\/\/www.justus.plus\/wp-content\/uploads\/2020\/06\/flaschen-1-150x100.jpg 150w, https:\/\/www.justus.plus\/wp-content\/uploads\/2020\/06\/flaschen-1-768x513.jpg 768w, https:\/\/www.justus.plus\/wp-content\/uploads\/2020\/06\/flaschen-1-1536x1026.jpg 1536w, https:\/\/www.justus.plus\/wp-content\/uploads\/2020\/06\/flaschen-1-2048x1368.jpg 2048w, https:\/\/www.justus.plus\/wp-content\/uploads\/2020\/06\/flaschen-1-1920x1282.jpg 1920w, https:\/\/www.justus.plus\/wp-content\/uploads\/2020\/06\/flaschen-1-1280x855.jpg 1280w, https:\/\/www.justus.plus\/wp-content\/uploads\/2020\/06\/flaschen-1-1024x684.jpg 1024w, https:\/\/www.justus.plus\/wp-content\/uploads\/2020\/06\/flaschen-1-512x342.jpg 512w, https:\/\/www.justus.plus\/wp-content\/uploads\/2020\/06\/flaschen-1-265x177.jpg 265w\" sizes=\"auto, (max-width: 2496px) 100vw, 2496px\" \/><\/figure>\n\n\n\n<figure class=\"wp-block-image size-large\"><img loading=\"lazy\" decoding=\"async\" width=\"2496\" height=\"1667\" data-id=\"381\" src=\"https:\/\/www.justus.plus\/wp-content\/uploads\/2020\/06\/haende.jpg\" alt=\"\" class=\"wp-image-381\" srcset=\"https:\/\/www.justus.plus\/wp-content\/uploads\/2020\/06\/haende.jpg 2496w, https:\/\/www.justus.plus\/wp-content\/uploads\/2020\/06\/haende-150x100.jpg 150w, https:\/\/www.justus.plus\/wp-content\/uploads\/2020\/06\/haende-768x513.jpg 768w, https:\/\/www.justus.plus\/wp-content\/uploads\/2020\/06\/haende-1536x1026.jpg 1536w, https:\/\/www.justus.plus\/wp-content\/uploads\/2020\/06\/haende-2048x1368.jpg 2048w, https:\/\/www.justus.plus\/wp-content\/uploads\/2020\/06\/haende-1920x1282.jpg 1920w, https:\/\/www.justus.plus\/wp-content\/uploads\/2020\/06\/haende-1280x855.jpg 1280w, https:\/\/www.justus.plus\/wp-content\/uploads\/2020\/06\/haende-1024x684.jpg 1024w, https:\/\/www.justus.plus\/wp-content\/uploads\/2020\/06\/haende-512x342.jpg 512w, https:\/\/www.justus.plus\/wp-content\/uploads\/2020\/06\/haende-265x177.jpg 265w\" sizes=\"auto, (max-width: 2496px) 100vw, 2496px\" \/><\/figure>\n\n\n\n<figure class=\"wp-block-image size-large\"><img loading=\"lazy\" decoding=\"async\" width=\"1178\" height=\"1667\" data-id=\"396\" src=\"https:\/\/www.justus.plus\/wp-content\/uploads\/2020\/06\/Justus_4.jpg\" alt=\"\" class=\"wp-image-396\" srcset=\"https:\/\/www.justus.plus\/wp-content\/uploads\/2020\/06\/Justus_4.jpg 1178w, https:\/\/www.justus.plus\/wp-content\/uploads\/2020\/06\/Justus_4-106x150.jpg 106w, https:\/\/www.justus.plus\/wp-content\/uploads\/2020\/06\/Justus_4-768x1087.jpg 768w, https:\/\/www.justus.plus\/wp-content\/uploads\/2020\/06\/Justus_4-1085x1536.jpg 1085w, https:\/\/www.justus.plus\/wp-content\/uploads\/2020\/06\/Justus_4-1024x1449.jpg 1024w, https:\/\/www.justus.plus\/wp-content\/uploads\/2020\/06\/Justus_4-512x725.jpg 512w, https:\/\/www.justus.plus\/wp-content\/uploads\/2020\/06\/Justus_4-265x375.jpg 265w\" sizes=\"auto, (max-width: 1178px) 100vw, 1178px\" \/><\/figure>\n\n\n\n<figure class=\"wp-block-image size-large\"><img loading=\"lazy\" decoding=\"async\" width=\"2358\" height=\"1667\" data-id=\"395\" src=\"https:\/\/www.justus.plus\/wp-content\/uploads\/2020\/06\/Justus_3.jpg\" alt=\"\" class=\"wp-image-395\" srcset=\"https:\/\/www.justus.plus\/wp-content\/uploads\/2020\/06\/Justus_3.jpg 2358w, https:\/\/www.justus.plus\/wp-content\/uploads\/2020\/06\/Justus_3-150x106.jpg 150w, https:\/\/www.justus.plus\/wp-content\/uploads\/2020\/06\/Justus_3-768x543.jpg 768w, https:\/\/www.justus.plus\/wp-content\/uploads\/2020\/06\/Justus_3-1536x1086.jpg 1536w, https:\/\/www.justus.plus\/wp-content\/uploads\/2020\/06\/Justus_3-2048x1448.jpg 2048w, https:\/\/www.justus.plus\/wp-content\/uploads\/2020\/06\/Justus_3-1920x1357.jpg 1920w, https:\/\/www.justus.plus\/wp-content\/uploads\/2020\/06\/Justus_3-1280x905.jpg 1280w, https:\/\/www.justus.plus\/wp-content\/uploads\/2020\/06\/Justus_3-1024x724.jpg 1024w, https:\/\/www.justus.plus\/wp-content\/uploads\/2020\/06\/Justus_3-512x362.jpg 512w, https:\/\/www.justus.plus\/wp-content\/uploads\/2020\/06\/Justus_3-265x187.jpg 265w\" sizes=\"auto, (max-width: 2358px) 100vw, 2358px\" \/><\/figure>\n<\/figure>\n\n\n\n<div style=\"height:100px\" aria-hidden=\"true\" class=\"wp-block-spacer\"><\/div>\n\n\n\n<p><\/p>","protected":false},"excerpt":{"rendered":"<p>Smell is our primal alert system. We sense danger without asking. Nowadys we should ask more often whether we should fear or not.<br \/>Let&#8217;s play a game and start to listen to our senses.<\/p>","protected":false},"author":1,"featured_media":376,"parent":0,"menu_order":9,"comment_status":"closed","ping_status":"closed","template":"","meta":{"_uag_custom_page_level_css":"","footnotes":""},"categories":[7],"tags":[22],"class_list":["post-1424","page","type-page","status-publish","has-post-thumbnail","hentry","category-free","tag-thamotion"],"yoast_head":"<!-- This site is optimized with the Yoast SEO plugin v27.0 - https:\/\/yoast.com\/product\/yoast-seo-wordpress\/ -->\n<title>reliably insecure - Justus Pfeifer - design, illustration and hitshitshits<\/title>\n<meta name=\"description\" content=\"A smell based card game designed by Justus Pfeifer. The game lets you analyse your instincts and whether something is danegrous or not.\" \/>\n<meta name=\"robots\" content=\"index, follow, max-snippet:-1, max-image-preview:large, max-video-preview:-1\" \/>\n<link rel=\"canonical\" href=\"https:\/\/www.justus.plus\/de\/reliably-insecure-2\/\" \/>\n<meta property=\"og:locale\" content=\"de_DE\" \/>\n<meta property=\"og:type\" content=\"article\" \/>\n<meta property=\"og:title\" content=\"reliably insecure - Justus Pfeifer - design, illustration and hitshitshits\" \/>\n<meta property=\"og:description\" content=\"A smell based card game designed by Justus Pfeifer. The game lets you analyse your instincts and whether something is danegrous or not.\" \/>\n<meta property=\"og:url\" content=\"https:\/\/www.justus.plus\/de\/reliably-insecure-2\/\" \/>\n<meta property=\"og:site_name\" content=\"Justus Pfeifer -- design, illustration and hitshitshits\" \/>\n<meta property=\"article:modified_time\" content=\"2026-01-29T13:35:33+00:00\" \/>\n<meta property=\"og:image\" content=\"https:\/\/www.justus.plus\/wp-content\/uploads\/2020\/06\/fahrl\u00e4ssig.jpg\" \/>\n\t<meta property=\"og:image:width\" content=\"2496\" \/>\n\t<meta property=\"og:image:height\" content=\"1667\" \/>\n\t<meta property=\"og:image:type\" content=\"image\/jpeg\" \/>\n<meta name=\"twitter:card\" content=\"summary_large_image\" \/>\n<meta name=\"twitter:label1\" content=\"Gesch\u00e4tzte Lesezeit\" \/>\n\t<meta name=\"twitter:data1\" content=\"2\u00a0Minuten\" \/>\n<script type=\"application\/ld+json\" class=\"yoast-schema-graph\">{\"@context\":\"https:\/\/schema.org\",\"@graph\":[{\"@type\":\"WebPage\",\"@id\":\"https:\/\/www.justus.plus\/reliably-insecure-2\/\",\"url\":\"https:\/\/www.justus.plus\/reliably-insecure-2\/\",\"name\":\"reliably insecure - Justus Pfeifer - design, illustration and hitshitshits\",\"isPartOf\":{\"@id\":\"https:\/\/www.justus.plus\/#website\"},\"primaryImageOfPage\":{\"@id\":\"https:\/\/www.justus.plus\/reliably-insecure-2\/#primaryimage\"},\"image\":{\"@id\":\"https:\/\/www.justus.plus\/reliably-insecure-2\/#primaryimage\"},\"thumbnailUrl\":\"https:\/\/www.justus.plus\/wp-content\/uploads\/2020\/06\/fahrl\u00e4ssig.jpg\",\"datePublished\":\"2025-01-22T09:21:23+00:00\",\"dateModified\":\"2026-01-29T13:35:33+00:00\",\"description\":\"A smell based card game designed by Justus Pfeifer. The game lets you analyse your instincts and whether something is danegrous or not.\",\"breadcrumb\":{\"@id\":\"https:\/\/www.justus.plus\/reliably-insecure-2\/#breadcrumb\"},\"inLanguage\":\"de\",\"potentialAction\":[{\"@type\":\"ReadAction\",\"target\":[\"https:\/\/www.justus.plus\/reliably-insecure-2\/\"]}]},{\"@type\":\"ImageObject\",\"inLanguage\":\"de\",\"@id\":\"https:\/\/www.justus.plus\/reliably-insecure-2\/#primaryimage\",\"url\":\"https:\/\/www.justus.plus\/wp-content\/uploads\/2020\/06\/fahrl\u00e4ssig.jpg\",\"contentUrl\":\"https:\/\/www.justus.plus\/wp-content\/uploads\/2020\/06\/fahrl\u00e4ssig.jpg\",\"width\":2496,\"height\":1667,\"caption\":\"reliably insecure designed by justus pfeifer base\"},{\"@type\":\"BreadcrumbList\",\"@id\":\"https:\/\/www.justus.plus\/reliably-insecure-2\/#breadcrumb\",\"itemListElement\":[{\"@type\":\"ListItem\",\"position\":1,\"name\":\"Home\",\"item\":\"https:\/\/www.justus.plus\/\"},{\"@type\":\"ListItem\",\"position\":2,\"name\":\"reliably insecure\"}]},{\"@type\":\"WebSite\",\"@id\":\"https:\/\/www.justus.plus\/#website\",\"url\":\"https:\/\/www.justus.plus\/\",\"name\":\"Justus Pfeifer -- design and hitshitshits\",\"description\":\"\",\"potentialAction\":[{\"@type\":\"SearchAction\",\"target\":{\"@type\":\"EntryPoint\",\"urlTemplate\":\"https:\/\/www.justus.plus\/?s={search_term_string}\"},\"query-input\":{\"@type\":\"PropertyValueSpecification\",\"valueRequired\":true,\"valueName\":\"search_term_string\"}}],\"inLanguage\":\"de\"}]}<\/script>\n<!-- \/ Yoast SEO plugin. -->","yoast_head_json":{"title":"reliably insecure - Justus Pfeifer - design, illustration and hitshitshits","description":"A smell based card game designed by Justus Pfeifer. The game lets you analyse your instincts and whether something is danegrous or not.","robots":{"index":"index","follow":"follow","max-snippet":"max-snippet:-1","max-image-preview":"max-image-preview:large","max-video-preview":"max-video-preview:-1"},"canonical":"https:\/\/www.justus.plus\/de\/reliably-insecure-2\/","og_locale":"de_DE","og_type":"article","og_title":"reliably insecure - Justus Pfeifer - design, illustration and hitshitshits","og_description":"A smell based card game designed by Justus Pfeifer. The game lets you analyse your instincts and whether something is danegrous or not.","og_url":"https:\/\/www.justus.plus\/de\/reliably-insecure-2\/","og_site_name":"Justus Pfeifer -- design, illustration and hitshitshits","article_modified_time":"2026-01-29T13:35:33+00:00","og_image":[{"width":2496,"height":1667,"url":"https:\/\/www.justus.plus\/wp-content\/uploads\/2020\/06\/fahrl\u00e4ssig.jpg","type":"image\/jpeg"}],"twitter_card":"summary_large_image","twitter_misc":{"Gesch\u00e4tzte Lesezeit":"2\u00a0Minuten"},"schema":{"@context":"https:\/\/schema.org","@graph":[{"@type":"WebPage","@id":"https:\/\/www.justus.plus\/reliably-insecure-2\/","url":"https:\/\/www.justus.plus\/reliably-insecure-2\/","name":"reliably insecure - Justus Pfeifer - design, illustration and hitshitshits","isPartOf":{"@id":"https:\/\/www.justus.plus\/#website"},"primaryImageOfPage":{"@id":"https:\/\/www.justus.plus\/reliably-insecure-2\/#primaryimage"},"image":{"@id":"https:\/\/www.justus.plus\/reliably-insecure-2\/#primaryimage"},"thumbnailUrl":"https:\/\/www.justus.plus\/wp-content\/uploads\/2020\/06\/fahrl\u00e4ssig.jpg","datePublished":"2025-01-22T09:21:23+00:00","dateModified":"2026-01-29T13:35:33+00:00","description":"A smell based card game designed by Justus Pfeifer. The game lets you analyse your instincts and whether something is danegrous or not.","breadcrumb":{"@id":"https:\/\/www.justus.plus\/reliably-insecure-2\/#breadcrumb"},"inLanguage":"de","potentialAction":[{"@type":"ReadAction","target":["https:\/\/www.justus.plus\/reliably-insecure-2\/"]}]},{"@type":"ImageObject","inLanguage":"de","@id":"https:\/\/www.justus.plus\/reliably-insecure-2\/#primaryimage","url":"https:\/\/www.justus.plus\/wp-content\/uploads\/2020\/06\/fahrl\u00e4ssig.jpg","contentUrl":"https:\/\/www.justus.plus\/wp-content\/uploads\/2020\/06\/fahrl\u00e4ssig.jpg","width":2496,"height":1667,"caption":"reliably insecure designed by justus pfeifer base"},{"@type":"BreadcrumbList","@id":"https:\/\/www.justus.plus\/reliably-insecure-2\/#breadcrumb","itemListElement":[{"@type":"ListItem","position":1,"name":"Home","item":"https:\/\/www.justus.plus\/"},{"@type":"ListItem","position":2,"name":"reliably insecure"}]},{"@type":"WebSite","@id":"https:\/\/www.justus.plus\/#website","url":"https:\/\/www.justus.plus\/","name":"Justus Pfeifer -- design and hitshitshits","description":"","potentialAction":[{"@type":"SearchAction","target":{"@type":"EntryPoint","urlTemplate":"https:\/\/www.justus.plus\/?s={search_term_string}"},"query-input":{"@type":"PropertyValueSpecification","valueRequired":true,"valueName":"search_term_string"}}],"inLanguage":"de"}]}},"uagb_featured_image_src":{"full":["https:\/\/www.justus.plus\/wp-content\/uploads\/2020\/06\/fahrl\u00e4ssig.jpg",2496,1667,false],"thumbnail":["https:\/\/www.justus.plus\/wp-content\/uploads\/2020\/06\/fahrl\u00e4ssig.jpg",128,85,false],"medium":["https:\/\/www.justus.plus\/wp-content\/uploads\/2020\/06\/fahrl\u00e4ssig-150x100.jpg",150,100,true],"medium_large":["https:\/\/www.justus.plus\/wp-content\/uploads\/2020\/06\/fahrl\u00e4ssig-768x513.jpg",768,513,true],"large":["https:\/\/www.justus.plus\/wp-content\/uploads\/2020\/06\/fahrl\u00e4ssig.jpg",2496,1667,false],"1536x1536":["https:\/\/www.justus.plus\/wp-content\/uploads\/2020\/06\/fahrl\u00e4ssig-1536x1026.jpg",1536,1026,true],"2048x2048":["https:\/\/www.justus.plus\/wp-content\/uploads\/2020\/06\/fahrl\u00e4ssig-2048x1368.jpg",2048,1368,true],"trp-custom-language-flag":["https:\/\/www.justus.plus\/wp-content\/uploads\/2020\/06\/fahrl\u00e4ssig.jpg",18,12,false]},"uagb_author_info":{"display_name":"Uranol","author_link":"https:\/\/www.justus.plus\/de\/author\/uranol\/"},"uagb_comment_info":0,"uagb_excerpt":"Smell is our primal alert system. We sense danger without asking. Nowadys we should ask more often whether we should fear or not.Let's play a game and start to listen to our senses.","_links":{"self":[{"href":"https:\/\/www.justus.plus\/de\/wp-json\/wp\/v2\/pages\/1424","targetHints":{"allow":["GET"]}}],"collection":[{"href":"https:\/\/www.justus.plus\/de\/wp-json\/wp\/v2\/pages"}],"about":[{"href":"https:\/\/www.justus.plus\/de\/wp-json\/wp\/v2\/types\/page"}],"author":[{"embeddable":true,"href":"https:\/\/www.justus.plus\/de\/wp-json\/wp\/v2\/users\/1"}],"replies":[{"embeddable":true,"href":"https:\/\/www.justus.plus\/de\/wp-json\/wp\/v2\/comments?post=1424"}],"version-history":[{"count":3,"href":"https:\/\/www.justus.plus\/de\/wp-json\/wp\/v2\/pages\/1424\/revisions"}],"predecessor-version":[{"id":2028,"href":"https:\/\/www.justus.plus\/de\/wp-json\/wp\/v2\/pages\/1424\/revisions\/2028"}],"wp:featuredmedia":[{"embeddable":true,"href":"https:\/\/www.justus.plus\/de\/wp-json\/wp\/v2\/media\/376"}],"wp:attachment":[{"href":"https:\/\/www.justus.plus\/de\/wp-json\/wp\/v2\/media?parent=1424"}],"wp:term":[{"taxonomy":"category","embeddable":true,"href":"https:\/\/www.justus.plus\/de\/wp-json\/wp\/v2\/categories?post=1424"},{"taxonomy":"post_tag","embeddable":true,"href":"https:\/\/www.justus.plus\/de\/wp-json\/wp\/v2\/tags?post=1424"}],"curies":[{"name":"wp","href":"https:\/\/api.w.org\/{rel}","templated":true}]}}