{"id":1410,"date":"2025-01-22T08:48:13","date_gmt":"2025-01-22T08:48:13","guid":{"rendered":"https:\/\/www.justus.plus\/?page_id=1410"},"modified":"2025-01-22T09:47:30","modified_gmt":"2025-01-22T09:47:30","slug":"routeable","status":"publish","type":"page","link":"https:\/\/www.justus.plus\/de\/routeable\/","title":{"rendered":"route:able"},"content":{"rendered":"<div class=\"wp-block-columns is-layout-flex wp-container-core-columns-is-layout-ee72f570 wp-block-columns-is-layout-flex\" style=\"padding-top:30vh;padding-bottom:5vh\">\n<div class=\"wp-block-column is-layout-flow wp-block-column-is-layout-flow\" style=\"padding-top:24px;flex-basis:33.33%\">\n<p class=\"has-martian-mono-font-family\" style=\"padding-top:0px;padding-right:8%;padding-bottom:40px;font-size:14px\">2020<br><br>Mit <a href=\"https:\/\/thalon.me\/index.de.html\" target=\"_blank\" rel=\"noreferrer noopener\">Christian Beyerlein<\/a> \/ Axel M\u00fcller \/ Others<\/p>\n<\/div>\n\n\n\n<div class=\"wp-block-column max-width is-layout-flow wp-block-column-is-layout-flow\" style=\"flex-basis:66%\">\n<h1 class=\"wp-block-heading h1\">route:able<\/h1>\n<\/div>\n<\/div>\n\n\n\n<div class=\"wp-block-columns is-layout-flex wp-container-core-columns-is-layout-28f84493 wp-block-columns-is-layout-flex\">\n<div class=\"wp-block-column is-layout-flow wp-block-column-is-layout-flow\" style=\"flex-basis:33.33%\"><\/div>\n\n\n\n<div class=\"wp-block-column is-layout-flow wp-block-column-is-layout-flow\" style=\"flex-basis:50%\"><div class=\"max-widt wp-block-post-excerpt\"><p class=\"wp-block-post-excerpt__excerpt\">Webbasierte Navigation, die allen Bed\u00fcrfnissen gerecht wird. Ein Prototyp: Das Problem: Entweder ber\u00fccksichtigen Apps Kopfsteinpflaster und Steigungen nicht oder sie vermeiden sie komplett. Im echten Leben \u00fcberlegt man, ob es sich lohnt, die 50 Meter auf unbequemer Oberfl\u00e4che zur\u00fcckzulegen. Wir haben eine App entwickelt, die das auch macht. <\/p><\/div><\/div>\n<\/div>\n\n\n\n<div class=\"wp-block-columns is-layout-flex wp-container-core-columns-is-layout-efd365b7 wp-block-columns-is-layout-flex\" style=\"padding-top:10vh;padding-bottom:10vh\">\n<div class=\"wp-block-column is-layout-flow wp-block-column-is-layout-flow\" style=\"flex-basis:33.33%\"><\/div>\n\n\n\n<div class=\"wp-block-column is-layout-flow wp-block-column-is-layout-flow\" style=\"flex-basis:66.66%\">\n<figure class=\"wp-block-image size-full\"><img loading=\"lazy\" decoding=\"async\" width=\"960\" height=\"540\" src=\"https:\/\/www.justus.plus\/wp-content\/uploads\/2020\/12\/MobiData-BW-Hackathon7.jpg\" alt=\"Screens of an accessible routing app.\" class=\"wp-image-453\" srcset=\"https:\/\/www.justus.plus\/wp-content\/uploads\/2020\/12\/MobiData-BW-Hackathon7.jpg 960w, https:\/\/www.justus.plus\/wp-content\/uploads\/2020\/12\/MobiData-BW-Hackathon7-150x84.jpg 150w, https:\/\/www.justus.plus\/wp-content\/uploads\/2020\/12\/MobiData-BW-Hackathon7-768x432.jpg 768w, https:\/\/www.justus.plus\/wp-content\/uploads\/2020\/12\/MobiData-BW-Hackathon7-512x288.jpg 512w, https:\/\/www.justus.plus\/wp-content\/uploads\/2020\/12\/MobiData-BW-Hackathon7-265x149.jpg 265w\" sizes=\"auto, (max-width: 960px) 100vw, 960px\" \/><figcaption class=\"wp-element-caption\">Route:able beim MobiData BW Hackathon 2020<\/figcaption><\/figure>\n<\/div>\n<\/div>\n\n\n\n<div class=\"wp-block-group has-global-padding is-layout-constrained wp-block-group-is-layout-constrained\">\n<div class=\"wp-block-columns is-layout-flex wp-container-core-columns-is-layout-8b2cf334 wp-block-columns-is-layout-flex\" style=\"padding-top:40px\">\n<div class=\"wp-block-column is-layout-flow wp-block-column-is-layout-flow\" style=\"flex-basis:33.33%\"><\/div>\n\n\n\n<div class=\"wp-block-column is-layout-flow wp-block-column-is-layout-flow\" style=\"flex-basis:66.66%\">\n<h2 class=\"wp-block-heading\">Barrierefreiheit<\/h2>\n<\/div>\n<\/div>\n\n\n\n<div class=\"wp-block-columns is-layout-flex wp-container-core-columns-is-layout-08e37db5 wp-block-columns-is-layout-flex\" style=\"padding-top:8px;padding-bottom:40px\">\n<div class=\"wp-block-column is-layout-flow wp-block-column-is-layout-flow\" style=\"flex-basis:33.33%\">\n<p class=\"has-martian-mono-font-family\" style=\"padding-top:2px;padding-right:8%;padding-bottom:16px;font-size:14px\">Barrierefreiheit hilft mehr Menschen, als wir zun\u00e4chst denken.<\/p>\n<\/div>\n\n\n\n<div class=\"wp-block-column max-width is-layout-flow wp-block-column-is-layout-flow\" style=\"flex-basis:50%\">\n<p>Leg selbst fest, wie sehr dich Hindernisse behindern. Dadurch wird die Zeit f\u00fcr die Route realistisch berechnet. <br>Viele Menschen profitieren von diesem Mechanismus: Lastenfahrr\u00e4der, Kinderwagen, schweres Gep\u00e4ck, Rollst\u00fchle.<br><br>Die App selbst muss auch digital barrierefrei sein.<\/p>\n<\/div>\n<\/div>\n<\/div>\n\n\n\n<div class=\"wp-block-group has-global-padding is-layout-constrained wp-block-group-is-layout-constrained\">\n<div class=\"wp-block-columns is-layout-flex wp-container-core-columns-is-layout-8b2cf334 wp-block-columns-is-layout-flex\" style=\"padding-top:40px\">\n<div class=\"wp-block-column is-layout-flow wp-block-column-is-layout-flow\" style=\"flex-basis:33.33%\"><\/div>\n\n\n\n<div class=\"wp-block-column is-layout-flow wp-block-column-is-layout-flow\" style=\"flex-basis:66.66%\">\n<h2 class=\"wp-block-heading\">Das Projekt<\/h2>\n<\/div>\n<\/div>\n\n\n\n<div class=\"wp-block-columns is-layout-flex wp-container-core-columns-is-layout-08e37db5 wp-block-columns-is-layout-flex\" style=\"padding-top:8px;padding-bottom:40px\">\n<div class=\"wp-block-column is-layout-flow wp-block-column-is-layout-flow\" style=\"flex-basis:33.33%\">\n<p class=\"has-martian-mono-font-family\" style=\"padding-top:2px;padding-right:8%;padding-bottom:16px;font-size:14px\"><a href=\"https:\/\/be-able.info\/de\/projekte\/hackademy\/\" target=\"_blank\" rel=\"noreferrer noopener\">Open Health HACKademy<\/a><\/p>\n<\/div>\n\n\n\n<div class=\"wp-block-column max-width is-layout-flow wp-block-column-is-layout-flow\" style=\"flex-basis:50%\">\n<p>Wir haben als Teil der Open Health Hackademy angefangen. Ein Projekt zur Entwicklung von Open-Source-L\u00f6sungen f\u00fcr allt\u00e4gliche Probleme von Menschen mit Behinderungen. Nach dem Projekt haben wir weitergemacht.<br><br>Wir haben dien MobiData BW Hackathon gewonnen und eine Finanzierung f\u00fcr dne Prototypen bekommen. <\/p>\n<\/div>\n<\/div>\n<\/div>\n\n\n\n<div style=\"height:100px\" aria-hidden=\"true\" class=\"wp-block-spacer\"><\/div>\n\n\n\n<p><\/p>","protected":false},"excerpt":{"rendered":"<p>Web based navigation that fits everybodys needs. A prototype:<br \/>The issue: Either apps don&#8217;t care for cobblestones and slopes or they avoid it completely. <br \/>In real life you calculate whether it&#8217;s worth to go the 50 meters on annoying surface. We built an app that does that too.<\/p>","protected":false},"author":1,"featured_media":453,"parent":0,"menu_order":9,"comment_status":"closed","ping_status":"closed","template":"","meta":{"_uag_custom_page_level_css":"","footnotes":""},"categories":[7],"tags":[22],"class_list":["post-1410","page","type-page","status-publish","has-post-thumbnail","hentry","category-free","tag-thamotion"],"yoast_head":"<!-- This site is optimized with the Yoast SEO plugin v27.0 - https:\/\/yoast.com\/product\/yoast-seo-wordpress\/ -->\n<title>route:able - Justus Pfeifer - design, illustration and hitshitshits<\/title>\n<meta name=\"description\" content=\"An accessible routing web app. Parametric routing lets you navigate the way you need. Accessible UI\/UX and open data.\" \/>\n<meta name=\"robots\" content=\"index, follow, max-snippet:-1, max-image-preview:large, max-video-preview:-1\" \/>\n<link rel=\"canonical\" href=\"https:\/\/www.justus.plus\/de\/routeable\/\" \/>\n<meta property=\"og:locale\" content=\"de_DE\" \/>\n<meta property=\"og:type\" content=\"article\" \/>\n<meta property=\"og:title\" content=\"route:able - Justus Pfeifer - design, illustration and hitshitshits\" \/>\n<meta property=\"og:description\" content=\"An accessible routing web app. Parametric routing lets you navigate the way you need. Accessible UI\/UX and open data.\" \/>\n<meta property=\"og:url\" content=\"https:\/\/www.justus.plus\/de\/routeable\/\" \/>\n<meta property=\"og:site_name\" content=\"Justus Pfeifer -- design, illustration and hitshitshits\" \/>\n<meta property=\"article:modified_time\" content=\"2025-01-22T09:47:30+00:00\" \/>\n<meta property=\"og:image\" content=\"https:\/\/www.justus.plus\/wp-content\/uploads\/2020\/12\/MobiData-BW-Hackathon7.jpg\" \/>\n\t<meta property=\"og:image:width\" content=\"960\" \/>\n\t<meta property=\"og:image:height\" content=\"540\" \/>\n\t<meta property=\"og:image:type\" content=\"image\/jpeg\" \/>\n<meta name=\"twitter:card\" content=\"summary_large_image\" \/>\n<meta name=\"twitter:label1\" content=\"Gesch\u00e4tzte Lesezeit\" \/>\n\t<meta name=\"twitter:data1\" content=\"1\u00a0Minute\" \/>\n<script type=\"application\/ld+json\" class=\"yoast-schema-graph\">{\"@context\":\"https:\/\/schema.org\",\"@graph\":[{\"@type\":\"WebPage\",\"@id\":\"https:\/\/www.justus.plus\/routeable\/\",\"url\":\"https:\/\/www.justus.plus\/routeable\/\",\"name\":\"route:able - Justus Pfeifer - design, illustration and hitshitshits\",\"isPartOf\":{\"@id\":\"https:\/\/www.justus.plus\/#website\"},\"primaryImageOfPage\":{\"@id\":\"https:\/\/www.justus.plus\/routeable\/#primaryimage\"},\"image\":{\"@id\":\"https:\/\/www.justus.plus\/routeable\/#primaryimage\"},\"thumbnailUrl\":\"https:\/\/www.justus.plus\/wp-content\/uploads\/2020\/12\/MobiData-BW-Hackathon7.jpg\",\"datePublished\":\"2025-01-22T08:48:13+00:00\",\"dateModified\":\"2025-01-22T09:47:30+00:00\",\"description\":\"An accessible routing web app. Parametric routing lets you navigate the way you need. Accessible UI\/UX and open data.\",\"breadcrumb\":{\"@id\":\"https:\/\/www.justus.plus\/routeable\/#breadcrumb\"},\"inLanguage\":\"de\",\"potentialAction\":[{\"@type\":\"ReadAction\",\"target\":[\"https:\/\/www.justus.plus\/routeable\/\"]}]},{\"@type\":\"ImageObject\",\"inLanguage\":\"de\",\"@id\":\"https:\/\/www.justus.plus\/routeable\/#primaryimage\",\"url\":\"https:\/\/www.justus.plus\/wp-content\/uploads\/2020\/12\/MobiData-BW-Hackathon7.jpg\",\"contentUrl\":\"https:\/\/www.justus.plus\/wp-content\/uploads\/2020\/12\/MobiData-BW-Hackathon7.jpg\",\"width\":960,\"height\":540,\"caption\":\"Screens of an accessible routing app\"},{\"@type\":\"BreadcrumbList\",\"@id\":\"https:\/\/www.justus.plus\/routeable\/#breadcrumb\",\"itemListElement\":[{\"@type\":\"ListItem\",\"position\":1,\"name\":\"Home\",\"item\":\"https:\/\/www.justus.plus\/\"},{\"@type\":\"ListItem\",\"position\":2,\"name\":\"route:able\"}]},{\"@type\":\"WebSite\",\"@id\":\"https:\/\/www.justus.plus\/#website\",\"url\":\"https:\/\/www.justus.plus\/\",\"name\":\"Justus Pfeifer -- design and hitshitshits\",\"description\":\"\",\"potentialAction\":[{\"@type\":\"SearchAction\",\"target\":{\"@type\":\"EntryPoint\",\"urlTemplate\":\"https:\/\/www.justus.plus\/?s={search_term_string}\"},\"query-input\":{\"@type\":\"PropertyValueSpecification\",\"valueRequired\":true,\"valueName\":\"search_term_string\"}}],\"inLanguage\":\"de\"}]}<\/script>\n<!-- \/ Yoast SEO plugin. -->","yoast_head_json":{"title":"route:able - Justus Pfeifer - design, illustration and hitshitshits","description":"An accessible routing web app. Parametric routing lets you navigate the way you need. Accessible UI\/UX and open data.","robots":{"index":"index","follow":"follow","max-snippet":"max-snippet:-1","max-image-preview":"max-image-preview:large","max-video-preview":"max-video-preview:-1"},"canonical":"https:\/\/www.justus.plus\/de\/routeable\/","og_locale":"de_DE","og_type":"article","og_title":"route:able - Justus Pfeifer - design, illustration and hitshitshits","og_description":"An accessible routing web app. Parametric routing lets you navigate the way you need. Accessible UI\/UX and open data.","og_url":"https:\/\/www.justus.plus\/de\/routeable\/","og_site_name":"Justus Pfeifer -- design, illustration and hitshitshits","article_modified_time":"2025-01-22T09:47:30+00:00","og_image":[{"width":960,"height":540,"url":"https:\/\/www.justus.plus\/wp-content\/uploads\/2020\/12\/MobiData-BW-Hackathon7.jpg","type":"image\/jpeg"}],"twitter_card":"summary_large_image","twitter_misc":{"Gesch\u00e4tzte Lesezeit":"1\u00a0Minute"},"schema":{"@context":"https:\/\/schema.org","@graph":[{"@type":"WebPage","@id":"https:\/\/www.justus.plus\/routeable\/","url":"https:\/\/www.justus.plus\/routeable\/","name":"route:able - Justus Pfeifer - design, illustration and hitshitshits","isPartOf":{"@id":"https:\/\/www.justus.plus\/#website"},"primaryImageOfPage":{"@id":"https:\/\/www.justus.plus\/routeable\/#primaryimage"},"image":{"@id":"https:\/\/www.justus.plus\/routeable\/#primaryimage"},"thumbnailUrl":"https:\/\/www.justus.plus\/wp-content\/uploads\/2020\/12\/MobiData-BW-Hackathon7.jpg","datePublished":"2025-01-22T08:48:13+00:00","dateModified":"2025-01-22T09:47:30+00:00","description":"An accessible routing web app. Parametric routing lets you navigate the way you need. Accessible UI\/UX and open data.","breadcrumb":{"@id":"https:\/\/www.justus.plus\/routeable\/#breadcrumb"},"inLanguage":"de","potentialAction":[{"@type":"ReadAction","target":["https:\/\/www.justus.plus\/routeable\/"]}]},{"@type":"ImageObject","inLanguage":"de","@id":"https:\/\/www.justus.plus\/routeable\/#primaryimage","url":"https:\/\/www.justus.plus\/wp-content\/uploads\/2020\/12\/MobiData-BW-Hackathon7.jpg","contentUrl":"https:\/\/www.justus.plus\/wp-content\/uploads\/2020\/12\/MobiData-BW-Hackathon7.jpg","width":960,"height":540,"caption":"Screens of an accessible routing app"},{"@type":"BreadcrumbList","@id":"https:\/\/www.justus.plus\/routeable\/#breadcrumb","itemListElement":[{"@type":"ListItem","position":1,"name":"Home","item":"https:\/\/www.justus.plus\/"},{"@type":"ListItem","position":2,"name":"route:able"}]},{"@type":"WebSite","@id":"https:\/\/www.justus.plus\/#website","url":"https:\/\/www.justus.plus\/","name":"Justus Pfeifer -- design and hitshitshits","description":"","potentialAction":[{"@type":"SearchAction","target":{"@type":"EntryPoint","urlTemplate":"https:\/\/www.justus.plus\/?s={search_term_string}"},"query-input":{"@type":"PropertyValueSpecification","valueRequired":true,"valueName":"search_term_string"}}],"inLanguage":"de"}]}},"uagb_featured_image_src":{"full":["https:\/\/www.justus.plus\/wp-content\/uploads\/2020\/12\/MobiData-BW-Hackathon7.jpg",960,540,false],"thumbnail":["https:\/\/www.justus.plus\/wp-content\/uploads\/2020\/12\/MobiData-BW-Hackathon7.jpg",128,72,false],"medium":["https:\/\/www.justus.plus\/wp-content\/uploads\/2020\/12\/MobiData-BW-Hackathon7-150x84.jpg",150,84,true],"medium_large":["https:\/\/www.justus.plus\/wp-content\/uploads\/2020\/12\/MobiData-BW-Hackathon7-768x432.jpg",768,432,true],"large":["https:\/\/www.justus.plus\/wp-content\/uploads\/2020\/12\/MobiData-BW-Hackathon7.jpg",960,540,false],"1536x1536":["https:\/\/www.justus.plus\/wp-content\/uploads\/2020\/12\/MobiData-BW-Hackathon7.jpg",960,540,false],"2048x2048":["https:\/\/www.justus.plus\/wp-content\/uploads\/2020\/12\/MobiData-BW-Hackathon7.jpg",960,540,false],"trp-custom-language-flag":["https:\/\/www.justus.plus\/wp-content\/uploads\/2020\/12\/MobiData-BW-Hackathon7.jpg",18,10,false]},"uagb_author_info":{"display_name":"Uranol","author_link":"https:\/\/www.justus.plus\/de\/author\/uranol\/"},"uagb_comment_info":0,"uagb_excerpt":"Web based navigation that fits everybodys needs. A prototype:The issue: Either apps don't care for cobblestones and slopes or they avoid it completely. In real life you calculate whether it's worth to go the 50 meters on annoying surface. We built an app that does that too.","_links":{"self":[{"href":"https:\/\/www.justus.plus\/de\/wp-json\/wp\/v2\/pages\/1410","targetHints":{"allow":["GET"]}}],"collection":[{"href":"https:\/\/www.justus.plus\/de\/wp-json\/wp\/v2\/pages"}],"about":[{"href":"https:\/\/www.justus.plus\/de\/wp-json\/wp\/v2\/types\/page"}],"author":[{"embeddable":true,"href":"https:\/\/www.justus.plus\/de\/wp-json\/wp\/v2\/users\/1"}],"replies":[{"embeddable":true,"href":"https:\/\/www.justus.plus\/de\/wp-json\/wp\/v2\/comments?post=1410"}],"version-history":[{"count":1,"href":"https:\/\/www.justus.plus\/de\/wp-json\/wp\/v2\/pages\/1410\/revisions"}],"predecessor-version":[{"id":1411,"href":"https:\/\/www.justus.plus\/de\/wp-json\/wp\/v2\/pages\/1410\/revisions\/1411"}],"wp:featuredmedia":[{"embeddable":true,"href":"https:\/\/www.justus.plus\/de\/wp-json\/wp\/v2\/media\/453"}],"wp:attachment":[{"href":"https:\/\/www.justus.plus\/de\/wp-json\/wp\/v2\/media?parent=1410"}],"wp:term":[{"taxonomy":"category","embeddable":true,"href":"https:\/\/www.justus.plus\/de\/wp-json\/wp\/v2\/categories?post=1410"},{"taxonomy":"post_tag","embeddable":true,"href":"https:\/\/www.justus.plus\/de\/wp-json\/wp\/v2\/tags?post=1410"}],"curies":[{"name":"wp","href":"https:\/\/api.w.org\/{rel}","templated":true}]}}