{"id":1405,"date":"2025-01-22T08:30:27","date_gmt":"2025-01-22T08:30:27","guid":{"rendered":"https:\/\/www.justus.plus\/?page_id=1405"},"modified":"2025-01-22T09:49:03","modified_gmt":"2025-01-22T09:49:03","slug":"synchronicity","status":"publish","type":"page","link":"https:\/\/www.justus.plus\/de\/synchronicity\/","title":{"rendered":"Synchronizit\u00e4t"},"content":{"rendered":"<div class=\"wp-block-columns is-layout-flex wp-container-core-columns-is-layout-ee72f570 wp-block-columns-is-layout-flex\" style=\"padding-top:30vh;padding-bottom:5vh\">\n<div class=\"wp-block-column is-layout-flow wp-block-column-is-layout-flow\" style=\"padding-top:24px;flex-basis:33.33%\">\n<p class=\"has-martian-mono-font-family\" style=\"padding-top:0px;padding-right:8%;padding-bottom:40px;font-size:14px\">2020<br><br>Mit <a href=\"https:\/\/thamotion.com\/\">Thamotion<\/a><br>Gezeigt bei: <a href=\"https:\/\/thedorf.de\/kultur\/kunst\/die-digitale-duesseldorf\/\" target=\"_blank\" rel=\"noreferrer noopener\">Die Digitale<\/a><\/p>\n<\/div>\n\n\n\n<div class=\"wp-block-column max-width is-layout-flow wp-block-column-is-layout-flow\" style=\"flex-basis:66%\">\n<h1 class=\"wp-block-heading h1\">Synchronizit\u00e4t<\/h1>\n<\/div>\n<\/div>\n\n\n\n<div class=\"wp-block-columns is-layout-flex wp-container-core-columns-is-layout-28f84493 wp-block-columns-is-layout-flex\">\n<div class=\"wp-block-column is-layout-flow wp-block-column-is-layout-flow\" style=\"flex-basis:33.33%\"><\/div>\n\n\n\n<div class=\"wp-block-column is-layout-flow wp-block-column-is-layout-flow\" style=\"flex-basis:50%\"><div class=\"max-widt wp-block-post-excerpt\"><p class=\"wp-block-post-excerpt__excerpt\">Wir Menschen sind gut darin, Dinge miteinander zu verbinden. Wir versuchen, unsere Erfahrungen in Einklang zu bringen, damit das Chaos um uns herum einen Sinn ergibt. Das nennt man Synchronizit\u00e4t. <\/p><\/div><\/div>\n<\/div>\n\n\n\n<div class=\"wp-block-columns is-layout-flex wp-container-core-columns-is-layout-efd365b7 wp-block-columns-is-layout-flex\" style=\"padding-top:10vh;padding-bottom:10vh\">\n<div class=\"wp-block-column is-layout-flow wp-block-column-is-layout-flow\" style=\"flex-basis:33.33%\"><\/div>\n\n\n\n<div class=\"wp-block-column is-layout-flow wp-block-column-is-layout-flow\" style=\"flex-basis:66.66%\">\n<figure class=\"wp-block-image size-full\"><img loading=\"lazy\" decoding=\"async\" width=\"600\" height=\"849\" src=\"https:\/\/www.justus.plus\/wp-content\/uploads\/2020\/11\/synchron_klein.jpg\" alt=\"A wyld poster with a 3d donkey\" class=\"wp-image-444\" srcset=\"https:\/\/www.justus.plus\/wp-content\/uploads\/2020\/11\/synchron_klein.jpg 600w, https:\/\/www.justus.plus\/wp-content\/uploads\/2020\/11\/synchron_klein-106x150.jpg 106w, https:\/\/www.justus.plus\/wp-content\/uploads\/2020\/11\/synchron_klein-512x724.jpg 512w, https:\/\/www.justus.plus\/wp-content\/uploads\/2020\/11\/synchron_klein-265x375.jpg 265w\" sizes=\"auto, (max-width: 600px) 100vw, 600px\" \/><figcaption class=\"wp-element-caption\">Synchronizit\u00e4t : Die Digitale<\/figcaption><\/figure>\n<\/div>\n<\/div>\n\n\n\n<div class=\"wp-block-group has-global-padding is-layout-constrained wp-block-group-is-layout-constrained\">\n<div class=\"wp-block-columns is-layout-flex wp-container-core-columns-is-layout-8b2cf334 wp-block-columns-is-layout-flex\" style=\"padding-top:40px\">\n<div class=\"wp-block-column is-layout-flow wp-block-column-is-layout-flow\" style=\"flex-basis:33.33%\"><\/div>\n\n\n\n<div class=\"wp-block-column is-layout-flow wp-block-column-is-layout-flow\" style=\"flex-basis:66.66%\">\n<h2 class=\"wp-block-heading\">Hintergrund<\/h2>\n<\/div>\n<\/div>\n\n\n\n<div class=\"wp-block-columns is-layout-flex wp-container-core-columns-is-layout-08e37db5 wp-block-columns-is-layout-flex\" style=\"padding-top:8px;padding-bottom:40px\">\n<div class=\"wp-block-column is-layout-flow wp-block-column-is-layout-flow\" style=\"flex-basis:33.33%\">\n<p class=\"has-martian-mono-font-family\" style=\"padding-top:2px;padding-right:8%;padding-bottom:16px;font-size:14px\">\/\/ Zeiten bevor ich Webdesign gemacht habe.<\/p>\n<\/div>\n\n\n\n<div class=\"wp-block-column max-width is-layout-flow wp-block-column-is-layout-flow\" style=\"flex-basis:50%\">\n<p>In Zeiten, in denen Menschen dazu neigen, ihre eigenen falschen Verkn\u00fcpfungen herzustellen, geben wir Einblicke in die tats\u00e4chlichen Hintergr\u00fcnde.<br><br>Durch das Scannen von Firmenlogos erh\u00e4lt man Illustrationen, die die Geschichte hinter dem Unternehmen erz\u00e4hlen.<\/p>\n<\/div>\n<\/div>\n<\/div>\n\n\n\n<div class=\"wp-block-columns is-layout-flex wp-container-core-columns-is-layout-28f84493 wp-block-columns-is-layout-flex\">\n<div class=\"wp-block-column is-layout-flow wp-block-column-is-layout-flow\">\n<figure class=\"wp-block-image size-full\"><img loading=\"lazy\" decoding=\"async\" width=\"4080\" height=\"3055\" src=\"https:\/\/www.justus.plus\/wp-content\/uploads\/2020\/06\/deutsche-bank-mit-hand.jpg\" alt=\"\" class=\"wp-image-312\" srcset=\"https:\/\/www.justus.plus\/wp-content\/uploads\/2020\/06\/deutsche-bank-mit-hand.jpg 4080w, https:\/\/www.justus.plus\/wp-content\/uploads\/2020\/06\/deutsche-bank-mit-hand-150x112.jpg 150w, https:\/\/www.justus.plus\/wp-content\/uploads\/2020\/06\/deutsche-bank-mit-hand-768x575.jpg 768w, https:\/\/www.justus.plus\/wp-content\/uploads\/2020\/06\/deutsche-bank-mit-hand-1536x1150.jpg 1536w, https:\/\/www.justus.plus\/wp-content\/uploads\/2020\/06\/deutsche-bank-mit-hand-2048x1533.jpg 2048w, https:\/\/www.justus.plus\/wp-content\/uploads\/2020\/06\/deutsche-bank-mit-hand-1920x1438.jpg 1920w, https:\/\/www.justus.plus\/wp-content\/uploads\/2020\/06\/deutsche-bank-mit-hand-1280x958.jpg 1280w, https:\/\/www.justus.plus\/wp-content\/uploads\/2020\/06\/deutsche-bank-mit-hand-1024x767.jpg 1024w, https:\/\/www.justus.plus\/wp-content\/uploads\/2020\/06\/deutsche-bank-mit-hand-512x383.jpg 512w, https:\/\/www.justus.plus\/wp-content\/uploads\/2020\/06\/deutsche-bank-mit-hand-265x198.jpg 265w\" sizes=\"auto, (max-width: 4080px) 100vw, 4080px\" \/><\/figure>\n<\/div>\n\n\n\n<div class=\"wp-block-column is-layout-flow wp-block-column-is-layout-flow\">\n<figure class=\"wp-block-image size-full\"><img loading=\"lazy\" decoding=\"async\" width=\"4160\" height=\"3120\" src=\"https:\/\/www.justus.plus\/wp-content\/uploads\/2020\/06\/200512-db.jpg\" alt=\"\" class=\"wp-image-310\" srcset=\"https:\/\/www.justus.plus\/wp-content\/uploads\/2020\/06\/200512-db.jpg 4160w, https:\/\/www.justus.plus\/wp-content\/uploads\/2020\/06\/200512-db-150x113.jpg 150w, https:\/\/www.justus.plus\/wp-content\/uploads\/2020\/06\/200512-db-768x576.jpg 768w, https:\/\/www.justus.plus\/wp-content\/uploads\/2020\/06\/200512-db-1536x1152.jpg 1536w, https:\/\/www.justus.plus\/wp-content\/uploads\/2020\/06\/200512-db-2048x1536.jpg 2048w, https:\/\/www.justus.plus\/wp-content\/uploads\/2020\/06\/200512-db-1920x1440.jpg 1920w, https:\/\/www.justus.plus\/wp-content\/uploads\/2020\/06\/200512-db-1280x960.jpg 1280w, https:\/\/www.justus.plus\/wp-content\/uploads\/2020\/06\/200512-db-1024x768.jpg 1024w, https:\/\/www.justus.plus\/wp-content\/uploads\/2020\/06\/200512-db-512x384.jpg 512w, https:\/\/www.justus.plus\/wp-content\/uploads\/2020\/06\/200512-db-265x199.jpg 265w\" sizes=\"auto, (max-width: 4160px) 100vw, 4160px\" \/><\/figure>\n<\/div>\n<\/div>\n\n\n\n<div style=\"height:100px\" aria-hidden=\"true\" class=\"wp-block-spacer\"><\/div>\n\n\n\n<div class=\"wp-block-group has-global-padding is-layout-constrained wp-block-group-is-layout-constrained\">\n<div class=\"wp-block-columns is-layout-flex wp-container-core-columns-is-layout-8b2cf334 wp-block-columns-is-layout-flex\" style=\"padding-top:40px\">\n<div class=\"wp-block-column is-layout-flow wp-block-column-is-layout-flow\" style=\"flex-basis:33.33%\"><\/div>\n\n\n\n<div class=\"wp-block-column is-layout-flow wp-block-column-is-layout-flow\" style=\"flex-basis:66.66%\">\n<h2 class=\"wp-block-heading\">Web AR<\/h2>\n<\/div>\n<\/div>\n\n\n\n<div class=\"wp-block-columns is-layout-flex wp-container-core-columns-is-layout-08e37db5 wp-block-columns-is-layout-flex\" style=\"padding-top:8px;padding-bottom:40px\">\n<div class=\"wp-block-column is-layout-flow wp-block-column-is-layout-flow\" style=\"flex-basis:33.33%\">\n<p class=\"has-martian-mono-font-family\" style=\"padding-top:2px;padding-right:8%;padding-bottom:16px;font-size:14px\"><a href=\"https:\/\/ar-js-org.github.io\/AR.js-Docs\/\" target=\"_blank\" rel=\"noreferrer noopener\">AR.js<\/a><\/p>\n<\/div>\n\n\n\n<div class=\"wp-block-column max-width is-layout-flow wp-block-column-is-layout-flow\" style=\"flex-basis:50%\">\n<p>Um es zug\u00e4nglicher zu machen, haben wir uns f\u00fcr eine Website statt einer App entschieden. Daf\u00fcr konnten wir die standardm\u00e4\u00dfigen und gut funktionierenden Augmented-Reality-Modelle nicht verwenden. Wir mussten Open-Source-Web-AR-Skripte verwenden. Das funktioniert zwar, ist aber nicht allzu zuverl\u00e4ssig. F\u00fcr die Ausstellung haben wir uns f\u00fcr die noch zuverl\u00e4ssigere standortbasierte AR anstelle der Bilderkennung entschieden.<\/p>\n<\/div>\n<\/div>\n<\/div>\n\n\n\n<div class=\"wp-block-columns is-layout-flex wp-container-core-columns-is-layout-993ff0e8 wp-block-columns-is-layout-flex\" style=\"padding-top:0vh;padding-bottom:0vh\">\n<div class=\"wp-block-column is-layout-flow wp-block-column-is-layout-flow\" style=\"flex-basis:33.33%\"><\/div>\n\n\n\n<div class=\"wp-block-column is-layout-flow wp-block-column-is-layout-flow\" style=\"flex-basis:66.66%\">\n<figure class=\"wp-block-image size-full\"><img loading=\"lazy\" decoding=\"async\" width=\"1024\" height=\"1024\" src=\"https:\/\/www.justus.plus\/wp-content\/uploads\/2020\/06\/200513_AR_DS_3D_Mockup_05_edit_lensblur.jpg\" alt=\"A 3d model of the metal sculpture of a chunky man\" class=\"wp-image-311\" srcset=\"https:\/\/www.justus.plus\/wp-content\/uploads\/2020\/06\/200513_AR_DS_3D_Mockup_05_edit_lensblur.jpg 1024w, https:\/\/www.justus.plus\/wp-content\/uploads\/2020\/06\/200513_AR_DS_3D_Mockup_05_edit_lensblur-150x150.jpg 150w, https:\/\/www.justus.plus\/wp-content\/uploads\/2020\/06\/200513_AR_DS_3D_Mockup_05_edit_lensblur-768x768.jpg 768w, https:\/\/www.justus.plus\/wp-content\/uploads\/2020\/06\/200513_AR_DS_3D_Mockup_05_edit_lensblur-512x512.jpg 512w, https:\/\/www.justus.plus\/wp-content\/uploads\/2020\/06\/200513_AR_DS_3D_Mockup_05_edit_lensblur-265x265.jpg 265w\" sizes=\"auto, (max-width: 1024px) 100vw, 1024px\" \/><figcaption class=\"wp-element-caption\">Synchronizit\u00e4t : Die Digitale<\/figcaption><\/figure>\n<\/div>\n<\/div>\n\n\n\n<div style=\"height:100px\" aria-hidden=\"true\" class=\"wp-block-spacer\"><\/div>","protected":false},"excerpt":{"rendered":"<p>Wir Menschen sind gut darin, Dinge miteinander zu verbinden. Wir versuchen, unsere Erfahrungen in Einklang zu bringen, damit das Chaos um uns herum einen Sinn ergibt. Das nennt man Synchronizit\u00e4t.<\/p>","protected":false},"author":1,"featured_media":312,"parent":0,"menu_order":9,"comment_status":"closed","ping_status":"closed","template":"","meta":{"_uag_custom_page_level_css":"","footnotes":""},"categories":[7],"tags":[22],"class_list":["post-1405","page","type-page","status-publish","has-post-thumbnail","hentry","category-free","tag-thamotion"],"yoast_head":"<!-- This site is optimized with the Yoast SEO plugin v27.0 - https:\/\/yoast.com\/product\/yoast-seo-wordpress\/ -->\n<title>Synchronicity - Justus Pfeifer - design, illustration and hitshitshits<\/title>\n<meta name=\"description\" content=\"Web based augmented reality illustration project from Berlin. Scan company logos and get an illustration giving background information.\" \/>\n<meta name=\"robots\" content=\"index, follow, max-snippet:-1, max-image-preview:large, max-video-preview:-1\" \/>\n<link rel=\"canonical\" href=\"https:\/\/www.justus.plus\/de\/synchronicity\/\" \/>\n<meta property=\"og:locale\" content=\"de_DE\" \/>\n<meta property=\"og:type\" content=\"article\" \/>\n<meta property=\"og:title\" content=\"Synchronicity - Justus Pfeifer - design, illustration and hitshitshits\" \/>\n<meta property=\"og:description\" content=\"Web based augmented reality illustration project from Berlin. Scan company logos and get an illustration giving background information.\" \/>\n<meta property=\"og:url\" content=\"https:\/\/www.justus.plus\/de\/synchronicity\/\" \/>\n<meta property=\"og:site_name\" content=\"Justus Pfeifer -- design, illustration and hitshitshits\" \/>\n<meta property=\"article:modified_time\" content=\"2025-01-22T09:49:03+00:00\" \/>\n<meta property=\"og:image\" content=\"https:\/\/www.justus.plus\/wp-content\/uploads\/2020\/06\/deutsche-bank-mit-hand.jpg\" \/>\n\t<meta property=\"og:image:width\" content=\"4080\" \/>\n\t<meta property=\"og:image:height\" content=\"3055\" \/>\n\t<meta property=\"og:image:type\" content=\"image\/jpeg\" \/>\n<meta name=\"twitter:card\" content=\"summary_large_image\" \/>\n<meta name=\"twitter:label1\" content=\"Gesch\u00e4tzte Lesezeit\" \/>\n\t<meta name=\"twitter:data1\" content=\"2\u00a0Minuten\" \/>\n<script type=\"application\/ld+json\" class=\"yoast-schema-graph\">{\"@context\":\"https:\/\/schema.org\",\"@graph\":[{\"@type\":\"WebPage\",\"@id\":\"https:\/\/www.justus.plus\/synchronicity\/\",\"url\":\"https:\/\/www.justus.plus\/synchronicity\/\",\"name\":\"Synchronicity - Justus Pfeifer - design, illustration and hitshitshits\",\"isPartOf\":{\"@id\":\"https:\/\/www.justus.plus\/#website\"},\"primaryImageOfPage\":{\"@id\":\"https:\/\/www.justus.plus\/synchronicity\/#primaryimage\"},\"image\":{\"@id\":\"https:\/\/www.justus.plus\/synchronicity\/#primaryimage\"},\"thumbnailUrl\":\"https:\/\/www.justus.plus\/wp-content\/uploads\/2020\/06\/deutsche-bank-mit-hand.jpg\",\"datePublished\":\"2025-01-22T08:30:27+00:00\",\"dateModified\":\"2025-01-22T09:49:03+00:00\",\"description\":\"Web based augmented reality illustration project from Berlin. Scan company logos and get an illustration giving background information.\",\"breadcrumb\":{\"@id\":\"https:\/\/www.justus.plus\/synchronicity\/#breadcrumb\"},\"inLanguage\":\"de\",\"potentialAction\":[{\"@type\":\"ReadAction\",\"target\":[\"https:\/\/www.justus.plus\/synchronicity\/\"]}]},{\"@type\":\"ImageObject\",\"inLanguage\":\"de\",\"@id\":\"https:\/\/www.justus.plus\/synchronicity\/#primaryimage\",\"url\":\"https:\/\/www.justus.plus\/wp-content\/uploads\/2020\/06\/deutsche-bank-mit-hand.jpg\",\"contentUrl\":\"https:\/\/www.justus.plus\/wp-content\/uploads\/2020\/06\/deutsche-bank-mit-hand.jpg\",\"width\":4080,\"height\":3055,\"caption\":\"A phone with augmented reality held infront of a logo\"},{\"@type\":\"BreadcrumbList\",\"@id\":\"https:\/\/www.justus.plus\/synchronicity\/#breadcrumb\",\"itemListElement\":[{\"@type\":\"ListItem\",\"position\":1,\"name\":\"Home\",\"item\":\"https:\/\/www.justus.plus\/\"},{\"@type\":\"ListItem\",\"position\":2,\"name\":\"Synchronicity\"}]},{\"@type\":\"WebSite\",\"@id\":\"https:\/\/www.justus.plus\/#website\",\"url\":\"https:\/\/www.justus.plus\/\",\"name\":\"Justus Pfeifer -- design and hitshitshits\",\"description\":\"\",\"potentialAction\":[{\"@type\":\"SearchAction\",\"target\":{\"@type\":\"EntryPoint\",\"urlTemplate\":\"https:\/\/www.justus.plus\/?s={search_term_string}\"},\"query-input\":{\"@type\":\"PropertyValueSpecification\",\"valueRequired\":true,\"valueName\":\"search_term_string\"}}],\"inLanguage\":\"de\"}]}<\/script>\n<!-- \/ Yoast SEO plugin. -->","yoast_head_json":{"title":"Synchronicity - Justus Pfeifer - design, illustration and hitshitshits","description":"Web based augmented reality illustration project from Berlin. Scan company logos and get an illustration giving background information.","robots":{"index":"index","follow":"follow","max-snippet":"max-snippet:-1","max-image-preview":"max-image-preview:large","max-video-preview":"max-video-preview:-1"},"canonical":"https:\/\/www.justus.plus\/de\/synchronicity\/","og_locale":"de_DE","og_type":"article","og_title":"Synchronicity - Justus Pfeifer - design, illustration and hitshitshits","og_description":"Web based augmented reality illustration project from Berlin. Scan company logos and get an illustration giving background information.","og_url":"https:\/\/www.justus.plus\/de\/synchronicity\/","og_site_name":"Justus Pfeifer -- design, illustration and hitshitshits","article_modified_time":"2025-01-22T09:49:03+00:00","og_image":[{"url":"https:\/\/www.justus.plus\/wp-content\/uploads\/2020\/06\/deutsche-bank-mit-hand.jpg","width":4080,"height":3055,"type":"image\/jpeg"}],"twitter_card":"summary_large_image","twitter_misc":{"Gesch\u00e4tzte Lesezeit":"2\u00a0Minuten"},"schema":{"@context":"https:\/\/schema.org","@graph":[{"@type":"WebPage","@id":"https:\/\/www.justus.plus\/synchronicity\/","url":"https:\/\/www.justus.plus\/synchronicity\/","name":"Synchronicity - Justus Pfeifer - design, illustration and hitshitshits","isPartOf":{"@id":"https:\/\/www.justus.plus\/#website"},"primaryImageOfPage":{"@id":"https:\/\/www.justus.plus\/synchronicity\/#primaryimage"},"image":{"@id":"https:\/\/www.justus.plus\/synchronicity\/#primaryimage"},"thumbnailUrl":"https:\/\/www.justus.plus\/wp-content\/uploads\/2020\/06\/deutsche-bank-mit-hand.jpg","datePublished":"2025-01-22T08:30:27+00:00","dateModified":"2025-01-22T09:49:03+00:00","description":"Web based augmented reality illustration project from Berlin. Scan company logos and get an illustration giving background information.","breadcrumb":{"@id":"https:\/\/www.justus.plus\/synchronicity\/#breadcrumb"},"inLanguage":"de","potentialAction":[{"@type":"ReadAction","target":["https:\/\/www.justus.plus\/synchronicity\/"]}]},{"@type":"ImageObject","inLanguage":"de","@id":"https:\/\/www.justus.plus\/synchronicity\/#primaryimage","url":"https:\/\/www.justus.plus\/wp-content\/uploads\/2020\/06\/deutsche-bank-mit-hand.jpg","contentUrl":"https:\/\/www.justus.plus\/wp-content\/uploads\/2020\/06\/deutsche-bank-mit-hand.jpg","width":4080,"height":3055,"caption":"A phone with augmented reality held infront of a logo"},{"@type":"BreadcrumbList","@id":"https:\/\/www.justus.plus\/synchronicity\/#breadcrumb","itemListElement":[{"@type":"ListItem","position":1,"name":"Home","item":"https:\/\/www.justus.plus\/"},{"@type":"ListItem","position":2,"name":"Synchronicity"}]},{"@type":"WebSite","@id":"https:\/\/www.justus.plus\/#website","url":"https:\/\/www.justus.plus\/","name":"Justus Pfeifer -- design and hitshitshits","description":"","potentialAction":[{"@type":"SearchAction","target":{"@type":"EntryPoint","urlTemplate":"https:\/\/www.justus.plus\/?s={search_term_string}"},"query-input":{"@type":"PropertyValueSpecification","valueRequired":true,"valueName":"search_term_string"}}],"inLanguage":"de"}]}},"uagb_featured_image_src":{"full":["https:\/\/www.justus.plus\/wp-content\/uploads\/2020\/06\/deutsche-bank-mit-hand.jpg",4080,3055,false],"thumbnail":["https:\/\/www.justus.plus\/wp-content\/uploads\/2020\/06\/deutsche-bank-mit-hand.jpg",128,96,false],"medium":["https:\/\/www.justus.plus\/wp-content\/uploads\/2020\/06\/deutsche-bank-mit-hand-150x112.jpg",150,112,true],"medium_large":["https:\/\/www.justus.plus\/wp-content\/uploads\/2020\/06\/deutsche-bank-mit-hand-768x575.jpg",768,575,true],"large":["https:\/\/www.justus.plus\/wp-content\/uploads\/2020\/06\/deutsche-bank-mit-hand.jpg",4080,3055,false],"1536x1536":["https:\/\/www.justus.plus\/wp-content\/uploads\/2020\/06\/deutsche-bank-mit-hand-1536x1150.jpg",1536,1150,true],"2048x2048":["https:\/\/www.justus.plus\/wp-content\/uploads\/2020\/06\/deutsche-bank-mit-hand-2048x1533.jpg",2048,1533,true],"trp-custom-language-flag":["https:\/\/www.justus.plus\/wp-content\/uploads\/2020\/06\/deutsche-bank-mit-hand.jpg",16,12,false]},"uagb_author_info":{"display_name":"Uranol","author_link":"https:\/\/www.justus.plus\/de\/author\/uranol\/"},"uagb_comment_info":0,"uagb_excerpt":"We humans are good in connecting things. We try to align our experiences to let the chaos around us make sense. This is called: Synchronicity.","_links":{"self":[{"href":"https:\/\/www.justus.plus\/de\/wp-json\/wp\/v2\/pages\/1405","targetHints":{"allow":["GET"]}}],"collection":[{"href":"https:\/\/www.justus.plus\/de\/wp-json\/wp\/v2\/pages"}],"about":[{"href":"https:\/\/www.justus.plus\/de\/wp-json\/wp\/v2\/types\/page"}],"author":[{"embeddable":true,"href":"https:\/\/www.justus.plus\/de\/wp-json\/wp\/v2\/users\/1"}],"replies":[{"embeddable":true,"href":"https:\/\/www.justus.plus\/de\/wp-json\/wp\/v2\/comments?post=1405"}],"version-history":[{"count":3,"href":"https:\/\/www.justus.plus\/de\/wp-json\/wp\/v2\/pages\/1405\/revisions"}],"predecessor-version":[{"id":1408,"href":"https:\/\/www.justus.plus\/de\/wp-json\/wp\/v2\/pages\/1405\/revisions\/1408"}],"wp:featuredmedia":[{"embeddable":true,"href":"https:\/\/www.justus.plus\/de\/wp-json\/wp\/v2\/media\/312"}],"wp:attachment":[{"href":"https:\/\/www.justus.plus\/de\/wp-json\/wp\/v2\/media?parent=1405"}],"wp:term":[{"taxonomy":"category","embeddable":true,"href":"https:\/\/www.justus.plus\/de\/wp-json\/wp\/v2\/categories?post=1405"},{"taxonomy":"post_tag","embeddable":true,"href":"https:\/\/www.justus.plus\/de\/wp-json\/wp\/v2\/tags?post=1405"}],"curies":[{"name":"wp","href":"https:\/\/api.w.org\/{rel}","templated":true}]}}