{"id":1352,"date":"2025-01-22T06:23:10","date_gmt":"2025-01-22T06:23:10","guid":{"rendered":"https:\/\/www.justus.plus\/?page_id=1352"},"modified":"2025-01-22T09:36:41","modified_gmt":"2025-01-22T09:36:41","slug":"i-plant-a-tree","status":"publish","type":"page","link":"https:\/\/www.justus.plus\/de\/i-plant-a-tree\/","title":{"rendered":"I plant a tree"},"content":{"rendered":"<div class=\"wp-block-columns is-layout-flex wp-container-core-columns-is-layout-ee72f570 wp-block-columns-is-layout-flex\" style=\"padding-top:30vh;padding-bottom:5vh\">\n<div class=\"wp-block-column is-layout-flow wp-block-column-is-layout-flow\" style=\"padding-top:24px;flex-basis:33.33%\">\n<p class=\"has-martian-mono-font-family\" style=\"padding-top:0px;padding-right:8%;padding-bottom:40px;font-size:14px\">www.iplantatree.org<br>2023<br>CDLX \/ Tamara Siewert<\/p>\n<\/div>\n\n\n\n<div class=\"wp-block-column max-width is-layout-flow wp-block-column-is-layout-flow\" style=\"flex-basis:66%\">\n<h1 class=\"wp-block-heading h1\">I plant a tree<\/h1>\n<\/div>\n<\/div>\n\n\n\n<div class=\"wp-block-columns is-layout-flex wp-container-core-columns-is-layout-ef1ff5fa wp-block-columns-is-layout-flex\" style=\"padding-bottom:40px\">\n<div class=\"wp-block-column is-layout-flow wp-block-column-is-layout-flow\" style=\"flex-basis:33.33%\"><\/div>\n\n\n\n<div class=\"wp-block-column is-layout-flow wp-block-column-is-layout-flow\" style=\"flex-basis:66.66%\"><div class=\"wp-block-post-excerpt\"><p class=\"wp-block-post-excerpt__excerpt\">Das Pflanzen von B\u00e4umen wird den Planeten nicht retten. Aber es ist eine gute Sache. Vor allem, wenn man es engagiert und kontrolliert tut. \u201eI plant a tree\" ist eine NGO aus Halle (Saale), die ausschlie\u00dflich in Deutschland B\u00e4ume pflanzt und sich anschlie\u00dfend um die Pflanzungen k\u00fcmmert. <\/p><\/div><\/div>\n<\/div>\n\n\n\n<div class=\"wp-block-columns is-layout-flex wp-container-core-columns-is-layout-02ba400c wp-block-columns-is-layout-flex\" style=\"margin-bottom:96px\">\n<div class=\"wp-block-column is-layout-flow wp-block-column-is-layout-flow\" style=\"flex-basis:33.33%\"><\/div>\n\n\n\n<div class=\"wp-block-column is-layout-flow wp-block-column-is-layout-flow\" style=\"flex-basis:66.66%\">\n<figure class=\"wp-block-image size-full\"><img loading=\"lazy\" decoding=\"async\" width=\"1446\" height=\"1880\" src=\"https:\/\/www.justus.plus\/wp-content\/uploads\/2025\/01\/Baum-pflanzen.jpg\" alt=\"An archive style modern website with tree pits\" class=\"wp-image-1355\" srcset=\"https:\/\/www.justus.plus\/wp-content\/uploads\/2025\/01\/Baum-pflanzen.jpg 1446w, https:\/\/www.justus.plus\/wp-content\/uploads\/2025\/01\/Baum-pflanzen-115x150.jpg 115w, https:\/\/www.justus.plus\/wp-content\/uploads\/2025\/01\/Baum-pflanzen-768x999.jpg 768w, https:\/\/www.justus.plus\/wp-content\/uploads\/2025\/01\/Baum-pflanzen-1181x1536.jpg 1181w\" sizes=\"auto, (max-width: 1446px) 100vw, 1446px\" \/><\/figure>\n<\/div>\n<\/div>\n\n\n\n<div class=\"wp-block-columns is-layout-flex wp-container-core-columns-is-layout-8b2cf334 wp-block-columns-is-layout-flex\" style=\"padding-top:40px\">\n<div class=\"wp-block-column is-layout-flow wp-block-column-is-layout-flow\" style=\"flex-basis:33.33%\"><\/div>\n\n\n\n<div class=\"wp-block-column is-layout-flow wp-block-column-is-layout-flow\" style=\"flex-basis:66.66%\">\n<h2 class=\"wp-block-heading\">Ziel<\/h2>\n<\/div>\n<\/div>\n\n\n\n<div class=\"wp-block-columns is-layout-flex wp-container-core-columns-is-layout-08e37db5 wp-block-columns-is-layout-flex\" style=\"padding-top:8px;padding-bottom:40px\">\n<div class=\"wp-block-column is-layout-flow wp-block-column-is-layout-flow\" style=\"flex-basis:33.33%\">\n<p class=\"has-martian-mono-font-family\" style=\"padding-top:2px;padding-right:8%;padding-bottom:16px;font-size:14px\">Archive \/ Ernsthaft <\/p>\n<\/div>\n\n\n\n<div class=\"wp-block-column max-width is-layout-flow wp-block-column-is-layout-flow\" style=\"flex-basis:50%\">\n<p>Wir wollten uns vom typischen Erscheinungsbild einer NGO, die B\u00e4ume pflanzt, distanzieren. Wir wollten uns von den fr\u00f6hlichen, umweltbewussten NGOs fernhalten, die sich f\u00fcr den Schutz des Planeten einsetzen. Wir wollten ein schlichtes und ehrliches Design schaffen, das der kleinen Gruppe von Enthusiast:innen, die seit Jahren ohne Gewinnabsichten B\u00e4ume pflanzen, Anerkennung zollt.<\/p>\n<\/div>\n<\/div>\n\n\n\n<div class=\"wp-block-columns is-layout-flex wp-container-core-columns-is-layout-bdbea7fc wp-block-columns-is-layout-flex\" style=\"margin-bottom:56px\">\n<div class=\"wp-block-column is-layout-flow wp-block-column-is-layout-flow\" style=\"border-top-color:var(--wp--preset--color--white);border-top-style:solid;border-top-width:1px;padding-right:0px;flex-basis:33.33%\">\n<figure class=\"wp-block-image alignleft size-full max-width-img\" style=\"margin-right:20px\"><img loading=\"lazy\" decoding=\"async\" width=\"360\" height=\"2108\" src=\"https:\/\/www.justus.plus\/wp-content\/uploads\/2025\/01\/Eigene-Pflanzung-erstellen-mobil.jpg\" alt=\"An archive style modern mobile website\" class=\"wp-image-1353\" style=\"object-fit:cover\" srcset=\"https:\/\/www.justus.plus\/wp-content\/uploads\/2025\/01\/Eigene-Pflanzung-erstellen-mobil.jpg 360w, https:\/\/www.justus.plus\/wp-content\/uploads\/2025\/01\/Eigene-Pflanzung-erstellen-mobil-350x2048.jpg 350w\" sizes=\"auto, (max-width: 360px) 100vw, 360px\" \/><\/figure>\n<\/div>\n\n\n\n<div class=\"wp-block-column is-layout-flow wp-block-column-is-layout-flow\" style=\"flex-basis:66.66%\">\n<figure class=\"wp-block-image size-full\"><img loading=\"lazy\" decoding=\"async\" width=\"1446\" height=\"2011\" src=\"https:\/\/www.justus.plus\/wp-content\/uploads\/2025\/01\/Eigene-Pflanzung-erstellen.jpg\" alt=\"An archive style modern website\" class=\"wp-image-1354\" srcset=\"https:\/\/www.justus.plus\/wp-content\/uploads\/2025\/01\/Eigene-Pflanzung-erstellen.jpg 1446w, https:\/\/www.justus.plus\/wp-content\/uploads\/2025\/01\/Eigene-Pflanzung-erstellen-108x150.jpg 108w, https:\/\/www.justus.plus\/wp-content\/uploads\/2025\/01\/Eigene-Pflanzung-erstellen-768x1068.jpg 768w, https:\/\/www.justus.plus\/wp-content\/uploads\/2025\/01\/Eigene-Pflanzung-erstellen-1104x1536.jpg 1104w\" sizes=\"auto, (max-width: 1446px) 100vw, 1446px\" \/><\/figure>\n<\/div>\n<\/div>\n\n\n\n<p><\/p>","protected":false},"excerpt":{"rendered":"<p>Das Pflanzen von B\u00e4umen wird den Planeten nicht retten. Aber es ist eine gute Sache. Vor allem, wenn man es engagiert und kontrolliert tut. \u201eI plant a tree\" ist eine NGO aus Halle (Saale), die ausschlie\u00dflich in Deutschland B\u00e4ume pflanzt und sich anschlie\u00dfend um die Pflanzungen k\u00fcmmert. <\/p>","protected":false},"author":1,"featured_media":1355,"parent":0,"menu_order":0,"comment_status":"closed","ping_status":"closed","template":"","meta":{"_uag_custom_page_level_css":"","footnotes":""},"categories":[6],"tags":[20,21],"class_list":["post-1352","page","type-page","status-publish","has-post-thumbnail","hentry","category-web-design","tag-cdlx","tag-tamara-siewert"],"yoast_head":"<!-- This site is optimized with the Yoast SEO plugin v27.0 - https:\/\/yoast.com\/product\/yoast-seo-wordpress\/ -->\n<title>I plant a tree - Justus Pfeifer - design, illustration and hitshitshits<\/title>\n<meta name=\"description\" content=\"Web design for the NGO I plant a tree from Halle (Saale) with CDLX. Digital design for Web on mobile and Desktop.\" \/>\n<meta name=\"robots\" content=\"index, follow, max-snippet:-1, max-image-preview:large, max-video-preview:-1\" \/>\n<link rel=\"canonical\" href=\"https:\/\/www.justus.plus\/de\/i-plant-a-tree\/\" \/>\n<meta property=\"og:locale\" content=\"de_DE\" \/>\n<meta property=\"og:type\" content=\"article\" \/>\n<meta property=\"og:title\" content=\"I plant a tree - Justus Pfeifer - design, illustration and hitshitshits\" \/>\n<meta property=\"og:description\" content=\"Web design for the NGO I plant a tree from Halle (Saale) with CDLX. Digital design for Web on mobile and Desktop.\" \/>\n<meta property=\"og:url\" content=\"https:\/\/www.justus.plus\/de\/i-plant-a-tree\/\" \/>\n<meta property=\"og:site_name\" content=\"Justus Pfeifer -- design, illustration and hitshitshits\" \/>\n<meta property=\"article:modified_time\" content=\"2025-01-22T09:36:41+00:00\" \/>\n<meta property=\"og:image\" content=\"https:\/\/www.justus.plus\/wp-content\/uploads\/2025\/01\/Baum-pflanzen.jpg\" \/>\n\t<meta property=\"og:image:width\" content=\"1446\" \/>\n\t<meta property=\"og:image:height\" content=\"1880\" \/>\n\t<meta property=\"og:image:type\" content=\"image\/jpeg\" \/>\n<meta name=\"twitter:card\" content=\"summary_large_image\" \/>\n<meta name=\"twitter:label1\" content=\"Gesch\u00e4tzte Lesezeit\" \/>\n\t<meta name=\"twitter:data1\" content=\"1\u00a0Minute\" \/>\n<script type=\"application\/ld+json\" class=\"yoast-schema-graph\">{\"@context\":\"https:\/\/schema.org\",\"@graph\":[{\"@type\":\"WebPage\",\"@id\":\"https:\/\/www.justus.plus\/i-plant-a-tree\/\",\"url\":\"https:\/\/www.justus.plus\/i-plant-a-tree\/\",\"name\":\"I plant a tree - Justus Pfeifer - design, illustration and hitshitshits\",\"isPartOf\":{\"@id\":\"https:\/\/www.justus.plus\/#website\"},\"primaryImageOfPage\":{\"@id\":\"https:\/\/www.justus.plus\/i-plant-a-tree\/#primaryimage\"},\"image\":{\"@id\":\"https:\/\/www.justus.plus\/i-plant-a-tree\/#primaryimage\"},\"thumbnailUrl\":\"https:\/\/www.justus.plus\/wp-content\/uploads\/2025\/01\/Baum-pflanzen.jpg\",\"datePublished\":\"2025-01-22T06:23:10+00:00\",\"dateModified\":\"2025-01-22T09:36:41+00:00\",\"description\":\"Web design for the NGO I plant a tree from Halle (Saale) with CDLX. Digital design for Web on mobile and Desktop.\",\"breadcrumb\":{\"@id\":\"https:\/\/www.justus.plus\/i-plant-a-tree\/#breadcrumb\"},\"inLanguage\":\"de\",\"potentialAction\":[{\"@type\":\"ReadAction\",\"target\":[\"https:\/\/www.justus.plus\/i-plant-a-tree\/\"]}]},{\"@type\":\"ImageObject\",\"inLanguage\":\"de\",\"@id\":\"https:\/\/www.justus.plus\/i-plant-a-tree\/#primaryimage\",\"url\":\"https:\/\/www.justus.plus\/wp-content\/uploads\/2025\/01\/Baum-pflanzen.jpg\",\"contentUrl\":\"https:\/\/www.justus.plus\/wp-content\/uploads\/2025\/01\/Baum-pflanzen.jpg\",\"width\":1446,\"height\":1880,\"caption\":\"An archive style modern website with tree pits\"},{\"@type\":\"BreadcrumbList\",\"@id\":\"https:\/\/www.justus.plus\/i-plant-a-tree\/#breadcrumb\",\"itemListElement\":[{\"@type\":\"ListItem\",\"position\":1,\"name\":\"Home\",\"item\":\"https:\/\/www.justus.plus\/\"},{\"@type\":\"ListItem\",\"position\":2,\"name\":\"I plant a tree\"}]},{\"@type\":\"WebSite\",\"@id\":\"https:\/\/www.justus.plus\/#website\",\"url\":\"https:\/\/www.justus.plus\/\",\"name\":\"Justus Pfeifer -- design and hitshitshits\",\"description\":\"\",\"potentialAction\":[{\"@type\":\"SearchAction\",\"target\":{\"@type\":\"EntryPoint\",\"urlTemplate\":\"https:\/\/www.justus.plus\/?s={search_term_string}\"},\"query-input\":{\"@type\":\"PropertyValueSpecification\",\"valueRequired\":true,\"valueName\":\"search_term_string\"}}],\"inLanguage\":\"de\"}]}<\/script>\n<!-- \/ Yoast SEO plugin. -->","yoast_head_json":{"title":"I plant a tree - Justus Pfeifer - design, illustration and hitshitshits","description":"Web design for the NGO I plant a tree from Halle (Saale) with CDLX. Digital design for Web on mobile and Desktop.","robots":{"index":"index","follow":"follow","max-snippet":"max-snippet:-1","max-image-preview":"max-image-preview:large","max-video-preview":"max-video-preview:-1"},"canonical":"https:\/\/www.justus.plus\/de\/i-plant-a-tree\/","og_locale":"de_DE","og_type":"article","og_title":"I plant a tree - Justus Pfeifer - design, illustration and hitshitshits","og_description":"Web design for the NGO I plant a tree from Halle (Saale) with CDLX. Digital design for Web on mobile and Desktop.","og_url":"https:\/\/www.justus.plus\/de\/i-plant-a-tree\/","og_site_name":"Justus Pfeifer -- design, illustration and hitshitshits","article_modified_time":"2025-01-22T09:36:41+00:00","og_image":[{"width":1446,"height":1880,"url":"https:\/\/www.justus.plus\/wp-content\/uploads\/2025\/01\/Baum-pflanzen.jpg","type":"image\/jpeg"}],"twitter_card":"summary_large_image","twitter_misc":{"Gesch\u00e4tzte Lesezeit":"1\u00a0Minute"},"schema":{"@context":"https:\/\/schema.org","@graph":[{"@type":"WebPage","@id":"https:\/\/www.justus.plus\/i-plant-a-tree\/","url":"https:\/\/www.justus.plus\/i-plant-a-tree\/","name":"I plant a tree - Justus Pfeifer - design, illustration and hitshitshits","isPartOf":{"@id":"https:\/\/www.justus.plus\/#website"},"primaryImageOfPage":{"@id":"https:\/\/www.justus.plus\/i-plant-a-tree\/#primaryimage"},"image":{"@id":"https:\/\/www.justus.plus\/i-plant-a-tree\/#primaryimage"},"thumbnailUrl":"https:\/\/www.justus.plus\/wp-content\/uploads\/2025\/01\/Baum-pflanzen.jpg","datePublished":"2025-01-22T06:23:10+00:00","dateModified":"2025-01-22T09:36:41+00:00","description":"Web design for the NGO I plant a tree from Halle (Saale) with CDLX. Digital design for Web on mobile and Desktop.","breadcrumb":{"@id":"https:\/\/www.justus.plus\/i-plant-a-tree\/#breadcrumb"},"inLanguage":"de","potentialAction":[{"@type":"ReadAction","target":["https:\/\/www.justus.plus\/i-plant-a-tree\/"]}]},{"@type":"ImageObject","inLanguage":"de","@id":"https:\/\/www.justus.plus\/i-plant-a-tree\/#primaryimage","url":"https:\/\/www.justus.plus\/wp-content\/uploads\/2025\/01\/Baum-pflanzen.jpg","contentUrl":"https:\/\/www.justus.plus\/wp-content\/uploads\/2025\/01\/Baum-pflanzen.jpg","width":1446,"height":1880,"caption":"An archive style modern website with tree pits"},{"@type":"BreadcrumbList","@id":"https:\/\/www.justus.plus\/i-plant-a-tree\/#breadcrumb","itemListElement":[{"@type":"ListItem","position":1,"name":"Home","item":"https:\/\/www.justus.plus\/"},{"@type":"ListItem","position":2,"name":"I plant a tree"}]},{"@type":"WebSite","@id":"https:\/\/www.justus.plus\/#website","url":"https:\/\/www.justus.plus\/","name":"Justus Pfeifer -- design and hitshitshits","description":"","potentialAction":[{"@type":"SearchAction","target":{"@type":"EntryPoint","urlTemplate":"https:\/\/www.justus.plus\/?s={search_term_string}"},"query-input":{"@type":"PropertyValueSpecification","valueRequired":true,"valueName":"search_term_string"}}],"inLanguage":"de"}]}},"uagb_featured_image_src":{"full":["https:\/\/www.justus.plus\/wp-content\/uploads\/2025\/01\/Baum-pflanzen.jpg",1446,1880,false],"thumbnail":["https:\/\/www.justus.plus\/wp-content\/uploads\/2025\/01\/Baum-pflanzen.jpg",74,96,false],"medium":["https:\/\/www.justus.plus\/wp-content\/uploads\/2025\/01\/Baum-pflanzen-115x150.jpg",115,150,true],"medium_large":["https:\/\/www.justus.plus\/wp-content\/uploads\/2025\/01\/Baum-pflanzen-768x999.jpg",768,999,true],"large":["https:\/\/www.justus.plus\/wp-content\/uploads\/2025\/01\/Baum-pflanzen.jpg",1446,1880,false],"1536x1536":["https:\/\/www.justus.plus\/wp-content\/uploads\/2025\/01\/Baum-pflanzen-1181x1536.jpg",1181,1536,true],"2048x2048":["https:\/\/www.justus.plus\/wp-content\/uploads\/2025\/01\/Baum-pflanzen.jpg",1446,1880,false],"trp-custom-language-flag":["https:\/\/www.justus.plus\/wp-content\/uploads\/2025\/01\/Baum-pflanzen.jpg",9,12,false]},"uagb_author_info":{"display_name":"Uranol","author_link":"https:\/\/www.justus.plus\/de\/author\/uranol\/"},"uagb_comment_info":0,"uagb_excerpt":"Planting trees won't save the planet. But it is good. Especially if you do it dedicated and monitored. I plant a tree is a NGO from Halle (Saale) that is planting trees only inside germany and that is caring for the plantations afterwards.","_links":{"self":[{"href":"https:\/\/www.justus.plus\/de\/wp-json\/wp\/v2\/pages\/1352","targetHints":{"allow":["GET"]}}],"collection":[{"href":"https:\/\/www.justus.plus\/de\/wp-json\/wp\/v2\/pages"}],"about":[{"href":"https:\/\/www.justus.plus\/de\/wp-json\/wp\/v2\/types\/page"}],"author":[{"embeddable":true,"href":"https:\/\/www.justus.plus\/de\/wp-json\/wp\/v2\/users\/1"}],"replies":[{"embeddable":true,"href":"https:\/\/www.justus.plus\/de\/wp-json\/wp\/v2\/comments?post=1352"}],"version-history":[{"count":4,"href":"https:\/\/www.justus.plus\/de\/wp-json\/wp\/v2\/pages\/1352\/revisions"}],"predecessor-version":[{"id":1359,"href":"https:\/\/www.justus.plus\/de\/wp-json\/wp\/v2\/pages\/1352\/revisions\/1359"}],"wp:featuredmedia":[{"embeddable":true,"href":"https:\/\/www.justus.plus\/de\/wp-json\/wp\/v2\/media\/1355"}],"wp:attachment":[{"href":"https:\/\/www.justus.plus\/de\/wp-json\/wp\/v2\/media?parent=1352"}],"wp:term":[{"taxonomy":"category","embeddable":true,"href":"https:\/\/www.justus.plus\/de\/wp-json\/wp\/v2\/categories?post=1352"},{"taxonomy":"post_tag","embeddable":true,"href":"https:\/\/www.justus.plus\/de\/wp-json\/wp\/v2\/tags?post=1352"}],"curies":[{"name":"wp","href":"https:\/\/api.w.org\/{rel}","templated":true}]}}