{"id":1245,"date":"2025-01-16T16:32:43","date_gmt":"2025-01-16T16:32:43","guid":{"rendered":"https:\/\/www.justus.plus\/?page_id=1245"},"modified":"2025-02-18T14:00:24","modified_gmt":"2025-02-18T14:00:24","slug":"architectural-theory","status":"publish","type":"page","link":"https:\/\/www.justus.plus\/de\/architectural-theory\/","title":{"rendered":"Architekturtheorie"},"content":{"rendered":"<p><\/p>\n\n\n\n<div class=\"wp-block-columns is-layout-flex wp-container-core-columns-is-layout-ee72f570 wp-block-columns-is-layout-flex\" style=\"padding-top:30vh;padding-bottom:5vh\">\n<div class=\"wp-block-column is-layout-flow wp-block-column-is-layout-flow\" style=\"padding-top:24px;flex-basis:33.33%\">\n<p class=\"has-martian-mono-font-family\" style=\"padding-top:0px;padding-right:8%;padding-bottom:40px;font-size:14px\">Key Visual Illustration und Plakat<br>Das Institut f\u00fcr <a href=\"https:\/\/www.igt.uni-hannover.de\/de\/at\">architectural theory<\/a> der Universit\u00e4t Hannover<br>2024<\/p>\n<\/div>\n\n\n\n<div class=\"wp-block-column max-width is-layout-flow wp-block-column-is-layout-flow\" style=\"flex-basis:66%\">\n<h1 class=\"wp-block-heading h1\">Architekturtheorie<\/h1>\n<\/div>\n<\/div>\n\n\n\n<div class=\"wp-block-columns is-layout-flex wp-container-core-columns-is-layout-28f84493 wp-block-columns-is-layout-flex\">\n<div class=\"wp-block-column is-layout-flow wp-block-column-is-layout-flow\" style=\"flex-basis:33.33%\"><\/div>\n\n\n\n<div class=\"wp-block-column has-global-padding is-content-justification-left is-layout-constrained wp-container-core-column-is-layout-c4241222 wp-block-column-is-layout-constrained\" style=\"padding-right:0px;padding-left:0px;flex-basis:66.66%\">\n<p class=\"max-width\"><\/p>\n<\/div>\n<\/div>\n\n\n\n<div class=\"wp-block-columns is-layout-flex wp-container-core-columns-is-layout-08e37db5 wp-block-columns-is-layout-flex\" style=\"padding-top:8px;padding-bottom:40px\">\n<div class=\"wp-block-column is-layout-flow wp-block-column-is-layout-flow\" style=\"flex-basis:33.33%\">\n<p class=\"has-martian-mono-font-family\" style=\"padding-top:2px;padding-right:8%;padding-bottom:16px;font-size:14px\">Architekturtheorie \/ Core Memory \/ Illustration \/<br>Wie geht unsere Gesellschaft mit ihrer Vergangenheit und Zukunft um, die sich in Geb\u00e4uden manifestiert?<\/p>\n<\/div>\n\n\n\n<div class=\"wp-block-column max-width is-layout-flow wp-block-column-is-layout-flow\" style=\"flex-basis:50%\">\n<p>Geb\u00e4ude sind mehr als nur H\u00fcllen, die Schutz bieten. Geb\u00e4ude sind Teil unserer Gesellschaft und pr\u00e4gen unsere Denk- und Handlungsweisen. Wir bauen sie mit einem bestimmten Zweck, aber dieser Zweck kann sich im Laufe der Jahre \u00e4ndern. Wenn Materialien und Stile veralten, \u00fcberdenken wir ihre Zweckbestimmung. Aber das Alte lebt in unseren St\u00e4dten und in unseren K\u00f6pfen weiter.<br><br>Das sind die Fragen, mit denen sich die Architekturtheorie besch\u00e4ftigt. Und das sind die Fragen, mit denen sich die Illustrationen f\u00fcr das Institut f\u00fcr Architekturtheorie an der Universit\u00e4t Hannover besch\u00e4ftigen.<\/p>\n<\/div>\n<\/div>\n\n\n\n<div class=\"wp-block-columns is-layout-flex wp-container-core-columns-is-layout-08e37db5 wp-block-columns-is-layout-flex\" style=\"padding-top:8px;padding-bottom:40px\">\n<div class=\"wp-block-column is-layout-flow wp-block-column-is-layout-flow\" style=\"flex-basis:33.33%\">\n<p class=\"has-martian-mono-font-family\" style=\"padding-top:2px;padding-right:8%;padding-bottom:16px;font-size:14px\">Analysis \/ Transfer ::<br>Flow \/ Scatter \/ Knots \/ Patterns \/ Random<\/p>\n<\/div>\n\n\n\n<div class=\"wp-block-column max-width is-layout-flow wp-block-column-is-layout-flow\" style=\"flex-basis:50%\">\n<p>In mehreren Online-Sitzungen zwischen Berlin und Hannover haben wir uns \u00fcber den Kern ihrer Arbeit unterhalten, den wir als Designer und Illustratoren vorher nicht kannten. Und danach habe ich einen Weg f\u00fcr die Illustration gefunden. Ich nahm den Bogen eines Fensters des Universit\u00e4tsgeb\u00e4udes. Ein altes Schloss, das vor Hunderten von Jahren f\u00fcr einen anderen Zweck erbaut wurde und nun als Universit\u00e4t genutzt wird. Diesen Bogen habe ich dupliziert, geformt und verstreut. So entstanden Str\u00f6me, die in Knoten m\u00fcndeten oder sich im Nebel verzweigten. So sind wir. Schwebend und suchend, mit der Kern-Erinnerung (Core Memory) unserer Vorfahren im Gep\u00e4ck, gehen wir vorw\u00e4rts richtung Zukunft.<br><br>Das Ergebnis war eine zentrale Illustration und ein Siebdruckplakat. Das Plakat konnte f\u00fcr die kommenden Semester erneut \u00fcberdruckt werden. So wurde die Erinnerung an die Vergangenheit bewahrt und gleichzeitig an neue Bed\u00fcrfnisse angepasst.<\/p>\n<\/div>\n<\/div>\n\n\n\n<div class=\"wp-block-columns is-layout-flex wp-container-core-columns-is-layout-28f84493 wp-block-columns-is-layout-flex\">\n<div class=\"wp-block-column is-layout-flow wp-block-column-is-layout-flow\" style=\"flex-basis:33.33%\"><\/div>\n\n\n\n<div class=\"wp-block-column is-layout-flow wp-block-column-is-layout-flow\" style=\"flex-basis:66.66%\">\n<figure class=\"wp-block-image size-full\" style=\"margin-bottom:24px\"><img loading=\"lazy\" decoding=\"async\" width=\"2587\" height=\"3287\" src=\"https:\/\/www.justus.plus\/wp-content\/uploads\/2023\/11\/sketch-47.png\" alt=\"A complex abstract vector drawing consisting of fine lines and shapes\" class=\"wp-image-510\" srcset=\"https:\/\/www.justus.plus\/wp-content\/uploads\/2023\/11\/sketch-47.png 2587w, https:\/\/www.justus.plus\/wp-content\/uploads\/2023\/11\/sketch-47-118x150.png 118w, https:\/\/www.justus.plus\/wp-content\/uploads\/2023\/11\/sketch-47-768x976.png 768w, https:\/\/www.justus.plus\/wp-content\/uploads\/2023\/11\/sketch-47-1209x1536.png 1209w, https:\/\/www.justus.plus\/wp-content\/uploads\/2023\/11\/sketch-47-1612x2048.png 1612w, https:\/\/www.justus.plus\/wp-content\/uploads\/2023\/11\/sketch-47-1920x2440.png 1920w, https:\/\/www.justus.plus\/wp-content\/uploads\/2023\/11\/sketch-47-1280x1626.png 1280w, https:\/\/www.justus.plus\/wp-content\/uploads\/2023\/11\/sketch-47-1024x1301.png 1024w, https:\/\/www.justus.plus\/wp-content\/uploads\/2023\/11\/sketch-47-512x651.png 512w, https:\/\/www.justus.plus\/wp-content\/uploads\/2023\/11\/sketch-47-265x337.png 265w\" sizes=\"auto, (max-width: 2587px) 100vw, 2587px\" \/><figcaption class=\"wp-element-caption\">Die Grundlage bildete der Bogen eines Fensters in des alten Schlosses, in dem heute die Universit\u00e4t untergebracht ist. Durch Vervielf\u00e4ltigung, \u00dcberlagerung und Verbindung entstand eine Illustration. \u00c4hnlich wie bei der Verwendung von Geb\u00e4uden. Es handelte sich um einen Entwurf, der nicht f\u00fcr den Druck und daher auch nicht f\u00fcr die Website verwendet wurde.<\/figcaption><\/figure>\n<\/div>\n<\/div>\n\n\n\n<div class=\"wp-block-columns is-layout-flex wp-container-core-columns-is-layout-28f84493 wp-block-columns-is-layout-flex\">\n<div class=\"wp-block-column is-layout-flow wp-block-column-is-layout-flow\" style=\"flex-basis:33.33%\"><\/div>\n\n\n\n<div class=\"wp-block-column is-layout-flow wp-block-column-is-layout-flow\" style=\"flex-basis:66.66%\">\n<figure class=\"wp-block-image size-full\"><img loading=\"lazy\" decoding=\"async\" width=\"2880\" height=\"1574\" src=\"https:\/\/www.justus.plus\/wp-content\/uploads\/2023\/11\/Screenshot-2023-11-26-at-20.14.08.png\" alt=\"An abstract halftone pattern illustration\" class=\"wp-image-509\" srcset=\"https:\/\/www.justus.plus\/wp-content\/uploads\/2023\/11\/Screenshot-2023-11-26-at-20.14.08.png 2880w, https:\/\/www.justus.plus\/wp-content\/uploads\/2023\/11\/Screenshot-2023-11-26-at-20.14.08-150x82.png 150w, https:\/\/www.justus.plus\/wp-content\/uploads\/2023\/11\/Screenshot-2023-11-26-at-20.14.08-768x420.png 768w, https:\/\/www.justus.plus\/wp-content\/uploads\/2023\/11\/Screenshot-2023-11-26-at-20.14.08-1536x839.png 1536w, https:\/\/www.justus.plus\/wp-content\/uploads\/2023\/11\/Screenshot-2023-11-26-at-20.14.08-2048x1119.png 2048w, https:\/\/www.justus.plus\/wp-content\/uploads\/2023\/11\/Screenshot-2023-11-26-at-20.14.08-1920x1049.png 1920w, https:\/\/www.justus.plus\/wp-content\/uploads\/2023\/11\/Screenshot-2023-11-26-at-20.14.08-1280x700.png 1280w, https:\/\/www.justus.plus\/wp-content\/uploads\/2023\/11\/Screenshot-2023-11-26-at-20.14.08-1024x560.png 1024w, https:\/\/www.justus.plus\/wp-content\/uploads\/2023\/11\/Screenshot-2023-11-26-at-20.14.08-512x280.png 512w, https:\/\/www.justus.plus\/wp-content\/uploads\/2023\/11\/Screenshot-2023-11-26-at-20.14.08-265x145.png 265w\" sizes=\"auto, (max-width: 2880px) 100vw, 2880px\" \/><\/figure>\n<\/div>\n<\/div>\n\n\n\n<div style=\"height:100px\" aria-hidden=\"true\" class=\"wp-block-spacer\"><\/div>","protected":false},"excerpt":{"rendered":"","protected":false},"author":1,"featured_media":510,"parent":0,"menu_order":0,"comment_status":"closed","ping_status":"closed","template":"","meta":{"_uag_custom_page_level_css":"","footnotes":""},"categories":[5],"tags":[],"class_list":["post-1245","page","type-page","status-publish","has-post-thumbnail","hentry","category-illustration"],"yoast_head":"<!-- This site is optimized with the Yoast SEO plugin v27.0 - https:\/\/yoast.com\/product\/yoast-seo-wordpress\/ -->\n<title>Architectural theory - Justus Pfeifer - design, illustration and hitshitshits<\/title>\n<meta name=\"description\" content=\"Digital and analog Illustration for the institute of architectural theory at university of hanover. Website and poster design\" \/>\n<meta name=\"robots\" content=\"index, follow, max-snippet:-1, max-image-preview:large, max-video-preview:-1\" \/>\n<link rel=\"canonical\" href=\"https:\/\/www.justus.plus\/de\/architectural-theory\/\" \/>\n<meta property=\"og:locale\" content=\"de_DE\" \/>\n<meta property=\"og:type\" content=\"article\" \/>\n<meta property=\"og:title\" content=\"Architectural theory - Justus Pfeifer - design, illustration and hitshitshits\" \/>\n<meta property=\"og:description\" content=\"Digital and analog Illustration for the institute of architectural theory at university of hanover. Website and poster design\" \/>\n<meta property=\"og:url\" content=\"https:\/\/www.justus.plus\/de\/architectural-theory\/\" \/>\n<meta property=\"og:site_name\" content=\"Justus Pfeifer -- design, illustration and hitshitshits\" \/>\n<meta property=\"article:modified_time\" content=\"2025-02-18T14:00:24+00:00\" \/>\n<meta property=\"og:image\" content=\"https:\/\/www.justus.plus\/wp-content\/uploads\/2023\/11\/sketch-47.png\" \/>\n\t<meta property=\"og:image:width\" content=\"2587\" \/>\n\t<meta property=\"og:image:height\" content=\"3287\" \/>\n\t<meta property=\"og:image:type\" content=\"image\/png\" \/>\n<meta name=\"twitter:card\" content=\"summary_large_image\" \/>\n<meta name=\"twitter:label1\" content=\"Gesch\u00e4tzte Lesezeit\" \/>\n\t<meta name=\"twitter:data1\" content=\"1\u00a0Minute\" \/>\n<script type=\"application\/ld+json\" class=\"yoast-schema-graph\">{\"@context\":\"https:\/\/schema.org\",\"@graph\":[{\"@type\":\"WebPage\",\"@id\":\"https:\/\/www.justus.plus\/architectural-theory\/\",\"url\":\"https:\/\/www.justus.plus\/architectural-theory\/\",\"name\":\"Architectural theory - Justus Pfeifer - design, illustration and hitshitshits\",\"isPartOf\":{\"@id\":\"https:\/\/www.justus.plus\/#website\"},\"primaryImageOfPage\":{\"@id\":\"https:\/\/www.justus.plus\/architectural-theory\/#primaryimage\"},\"image\":{\"@id\":\"https:\/\/www.justus.plus\/architectural-theory\/#primaryimage\"},\"thumbnailUrl\":\"https:\/\/www.justus.plus\/wp-content\/uploads\/2023\/11\/sketch-47.png\",\"datePublished\":\"2025-01-16T16:32:43+00:00\",\"dateModified\":\"2025-02-18T14:00:24+00:00\",\"description\":\"Digital and analog Illustration for the institute of architectural theory at university of hanover. Website and poster design\",\"breadcrumb\":{\"@id\":\"https:\/\/www.justus.plus\/architectural-theory\/#breadcrumb\"},\"inLanguage\":\"de\",\"potentialAction\":[{\"@type\":\"ReadAction\",\"target\":[\"https:\/\/www.justus.plus\/architectural-theory\/\"]}]},{\"@type\":\"ImageObject\",\"inLanguage\":\"de\",\"@id\":\"https:\/\/www.justus.plus\/architectural-theory\/#primaryimage\",\"url\":\"https:\/\/www.justus.plus\/wp-content\/uploads\/2023\/11\/sketch-47.png\",\"contentUrl\":\"https:\/\/www.justus.plus\/wp-content\/uploads\/2023\/11\/sketch-47.png\",\"width\":2587,\"height\":3287,\"caption\":\"The base was the arch of a window in the old castle that now hosts the university. Mulitplied, layered and connected. Like it is with the use of buildings. This was a draft, not used for printing and not used for printing and therefore not used on the website.\"},{\"@type\":\"BreadcrumbList\",\"@id\":\"https:\/\/www.justus.plus\/architectural-theory\/#breadcrumb\",\"itemListElement\":[{\"@type\":\"ListItem\",\"position\":1,\"name\":\"Home\",\"item\":\"https:\/\/www.justus.plus\/\"},{\"@type\":\"ListItem\",\"position\":2,\"name\":\"Architectural theory\"}]},{\"@type\":\"WebSite\",\"@id\":\"https:\/\/www.justus.plus\/#website\",\"url\":\"https:\/\/www.justus.plus\/\",\"name\":\"Justus Pfeifer -- design and hitshitshits\",\"description\":\"\",\"potentialAction\":[{\"@type\":\"SearchAction\",\"target\":{\"@type\":\"EntryPoint\",\"urlTemplate\":\"https:\/\/www.justus.plus\/?s={search_term_string}\"},\"query-input\":{\"@type\":\"PropertyValueSpecification\",\"valueRequired\":true,\"valueName\":\"search_term_string\"}}],\"inLanguage\":\"de\"}]}<\/script>\n<!-- \/ Yoast SEO plugin. -->","yoast_head_json":{"title":"Architectural theory - Justus Pfeifer - design, illustration and hitshitshits","description":"Digital and analog Illustration for the institute of architectural theory at university of hanover. Website and poster design","robots":{"index":"index","follow":"follow","max-snippet":"max-snippet:-1","max-image-preview":"max-image-preview:large","max-video-preview":"max-video-preview:-1"},"canonical":"https:\/\/www.justus.plus\/de\/architectural-theory\/","og_locale":"de_DE","og_type":"article","og_title":"Architectural theory - Justus Pfeifer - design, illustration and hitshitshits","og_description":"Digital and analog Illustration for the institute of architectural theory at university of hanover. Website and poster design","og_url":"https:\/\/www.justus.plus\/de\/architectural-theory\/","og_site_name":"Justus Pfeifer -- design, illustration and hitshitshits","article_modified_time":"2025-02-18T14:00:24+00:00","og_image":[{"url":"https:\/\/www.justus.plus\/wp-content\/uploads\/2023\/11\/sketch-47.png","width":2587,"height":3287,"type":"image\/png"}],"twitter_card":"summary_large_image","twitter_misc":{"Gesch\u00e4tzte Lesezeit":"1\u00a0Minute"},"schema":{"@context":"https:\/\/schema.org","@graph":[{"@type":"WebPage","@id":"https:\/\/www.justus.plus\/architectural-theory\/","url":"https:\/\/www.justus.plus\/architectural-theory\/","name":"Architectural theory - Justus Pfeifer - design, illustration and hitshitshits","isPartOf":{"@id":"https:\/\/www.justus.plus\/#website"},"primaryImageOfPage":{"@id":"https:\/\/www.justus.plus\/architectural-theory\/#primaryimage"},"image":{"@id":"https:\/\/www.justus.plus\/architectural-theory\/#primaryimage"},"thumbnailUrl":"https:\/\/www.justus.plus\/wp-content\/uploads\/2023\/11\/sketch-47.png","datePublished":"2025-01-16T16:32:43+00:00","dateModified":"2025-02-18T14:00:24+00:00","description":"Digital and analog Illustration for the institute of architectural theory at university of hanover. Website and poster design","breadcrumb":{"@id":"https:\/\/www.justus.plus\/architectural-theory\/#breadcrumb"},"inLanguage":"de","potentialAction":[{"@type":"ReadAction","target":["https:\/\/www.justus.plus\/architectural-theory\/"]}]},{"@type":"ImageObject","inLanguage":"de","@id":"https:\/\/www.justus.plus\/architectural-theory\/#primaryimage","url":"https:\/\/www.justus.plus\/wp-content\/uploads\/2023\/11\/sketch-47.png","contentUrl":"https:\/\/www.justus.plus\/wp-content\/uploads\/2023\/11\/sketch-47.png","width":2587,"height":3287,"caption":"The base was the arch of a window in the old castle that now hosts the university. Mulitplied, layered and connected. Like it is with the use of buildings. This was a draft, not used for printing and not used for printing and therefore not used on the website."},{"@type":"BreadcrumbList","@id":"https:\/\/www.justus.plus\/architectural-theory\/#breadcrumb","itemListElement":[{"@type":"ListItem","position":1,"name":"Home","item":"https:\/\/www.justus.plus\/"},{"@type":"ListItem","position":2,"name":"Architectural theory"}]},{"@type":"WebSite","@id":"https:\/\/www.justus.plus\/#website","url":"https:\/\/www.justus.plus\/","name":"Justus Pfeifer -- design and hitshitshits","description":"","potentialAction":[{"@type":"SearchAction","target":{"@type":"EntryPoint","urlTemplate":"https:\/\/www.justus.plus\/?s={search_term_string}"},"query-input":{"@type":"PropertyValueSpecification","valueRequired":true,"valueName":"search_term_string"}}],"inLanguage":"de"}]}},"uagb_featured_image_src":{"full":["https:\/\/www.justus.plus\/wp-content\/uploads\/2023\/11\/sketch-47.png",2587,3287,false],"thumbnail":["https:\/\/www.justus.plus\/wp-content\/uploads\/2023\/11\/sketch-47.png",76,96,false],"medium":["https:\/\/www.justus.plus\/wp-content\/uploads\/2023\/11\/sketch-47-118x150.png",118,150,true],"medium_large":["https:\/\/www.justus.plus\/wp-content\/uploads\/2023\/11\/sketch-47-768x976.png",768,976,true],"large":["https:\/\/www.justus.plus\/wp-content\/uploads\/2023\/11\/sketch-47.png",2587,3287,false],"1536x1536":["https:\/\/www.justus.plus\/wp-content\/uploads\/2023\/11\/sketch-47-1209x1536.png",1209,1536,true],"2048x2048":["https:\/\/www.justus.plus\/wp-content\/uploads\/2023\/11\/sketch-47-1612x2048.png",1612,2048,true],"trp-custom-language-flag":["https:\/\/www.justus.plus\/wp-content\/uploads\/2023\/11\/sketch-47.png",9,12,false]},"uagb_author_info":{"display_name":"Uranol","author_link":"https:\/\/www.justus.plus\/de\/author\/uranol\/"},"uagb_comment_info":0,"uagb_excerpt":null,"_links":{"self":[{"href":"https:\/\/www.justus.plus\/de\/wp-json\/wp\/v2\/pages\/1245","targetHints":{"allow":["GET"]}}],"collection":[{"href":"https:\/\/www.justus.plus\/de\/wp-json\/wp\/v2\/pages"}],"about":[{"href":"https:\/\/www.justus.plus\/de\/wp-json\/wp\/v2\/types\/page"}],"author":[{"embeddable":true,"href":"https:\/\/www.justus.plus\/de\/wp-json\/wp\/v2\/users\/1"}],"replies":[{"embeddable":true,"href":"https:\/\/www.justus.plus\/de\/wp-json\/wp\/v2\/comments?post=1245"}],"version-history":[{"count":11,"href":"https:\/\/www.justus.plus\/de\/wp-json\/wp\/v2\/pages\/1245\/revisions"}],"predecessor-version":[{"id":1475,"href":"https:\/\/www.justus.plus\/de\/wp-json\/wp\/v2\/pages\/1245\/revisions\/1475"}],"wp:featuredmedia":[{"embeddable":true,"href":"https:\/\/www.justus.plus\/de\/wp-json\/wp\/v2\/media\/510"}],"wp:attachment":[{"href":"https:\/\/www.justus.plus\/de\/wp-json\/wp\/v2\/media?parent=1245"}],"wp:term":[{"taxonomy":"category","embeddable":true,"href":"https:\/\/www.justus.plus\/de\/wp-json\/wp\/v2\/categories?post=1245"},{"taxonomy":"post_tag","embeddable":true,"href":"https:\/\/www.justus.plus\/de\/wp-json\/wp\/v2\/tags?post=1245"}],"curies":[{"name":"wp","href":"https:\/\/api.w.org\/{rel}","templated":true}]}}