{"id":1193,"date":"2025-01-16T15:33:00","date_gmt":"2025-01-16T15:33:00","guid":{"rendered":"https:\/\/www.justus.plus\/?page_id=1193"},"modified":"2026-02-19T14:21:28","modified_gmt":"2026-02-19T14:21:28","slug":"illustration-2","status":"publish","type":"page","link":"https:\/\/www.justus.plus\/de\/illustration-2\/","title":{"rendered":"Illustration"},"content":{"rendered":"<div class=\"wp-block-columns is-layout-flex wp-container-core-columns-is-layout-ee72f570 wp-block-columns-is-layout-flex\" style=\"padding-top:30vh;padding-bottom:5vh\">\n<div class=\"wp-block-column is-layout-flow wp-block-column-is-layout-flow\" style=\"padding-top:24px;flex-basis:33.33%\">\n<p class=\"has-martian-mono-font-family\" style=\"padding-top:0px;padding-right:8%;padding-bottom:40px;font-size:14px\">Geschichten mit Bildern erz\u00e4hlen. Bei Illustrationen geht es vor allem um die Frage: Welche Geschichten erz\u00e4hlen wir, warum und wie erz\u00e4hlen wir sie? Auf diese Weise k\u00f6nnen Illustrationen Interesse wecken, Interaktion f\u00f6rdern oder Teile der Geschichten erz\u00e4hlen, die sonst verloren gehen w\u00fcrden.<br><br>If you have an idea for a project. Just write to: <a href=\"mailto:work@justus.plus\">work@justus.plus<\/a> <\/p>\n<\/div>\n\n\n\n<div class=\"wp-block-column max-width is-layout-flow wp-block-column-is-layout-flow\" style=\"flex-basis:66%\">\n<h1 class=\"wp-block-heading h1\">Illustration<\/h1>\n<\/div>\n<\/div>\n\n\n\n\t\t\t<div class=\"display-post-types\">\n\n\t\t\t\t\t\t\t<style type=\"text\/css\">\n\t\t\t#dpt-wrapper-285 { --dpt-text-align: left;--dpt-image-crop: center;--dpt-border-radius: 0px;--dpt-small-grid-column: 33.33%;--dpt-large-grid-column: 33.333333333333%;--dpt-h-gutter: 10px;--dpt-v-gutter: 10px; }\t\t\t<\/style>\n\t\t\t<style type=\"text\/css\">#dpt-wrapper-285 { --dpt-title-font-style:normal;--dpt-title-font-weight:600;--dpt-title-line-height:1.5;--dpt-title-text-decoration:none;--dpt-title-text-transform:none;--dpt-excerpt-font-style:normal;--dpt-excerpt-font-weight:400;--dpt-excerpt-line-height:1.5;--dpt-excerpt-text-decoration:none;--dpt-excerpt-text-transform:none;--dpt-meta1-font-style:normal;--dpt-meta1-font-weight:400;--dpt-meta1-line-height:1.9;--dpt-meta1-text-decoration:none;--dpt-meta1-text-transform:none;--dpt-meta2-font-style:normal;--dpt-meta2-font-weight:400;--dpt-meta2-line-height:1.9;--dpt-meta2-text-decoration:none;--dpt-meta2-text-transform:none; }<\/style>\t\t\t\n\t\t\t\t<div id=\"dpt-wrapper-285\" class=\"dpt-wrapper dpt-grid1 zoom-image multi-col dpt-mason-wrap\" >\n\n\t\t\t\t\t\t\t\t\t\t\t<div class=\"dpt-entry has-thumbnail\" data-title=\"radikal nachtigall\" data-id=\"1938\"  data-category=\"illustration\">\n\t\t\t\t\t\t\t<div class=\"dpt-entry-wrapper\"><div class=\"dpt-featured-content\"><div class=\"dpt-permalink\"><a href=\"https:\/\/www.justus.plus\/de\/radikal-nachtigal\/\" class=\"dpt-permalink\"><span class=\"screen-reader-text\">Radikal Nachtigall<\/span><\/a><\/div><div class=\"dpt-thumbnail\"><div class=\"dpt-thumbnail-inner\"><img width=\"1500\" height=\"1125\" class=\"attachment-full size-full\" alt=\"a lilac song book with tiny bird illustrations\" context=\"dpt\" data-dpt-src=\"https:\/\/www.justus.plus\/wp-content\/uploads\/2025\/10\/radika-nachtigall-buch19.jpg\" data-dpt-sizes=\"(max-width: 1500px) 100vw, 1500px\" data-dpt-srcset=\"https:\/\/www.justus.plus\/wp-content\/uploads\/2025\/10\/radika-nachtigall-buch19.jpg 1500w, https:\/\/www.justus.plus\/wp-content\/uploads\/2025\/10\/radika-nachtigall-buch19-150x113.jpg 150w, https:\/\/www.justus.plus\/wp-content\/uploads\/2025\/10\/radika-nachtigall-buch19-768x576.jpg 768w\" \/><\/div><span class=\"dpt-thumbnail-aspect-ratio\" style=\"padding-top: 75%\"><\/span><\/div><\/div><div class=\"sub-entry\"><h3 class=\"dpt-title\"><a class=\"dpt-title-link\" href=\"https:\/\/www.justus.plus\/de\/radikal-nachtigal\/\" rel=\"bookmark\">Radikal Nachtigall<\/a><\/h3><\/div><\/div>\n\t\t\t\t\t\t<\/div><!-- .dpt-entry -->\n\t\t\t\t\t\t\t\t\t\t\t\t<div class=\"dpt-entry has-thumbnail\" data-title=\"character cards\" data-id=\"1903\"  data-category=\"illustration\">\n\t\t\t\t\t\t\t<div class=\"dpt-entry-wrapper\"><div class=\"dpt-featured-content\"><div class=\"dpt-permalink\"><a href=\"https:\/\/www.justus.plus\/de\/character-cards\/\" class=\"dpt-permalink\"><span class=\"screen-reader-text\">Charakterkarten<\/span><\/a><\/div><div class=\"dpt-thumbnail\"><div class=\"dpt-thumbnail-inner\"><img width=\"2560\" height=\"1920\" class=\"attachment-full size-full\" alt=\"three playing cards with people\" context=\"dpt\" data-dpt-src=\"https:\/\/www.justus.plus\/wp-content\/uploads\/2025\/10\/tripple-mockup-scaled.jpg\" data-dpt-sizes=\"(max-width: 2560px) 100vw, 2560px\" data-dpt-srcset=\"https:\/\/www.justus.plus\/wp-content\/uploads\/2025\/10\/tripple-mockup-scaled.jpg 2560w, https:\/\/www.justus.plus\/wp-content\/uploads\/2025\/10\/tripple-mockup-150x113.jpg 150w, https:\/\/www.justus.plus\/wp-content\/uploads\/2025\/10\/tripple-mockup-768x576.jpg 768w, https:\/\/www.justus.plus\/wp-content\/uploads\/2025\/10\/tripple-mockup-1536x1152.jpg 1536w, https:\/\/www.justus.plus\/wp-content\/uploads\/2025\/10\/tripple-mockup-2048x1536.jpg 2048w\" \/><\/div><span class=\"dpt-thumbnail-aspect-ratio\" style=\"padding-top: 75%\"><\/span><\/div><\/div><div class=\"sub-entry\"><h3 class=\"dpt-title\"><a class=\"dpt-title-link\" href=\"https:\/\/www.justus.plus\/de\/character-cards\/\" rel=\"bookmark\">Charakterkarten<\/a><\/h3><\/div><\/div>\n\t\t\t\t\t\t<\/div><!-- .dpt-entry -->\n\t\t\t\t\t\t\t\t\t\t\t\t<div class=\"dpt-entry has-thumbnail\" data-title=\"covers\" data-id=\"1897\"  data-category=\"illustration\">\n\t\t\t\t\t\t\t<div class=\"dpt-entry-wrapper\"><div class=\"dpt-featured-content\"><div class=\"dpt-permalink\"><a href=\"https:\/\/www.justus.plus\/de\/covers\/\" class=\"dpt-permalink\"><span class=\"screen-reader-text\">Cover<\/span><\/a><\/div><div class=\"dpt-thumbnail\"><div class=\"dpt-thumbnail-inner\"><img width=\"2560\" height=\"1920\" class=\"attachment-full size-full\" alt=\"A book cover showing a red linocut print illustration of the sea\" context=\"dpt\" data-dpt-src=\"https:\/\/www.justus.plus\/wp-content\/uploads\/2025\/10\/der-alte-mann-und-das-meer-scaled.jpg\" data-dpt-sizes=\"(max-width: 2560px) 100vw, 2560px\" data-dpt-srcset=\"https:\/\/www.justus.plus\/wp-content\/uploads\/2025\/10\/der-alte-mann-und-das-meer-scaled.jpg 2560w, https:\/\/www.justus.plus\/wp-content\/uploads\/2025\/10\/der-alte-mann-und-das-meer-150x113.jpg 150w, https:\/\/www.justus.plus\/wp-content\/uploads\/2025\/10\/der-alte-mann-und-das-meer-768x576.jpg 768w, https:\/\/www.justus.plus\/wp-content\/uploads\/2025\/10\/der-alte-mann-und-das-meer-1536x1152.jpg 1536w, https:\/\/www.justus.plus\/wp-content\/uploads\/2025\/10\/der-alte-mann-und-das-meer-2048x1536.jpg 2048w\" \/><\/div><span class=\"dpt-thumbnail-aspect-ratio\" style=\"padding-top: 75%\"><\/span><\/div><\/div><div class=\"sub-entry\"><h3 class=\"dpt-title\"><a class=\"dpt-title-link\" href=\"https:\/\/www.justus.plus\/de\/covers\/\" rel=\"bookmark\">Cover<\/a><\/h3><\/div><\/div>\n\t\t\t\t\t\t<\/div><!-- .dpt-entry -->\n\t\t\t\t\t\t\t\t\t\t\t\t<div class=\"dpt-entry has-thumbnail\" data-title=\"berlin schreyth!\" data-id=\"1887\"  data-category=\"illustration\">\n\t\t\t\t\t\t\t<div class=\"dpt-entry-wrapper\"><div class=\"dpt-featured-content\"><div class=\"dpt-permalink\"><a href=\"https:\/\/www.justus.plus\/de\/berlin-schreyth\/\" class=\"dpt-permalink\"><span class=\"screen-reader-text\">Berlin schreyth!<\/span><\/a><\/div><div class=\"dpt-thumbnail\"><div class=\"dpt-thumbnail-inner\"><img width=\"1500\" height=\"1060\" class=\"attachment-full size-full\" alt=\"vivid illustration of ghosts and a little knight\" context=\"dpt\" data-dpt-src=\"https:\/\/www.justus.plus\/wp-content\/uploads\/2025\/10\/geister.jpg\" data-dpt-sizes=\"(max-width: 1500px) 100vw, 1500px\" data-dpt-srcset=\"https:\/\/www.justus.plus\/wp-content\/uploads\/2025\/10\/geister.jpg 1500w, https:\/\/www.justus.plus\/wp-content\/uploads\/2025\/10\/geister-150x106.jpg 150w, https:\/\/www.justus.plus\/wp-content\/uploads\/2025\/10\/geister-768x543.jpg 768w\" \/><\/div><span class=\"dpt-thumbnail-aspect-ratio\" style=\"padding-top: 71%\"><\/span><\/div><\/div><div class=\"sub-entry\"><h3 class=\"dpt-title\"><a class=\"dpt-title-link\" href=\"https:\/\/www.justus.plus\/de\/berlin-schreyth\/\" rel=\"bookmark\">Berlin schreyth!<\/a><\/h3><\/div><\/div>\n\t\t\t\t\t\t<\/div><!-- .dpt-entry -->\n\t\t\t\t\t\t\t\t\t\t\t\t<div class=\"dpt-entry has-thumbnail\" data-title=\"architectural theory\" data-id=\"1245\"  data-category=\"illustration\">\n\t\t\t\t\t\t\t<div class=\"dpt-entry-wrapper\"><div class=\"dpt-featured-content\"><div class=\"dpt-permalink\"><a href=\"https:\/\/www.justus.plus\/de\/architectural-theory\/\" class=\"dpt-permalink\"><span class=\"screen-reader-text\">Architekturtheorie<\/span><\/a><\/div><div class=\"dpt-thumbnail\"><div class=\"dpt-thumbnail-inner\"><img width=\"2587\" height=\"3287\" class=\"attachment-full size-full\" alt=\"A complex abstract vector drawing consisting of fine lines and shapes\" context=\"dpt\" data-dpt-src=\"https:\/\/www.justus.plus\/wp-content\/uploads\/2023\/11\/sketch-47.png\" data-dpt-sizes=\"(max-width: 2587px) 100vw, 2587px\" data-dpt-srcset=\"https:\/\/www.justus.plus\/wp-content\/uploads\/2023\/11\/sketch-47.png 2587w, https:\/\/www.justus.plus\/wp-content\/uploads\/2023\/11\/sketch-47-118x150.png 118w, https:\/\/www.justus.plus\/wp-content\/uploads\/2023\/11\/sketch-47-768x976.png 768w, https:\/\/www.justus.plus\/wp-content\/uploads\/2023\/11\/sketch-47-1209x1536.png 1209w, https:\/\/www.justus.plus\/wp-content\/uploads\/2023\/11\/sketch-47-1612x2048.png 1612w, https:\/\/www.justus.plus\/wp-content\/uploads\/2023\/11\/sketch-47-1920x2440.png 1920w, https:\/\/www.justus.plus\/wp-content\/uploads\/2023\/11\/sketch-47-1280x1626.png 1280w, https:\/\/www.justus.plus\/wp-content\/uploads\/2023\/11\/sketch-47-1024x1301.png 1024w, https:\/\/www.justus.plus\/wp-content\/uploads\/2023\/11\/sketch-47-512x651.png 512w, https:\/\/www.justus.plus\/wp-content\/uploads\/2023\/11\/sketch-47-265x337.png 265w\" \/><\/div><span class=\"dpt-thumbnail-aspect-ratio\" style=\"padding-top: 127%\"><\/span><\/div><\/div><div class=\"sub-entry\"><h3 class=\"dpt-title\"><a class=\"dpt-title-link\" href=\"https:\/\/www.justus.plus\/de\/architectural-theory\/\" rel=\"bookmark\">Architekturtheorie<\/a><\/h3><\/div><\/div>\n\t\t\t\t\t\t<\/div><!-- .dpt-entry -->\n\t\t\t\t\t\t\t\t\t\t\t\t<div class=\"dpt-entry has-thumbnail\" data-title=\"cativism\" data-id=\"1214\"  data-category=\"illustration\">\n\t\t\t\t\t\t\t<div class=\"dpt-entry-wrapper\"><div class=\"dpt-featured-content\"><div class=\"dpt-permalink\"><a href=\"https:\/\/www.justus.plus\/de\/cativism\/\" class=\"dpt-permalink\"><span class=\"screen-reader-text\">Cativism<\/span><\/a><\/div><div class=\"dpt-thumbnail\"><div class=\"dpt-thumbnail-inner\"><img width=\"1281\" height=\"961\" class=\"attachment-full size-full\" alt=\"Some cat illustrated playing cards\" context=\"dpt\" data-dpt-src=\"https:\/\/www.justus.plus\/wp-content\/uploads\/2024\/01\/cativism_above.jpg\" data-dpt-sizes=\"(max-width: 1281px) 100vw, 1281px\" data-dpt-srcset=\"https:\/\/www.justus.plus\/wp-content\/uploads\/2024\/01\/cativism_above.jpg 1281w, https:\/\/www.justus.plus\/wp-content\/uploads\/2024\/01\/cativism_above-150x113.jpg 150w, https:\/\/www.justus.plus\/wp-content\/uploads\/2024\/01\/cativism_above-768x576.jpg 768w, https:\/\/www.justus.plus\/wp-content\/uploads\/2024\/01\/cativism_above-1024x768.jpg 1024w, https:\/\/www.justus.plus\/wp-content\/uploads\/2024\/01\/cativism_above-512x384.jpg 512w, https:\/\/www.justus.plus\/wp-content\/uploads\/2024\/01\/cativism_above-265x199.jpg 265w\" \/><\/div><span class=\"dpt-thumbnail-aspect-ratio\" style=\"padding-top: 75%\"><\/span><\/div><\/div><div class=\"sub-entry\"><h3 class=\"dpt-title\"><a class=\"dpt-title-link\" href=\"https:\/\/www.justus.plus\/de\/cativism\/\" rel=\"bookmark\">Cativism<\/a><\/h3><\/div><\/div>\n\t\t\t\t\t\t<\/div><!-- .dpt-entry -->\n\t\t\t\t\t\t\t\t\t\t\t\t<div class=\"dpt-entry has-thumbnail\" data-title=\"j*gast\" data-id=\"1195\"  data-category=\"illustration\">\n\t\t\t\t\t\t\t<div class=\"dpt-entry-wrapper\"><div class=\"dpt-featured-content\"><div class=\"dpt-permalink\"><a href=\"https:\/\/www.justus.plus\/de\/jgast\/\" class=\"dpt-permalink\"><span class=\"screen-reader-text\">J*GAST<\/span><\/a><\/div><div class=\"dpt-thumbnail\"><div class=\"dpt-thumbnail-inner\"><img width=\"1500\" height=\"1000\" class=\"attachment-full size-full\" alt=\"A booklet with an abstract illustration of a kitchen inside.\" context=\"dpt\" data-dpt-src=\"https:\/\/www.justus.plus\/wp-content\/uploads\/2025\/01\/j-gast-1.jpg\" data-dpt-sizes=\"(max-width: 1500px) 100vw, 1500px\" data-dpt-srcset=\"https:\/\/www.justus.plus\/wp-content\/uploads\/2025\/01\/j-gast-1.jpg 1500w, https:\/\/www.justus.plus\/wp-content\/uploads\/2025\/01\/j-gast-1-150x100.jpg 150w, https:\/\/www.justus.plus\/wp-content\/uploads\/2025\/01\/j-gast-1-768x512.jpg 768w\" \/><\/div><span class=\"dpt-thumbnail-aspect-ratio\" style=\"padding-top: 67%\"><\/span><\/div><\/div><div class=\"sub-entry\"><h3 class=\"dpt-title\"><a class=\"dpt-title-link\" href=\"https:\/\/www.justus.plus\/de\/jgast\/\" rel=\"bookmark\">J*GAST<\/a><\/h3><\/div><\/div>\n\t\t\t\t\t\t<\/div><!-- .dpt-entry -->\n\t\t\t\t\t\t\n\t\t\t\t<\/div>\n\t\t\t\t\t\t<\/div>\n\t\t\t\n\n\n<p><\/p>\n\n\n\n<div class=\"wp-block-columns is-layout-flex wp-container-core-columns-is-layout-e0494e22 wp-block-columns-is-layout-flex\" style=\"border-top-color:var(--wp--preset--color--white);border-top-width:1px;margin-top:56px;margin-bottom:56px;padding-top:24px;padding-bottom:24px\">\n<div class=\"wp-block-column is-layout-flow wp-block-column-is-layout-flow\" style=\"flex-basis:66.66%\">\n<h2 class=\"wp-block-heading\">Lust ein Projekt zu Starten? <br>Hast du eine Frage?<br>Ich freu mich von dir zu h\u00f6ren.<br>Schreibt mir einfach.<\/h2>\n<\/div>\n\n\n\n<div class=\"wp-block-column is-layout-flow wp-container-core-column-is-layout-1a0eff7f wp-block-column-is-layout-flow\" style=\"flex-basis:33.33%\">\n<div class=\"wp-block-buttons is-layout-flex wp-block-buttons-is-layout-flex\">\n<div class=\"wp-block-button\"><a class=\"wp-block-button__link has-cyan-bluish-gray-color has-white-background-color has-text-color has-background has-link-color wp-element-button\" href=\"mailto: work@justus.plus\" style=\"border-radius:0px\">Get in touch<\/a><\/div>\n<\/div>\n\n\n\n<p class=\"has-martian-mono-font-family\">Meine Muttersprache ist Deutsch und Englisch ist auch gut.<\/p>\n<\/div>\n<\/div>\n\n\n\n<p><\/p>","protected":false},"excerpt":{"rendered":"","protected":false},"author":1,"featured_media":0,"parent":0,"menu_order":0,"comment_status":"closed","ping_status":"closed","template":"","meta":{"_uag_custom_page_level_css":"","footnotes":""},"categories":[],"tags":[],"class_list":["post-1193","page","type-page","status-publish","hentry"],"yoast_head":"<!-- This site is optimized with the Yoast SEO plugin v27.0 - https:\/\/yoast.com\/product\/yoast-seo-wordpress\/ -->\n<title>Illustration - Justus Pfeifer - design, illustration and hitshitshits<\/title>\n<meta name=\"description\" content=\"Professional digital and analog design illustrations for customers. Graphic design, card game illustrations.\" \/>\n<meta name=\"robots\" content=\"index, follow, max-snippet:-1, max-image-preview:large, max-video-preview:-1\" \/>\n<link rel=\"canonical\" href=\"https:\/\/www.justus.plus\/de\/illustration-2\/\" \/>\n<meta property=\"og:locale\" content=\"de_DE\" \/>\n<meta property=\"og:type\" content=\"article\" \/>\n<meta property=\"og:title\" content=\"Illustration - Justus Pfeifer - design, illustration and hitshitshits\" \/>\n<meta property=\"og:description\" content=\"Professional digital and analog design illustrations for customers. Graphic design, card game illustrations.\" \/>\n<meta property=\"og:url\" content=\"https:\/\/www.justus.plus\/de\/illustration-2\/\" \/>\n<meta property=\"og:site_name\" content=\"Justus Pfeifer -- design, illustration and hitshitshits\" \/>\n<meta property=\"article:modified_time\" content=\"2026-02-19T14:21:28+00:00\" \/>\n<meta name=\"twitter:card\" content=\"summary_large_image\" \/>\n<meta name=\"twitter:label1\" content=\"Gesch\u00e4tzte Lesezeit\" \/>\n\t<meta name=\"twitter:data1\" content=\"1\u00a0Minute\" \/>\n<script type=\"application\/ld+json\" class=\"yoast-schema-graph\">{\"@context\":\"https:\/\/schema.org\",\"@graph\":[{\"@type\":\"WebPage\",\"@id\":\"https:\/\/www.justus.plus\/illustration-2\/\",\"url\":\"https:\/\/www.justus.plus\/illustration-2\/\",\"name\":\"Illustration - Justus Pfeifer - design, illustration and hitshitshits\",\"isPartOf\":{\"@id\":\"https:\/\/www.justus.plus\/#website\"},\"datePublished\":\"2025-01-16T15:33:00+00:00\",\"dateModified\":\"2026-02-19T14:21:28+00:00\",\"description\":\"Professional digital and analog design illustrations for customers. Graphic design, card game illustrations.\",\"breadcrumb\":{\"@id\":\"https:\/\/www.justus.plus\/illustration-2\/#breadcrumb\"},\"inLanguage\":\"de\",\"potentialAction\":[{\"@type\":\"ReadAction\",\"target\":[\"https:\/\/www.justus.plus\/illustration-2\/\"]}]},{\"@type\":\"BreadcrumbList\",\"@id\":\"https:\/\/www.justus.plus\/illustration-2\/#breadcrumb\",\"itemListElement\":[{\"@type\":\"ListItem\",\"position\":1,\"name\":\"Home\",\"item\":\"https:\/\/www.justus.plus\/\"},{\"@type\":\"ListItem\",\"position\":2,\"name\":\"Illustration\"}]},{\"@type\":\"WebSite\",\"@id\":\"https:\/\/www.justus.plus\/#website\",\"url\":\"https:\/\/www.justus.plus\/\",\"name\":\"Justus Pfeifer -- design and hitshitshits\",\"description\":\"\",\"potentialAction\":[{\"@type\":\"SearchAction\",\"target\":{\"@type\":\"EntryPoint\",\"urlTemplate\":\"https:\/\/www.justus.plus\/?s={search_term_string}\"},\"query-input\":{\"@type\":\"PropertyValueSpecification\",\"valueRequired\":true,\"valueName\":\"search_term_string\"}}],\"inLanguage\":\"de\"}]}<\/script>\n<!-- \/ Yoast SEO plugin. -->","yoast_head_json":{"title":"Illustration - Justus Pfeifer - design, illustration and hitshitshits","description":"Professional digital and analog design illustrations for customers. Graphic design, card game illustrations.","robots":{"index":"index","follow":"follow","max-snippet":"max-snippet:-1","max-image-preview":"max-image-preview:large","max-video-preview":"max-video-preview:-1"},"canonical":"https:\/\/www.justus.plus\/de\/illustration-2\/","og_locale":"de_DE","og_type":"article","og_title":"Illustration - Justus Pfeifer - design, illustration and hitshitshits","og_description":"Professional digital and analog design illustrations for customers. Graphic design, card game illustrations.","og_url":"https:\/\/www.justus.plus\/de\/illustration-2\/","og_site_name":"Justus Pfeifer -- design, illustration and hitshitshits","article_modified_time":"2026-02-19T14:21:28+00:00","twitter_card":"summary_large_image","twitter_misc":{"Gesch\u00e4tzte Lesezeit":"1\u00a0Minute"},"schema":{"@context":"https:\/\/schema.org","@graph":[{"@type":"WebPage","@id":"https:\/\/www.justus.plus\/illustration-2\/","url":"https:\/\/www.justus.plus\/illustration-2\/","name":"Illustration - Justus Pfeifer - design, illustration and hitshitshits","isPartOf":{"@id":"https:\/\/www.justus.plus\/#website"},"datePublished":"2025-01-16T15:33:00+00:00","dateModified":"2026-02-19T14:21:28+00:00","description":"Professional digital and analog design illustrations for customers. Graphic design, card game illustrations.","breadcrumb":{"@id":"https:\/\/www.justus.plus\/illustration-2\/#breadcrumb"},"inLanguage":"de","potentialAction":[{"@type":"ReadAction","target":["https:\/\/www.justus.plus\/illustration-2\/"]}]},{"@type":"BreadcrumbList","@id":"https:\/\/www.justus.plus\/illustration-2\/#breadcrumb","itemListElement":[{"@type":"ListItem","position":1,"name":"Home","item":"https:\/\/www.justus.plus\/"},{"@type":"ListItem","position":2,"name":"Illustration"}]},{"@type":"WebSite","@id":"https:\/\/www.justus.plus\/#website","url":"https:\/\/www.justus.plus\/","name":"Justus Pfeifer -- design and hitshitshits","description":"","potentialAction":[{"@type":"SearchAction","target":{"@type":"EntryPoint","urlTemplate":"https:\/\/www.justus.plus\/?s={search_term_string}"},"query-input":{"@type":"PropertyValueSpecification","valueRequired":true,"valueName":"search_term_string"}}],"inLanguage":"de"}]}},"uagb_featured_image_src":{"full":false,"thumbnail":false,"medium":false,"medium_large":false,"large":false,"1536x1536":false,"2048x2048":false,"trp-custom-language-flag":false},"uagb_author_info":{"display_name":"Uranol","author_link":"https:\/\/www.justus.plus\/de\/author\/uranol\/"},"uagb_comment_info":0,"uagb_excerpt":null,"_links":{"self":[{"href":"https:\/\/www.justus.plus\/de\/wp-json\/wp\/v2\/pages\/1193","targetHints":{"allow":["GET"]}}],"collection":[{"href":"https:\/\/www.justus.plus\/de\/wp-json\/wp\/v2\/pages"}],"about":[{"href":"https:\/\/www.justus.plus\/de\/wp-json\/wp\/v2\/types\/page"}],"author":[{"embeddable":true,"href":"https:\/\/www.justus.plus\/de\/wp-json\/wp\/v2\/users\/1"}],"replies":[{"embeddable":true,"href":"https:\/\/www.justus.plus\/de\/wp-json\/wp\/v2\/comments?post=1193"}],"version-history":[{"count":31,"href":"https:\/\/www.justus.plus\/de\/wp-json\/wp\/v2\/pages\/1193\/revisions"}],"predecessor-version":[{"id":2054,"href":"https:\/\/www.justus.plus\/de\/wp-json\/wp\/v2\/pages\/1193\/revisions\/2054"}],"wp:attachment":[{"href":"https:\/\/www.justus.plus\/de\/wp-json\/wp\/v2\/media?parent=1193"}],"wp:term":[{"taxonomy":"category","embeddable":true,"href":"https:\/\/www.justus.plus\/de\/wp-json\/wp\/v2\/categories?post=1193"},{"taxonomy":"post_tag","embeddable":true,"href":"https:\/\/www.justus.plus\/de\/wp-json\/wp\/v2\/tags?post=1193"}],"curies":[{"name":"wp","href":"https:\/\/api.w.org\/{rel}","templated":true}]}}